{"id":9291,"date":"2023-04-06T14:34:03","date_gmt":"2023-04-06T12:34:03","guid":{"rendered":"https:\/\/huehoco-gmbh.pixel-tal.de\/legale\/impronta\/"},"modified":"2025-12-03T10:29:13","modified_gmt":"2025-12-03T09:29:13","slug":"impronta","status":"publish","type":"page","link":"https:\/\/huehoco.com\/it\/legale\/impronta\/","title":{"rendered":"Impronta"},"content":{"rendered":"<section class=\"gb-container gb-container-7f827b1e gb-container-section-white\">\n<div class=\"gb-container gb-container-2e17292b\">\n<div class=\"gb-grid-wrapper gb-grid-wrapper-1edc144c\">\n<div class=\"gb-grid-column gb-grid-column-6b4b95ad\"><div class=\"gb-container gb-container-6b4b95ad\">\n\n<div class=\"wp-block-pixel-headline headlines is-subheadline-bottom has-text-align-left\"><h1 class=\"headline\" style=\"color:\">Impronta<\/h1><\/div>\n\n<\/div><\/div>\n\n<div class=\"gb-grid-column gb-grid-column-ceb59ac7\"><div class=\"gb-container gb-container-ceb59ac7\">\n\n<p>HUEHOCO GmbH<br>M\u00f6ddinghofe 31<br>42279 Wuppertal<\/p>\n\n\n\n<p><strong>Amministratore delegato:<\/strong><br>Marco Balzer<br>Dr. Boris Kasper<br>Michael Frank\u00a0<\/p>\n\n\n\n<p><strong>Registro commerciale<\/strong>:<br>Tribunale di Wuppertal<br>HRB 16823<\/p>\n\n\n\n<div class=\"wp-block-pixel-headline headlines is-subheadline-bottom has-text-align-left is-gap-xs\"><h5 class=\"headline\" style=\"color:\">Contatto<\/h5><\/div>\n\n\n\n<p>Telefono: <a href=\"tel:490202647780\">+49 (0) 202 64778-0<\/a><br>Fax: +49 (0) 202 64778-69<br>E-mail: <a href=\"mailto:info@huehoco.de\">info@huehoco.de<\/a><\/p>\n\n\n\n<div class=\"wp-block-pixel-headline headlines is-subheadline-bottom has-text-align-left is-gap-xs\"><h5 class=\"headline\" style=\"color:\">ID IVA<\/h5><\/div>\n\n\n\n<p>Numero di identificazione dell&#8217;imposta sulle vendite:<br>DE236855166<\/p>\n\n\n\n<div class=\"wp-block-pixel-headline headlines is-subheadline-bottom has-text-align-left is-gap-xs\"><h5 class=\"headline\" style=\"color:\">Realizzazione<\/h5><\/div>\n\n\n\n<p>L&#8217;ideazione, la progettazione e la realizzazione di questo sito web sono state curate da:<br><a rel=\"noreferrer noopener\" href=\"https:\/\/pixelproduction.de\/\" target=\"_blank\">PixelProduction, agenzia di comunicazione concettuale a Wuppertal<\/a>.<\/p>\n\n<\/div><\/div>\n\n<div class=\"gb-grid-column gb-grid-column-fe327f40\"><div class=\"gb-container gb-container-fe327f40\">\n\n<div class=\"wp-block-pixel-headline headlines is-subheadline-bottom has-text-align-left is-gap-xs\"><h5 class=\"headline\" style=\"color:\">Risoluzione delle controversie<\/h5><\/div>\n\n\n\n<p>Non siamo disposti o obbligati a partecipare a procedure di risoluzione delle controversie davanti a un collegio arbitrale dei consumatori.<\/p>\n\n\n\n<div class=\"wp-block-pixel-headline headlines is-subheadline-bottom has-text-align-left is-gap-xs\"><h5 class=\"headline\" style=\"color:\">Responsabilit\u00e0 per i contenuti<\/h5><\/div>\n\n\n\n<p>In qualit\u00e0 di fornitore di servizi, siamo obbligati, ai sensi del \u00a7 7 par. 1 DDG \u00e8 responsabile dei propri contenuti su queste pagine in conformit\u00e0 alle leggi generali. Ai sensi dei \u00a7\u00a7 8-10 DDG, tuttavia, non siamo obbligati, in qualit\u00e0 di fornitore di servizi, a monitorare le informazioni trasmesse o memorizzate da terzi o a indagare su circostanze che indicano un&#8217;attivit\u00e0 illegale. L&#8217;obbligo di rimuovere o bloccare l&#8217;uso delle informazioni in conformit\u00e0 alle leggi generali rimane inalterato. Tuttavia, la responsabilit\u00e0 in questo senso \u00e8 possibile solo a partire dal momento in cui si viene a conoscenza di una violazione concreta. Se veniamo a conoscenza di tali violazioni, rimuoveremo immediatamente i contenuti.<\/p>\n\n\n\n<div class=\"wp-block-pixel-headline headlines is-subheadline-bottom has-text-align-left is-gap-xs\"><h5 class=\"headline\" style=\"color:\">Responsabilit\u00e0 per i link<\/h5><\/div>\n\n\n\n<p>La nostra offerta contiene link a siti web esterni di terzi, sui cui contenuti non abbiamo alcuna influenza. Pertanto, non possiamo assumerci alcuna responsabilit\u00e0 per questi contenuti esterni. Il rispettivo fornitore o gestore delle pagine \u00e8 sempre responsabile del contenuto delle pagine collegate. Le pagine collegate sono state controllate per verificare eventuali violazioni legali al momento del collegamento. I contenuti illegali non erano riconoscibili al momento del collegamento.<br>Tuttavia, un controllo permanente dei contenuti delle pagine collegate non \u00e8 ragionevole senza indicazioni concrete di una violazione della legge. Se veniamo a conoscenza di eventuali violazioni della legge, rimuoveremo immediatamente tali link.<\/p>\n\n\n\n<div class=\"wp-block-pixel-headline headlines is-subheadline-bottom has-text-align-left is-gap-xs\"><h5 class=\"headline\" style=\"color:\">Copyright<\/h5><\/div>\n\n\n\n<p>I contenuti e le opere create dagli operatori del sito su queste pagine sono soggetti alla legge tedesca sul diritto d&#8217;autore. La riproduzione, la modifica, la distribuzione e qualsiasi tipo di utilizzo al di fuori dei limiti della legge sul copyright richiedono il consenso scritto del rispettivo autore o creatore. Sono consentiti download e copie di questa pagina solo per uso privato e non commerciale.<br>Nella misura in cui i contenuti di questa pagina non sono stati creati dal gestore, si rispettano i diritti d&#8217;autore di terzi. In particolare, i contenuti di terzi sono identificati come tali. Se tuttavia doveste venire a conoscenza di una violazione del copyright, vi preghiamo di informarci di conseguenza. Se veniamo a conoscenza di eventuali violazioni, rimuoveremo immediatamente tali contenuti.<\/p>\n\n<\/div><\/div>\n<\/div>\n<\/div>\n<\/section>","protected":false},"excerpt":{"rendered":"","protected":false},"author":1,"featured_media":0,"parent":9081,"menu_order":1,"comment_status":"closed","ping_status":"closed","template":"","meta":{"_acf_changed":false,"footnotes":""},"class_list":["post-9291","page","type-page","status-publish"],"acf":[],"yoast_head":"<!-- This site is optimized with the Yoast SEO plugin v27.2 - https:\/\/yoast.com\/product\/yoast-seo-wordpress\/ -->\n<title>Marchio della HUEHOCO GmbH<\/title>\n<meta name=\"description\" content=\"Per saperne di pi\u00f9 sulle informazioni legali e responsabili, consultate il nostro sito web.\" \/>\n<meta name=\"robots\" content=\"index, follow, max-snippet:-1, max-image-preview:large, max-video-preview:-1\" \/>\n<link rel=\"canonical\" href=\"https:\/\/huehoco.com\/it\/legale\/impronta\/\" \/>\n<meta property=\"og:locale\" content=\"it_IT\" \/>\n<meta property=\"og:type\" content=\"article\" \/>\n<meta property=\"og:title\" content=\"Marchio della HUEHOCO GmbH\" \/>\n<meta property=\"og:description\" content=\"Per saperne di pi\u00f9 sulle informazioni legali e responsabili, consultate il nostro sito web.\" \/>\n<meta property=\"og:url\" content=\"https:\/\/huehoco.com\/it\/legale\/impronta\/\" \/>\n<meta property=\"og:site_name\" content=\"HUEHOCO GmbH\" \/>\n<meta property=\"article:modified_time\" content=\"2025-12-03T09:29:13+00:00\" \/>\n<meta name=\"twitter:card\" content=\"summary_large_image\" \/>\n<meta name=\"twitter:label1\" content=\"Tempo di lettura stimato\" \/>\n\t<meta name=\"twitter:data1\" content=\"3 minuti\" \/>\n<script type=\"application\/ld+json\" class=\"yoast-schema-graph\">{\"@context\":\"https:\/\/schema.org\",\"@graph\":[{\"@type\":\"WebPage\",\"@id\":\"https:\/\/huehoco.com\/it\/legale\/impronta\/\",\"url\":\"https:\/\/huehoco.com\/it\/legale\/impronta\/\",\"name\":\"Marchio della HUEHOCO GmbH\",\"isPartOf\":{\"@id\":\"https:\/\/huehoco.com\/it\/#website\"},\"datePublished\":\"2023-04-06T12:34:03+00:00\",\"dateModified\":\"2025-12-03T09:29:13+00:00\",\"description\":\"Per saperne di pi\u00f9 sulle informazioni legali e responsabili, consultate il nostro sito web.\",\"breadcrumb\":{\"@id\":\"https:\/\/huehoco.com\/it\/legale\/impronta\/#breadcrumb\"},\"inLanguage\":\"it-IT\",\"potentialAction\":[{\"@type\":\"ReadAction\",\"target\":[\"https:\/\/huehoco.com\/it\/legale\/impronta\/\"]}]},{\"@type\":\"BreadcrumbList\",\"@id\":\"https:\/\/huehoco.com\/it\/legale\/impronta\/#breadcrumb\",\"itemListElement\":[{\"@type\":\"ListItem\",\"position\":1,\"name\":\"Startseite\",\"item\":\"https:\/\/huehoco.com\/it\/\"},{\"@type\":\"ListItem\",\"position\":2,\"name\":\"Legale\",\"item\":\"https:\/\/huehoco.com\/it\/rechtliches\/\"},{\"@type\":\"ListItem\",\"position\":3,\"name\":\"Impronta\"}]},{\"@type\":\"WebSite\",\"@id\":\"https:\/\/huehoco.com\/it\/#website\",\"url\":\"https:\/\/huehoco.com\/it\/\",\"name\":\"HUEHOCO GmbH\",\"description\":\"\",\"publisher\":{\"@id\":\"https:\/\/huehoco.com\/it\/#organization\"},\"potentialAction\":[{\"@type\":\"SearchAction\",\"target\":{\"@type\":\"EntryPoint\",\"urlTemplate\":\"https:\/\/huehoco.com\/it\/?s={search_term_string}\"},\"query-input\":{\"@type\":\"PropertyValueSpecification\",\"valueRequired\":true,\"valueName\":\"search_term_string\"}}],\"inLanguage\":\"it-IT\"},{\"@type\":\"Organization\",\"@id\":\"https:\/\/huehoco.com\/it\/#organization\",\"name\":\"HUEHOCO GmbH\",\"url\":\"https:\/\/huehoco.com\/it\/\",\"logo\":{\"@type\":\"ImageObject\",\"inLanguage\":\"it-IT\",\"@id\":\"https:\/\/huehoco.com\/it\/#\/schema\/logo\/image\/\",\"url\":\"https:\/\/huehoco.com\/wp-content\/uploads\/huehoho-group.png\",\"contentUrl\":\"https:\/\/huehoco.com\/wp-content\/uploads\/huehoho-group.png\",\"width\":1232,\"height\":285,\"caption\":\"HUEHOCO GmbH\"},\"image\":{\"@id\":\"https:\/\/huehoco.com\/it\/#\/schema\/logo\/image\/\"}}]}<\/script>\n<!-- \/ Yoast SEO plugin. -->","yoast_head_json":{"title":"Marchio della HUEHOCO GmbH","description":"Per saperne di pi\u00f9 sulle informazioni legali e responsabili, consultate il nostro sito web.","robots":{"index":"index","follow":"follow","max-snippet":"max-snippet:-1","max-image-preview":"max-image-preview:large","max-video-preview":"max-video-preview:-1"},"canonical":"https:\/\/huehoco.com\/it\/legale\/impronta\/","og_locale":"it_IT","og_type":"article","og_title":"Marchio della HUEHOCO GmbH","og_description":"Per saperne di pi\u00f9 sulle informazioni legali e responsabili, consultate il nostro sito web.","og_url":"https:\/\/huehoco.com\/it\/legale\/impronta\/","og_site_name":"HUEHOCO GmbH","article_modified_time":"2025-12-03T09:29:13+00:00","twitter_card":"summary_large_image","twitter_misc":{"Tempo di lettura stimato":"3 minuti"},"schema":{"@context":"https:\/\/schema.org","@graph":[{"@type":"WebPage","@id":"https:\/\/huehoco.com\/it\/legale\/impronta\/","url":"https:\/\/huehoco.com\/it\/legale\/impronta\/","name":"Marchio della HUEHOCO GmbH","isPartOf":{"@id":"https:\/\/huehoco.com\/it\/#website"},"datePublished":"2023-04-06T12:34:03+00:00","dateModified":"2025-12-03T09:29:13+00:00","description":"Per saperne di pi\u00f9 sulle informazioni legali e responsabili, consultate il nostro sito web.","breadcrumb":{"@id":"https:\/\/huehoco.com\/it\/legale\/impronta\/#breadcrumb"},"inLanguage":"it-IT","potentialAction":[{"@type":"ReadAction","target":["https:\/\/huehoco.com\/it\/legale\/impronta\/"]}]},{"@type":"BreadcrumbList","@id":"https:\/\/huehoco.com\/it\/legale\/impronta\/#breadcrumb","itemListElement":[{"@type":"ListItem","position":1,"name":"Startseite","item":"https:\/\/huehoco.com\/it\/"},{"@type":"ListItem","position":2,"name":"Legale","item":"https:\/\/huehoco.com\/it\/rechtliches\/"},{"@type":"ListItem","position":3,"name":"Impronta"}]},{"@type":"WebSite","@id":"https:\/\/huehoco.com\/it\/#website","url":"https:\/\/huehoco.com\/it\/","name":"HUEHOCO GmbH","description":"","publisher":{"@id":"https:\/\/huehoco.com\/it\/#organization"},"potentialAction":[{"@type":"SearchAction","target":{"@type":"EntryPoint","urlTemplate":"https:\/\/huehoco.com\/it\/?s={search_term_string}"},"query-input":{"@type":"PropertyValueSpecification","valueRequired":true,"valueName":"search_term_string"}}],"inLanguage":"it-IT"},{"@type":"Organization","@id":"https:\/\/huehoco.com\/it\/#organization","name":"HUEHOCO GmbH","url":"https:\/\/huehoco.com\/it\/","logo":{"@type":"ImageObject","inLanguage":"it-IT","@id":"https:\/\/huehoco.com\/it\/#\/schema\/logo\/image\/","url":"https:\/\/huehoco.com\/wp-content\/uploads\/huehoho-group.png","contentUrl":"https:\/\/huehoco.com\/wp-content\/uploads\/huehoho-group.png","width":1232,"height":285,"caption":"HUEHOCO GmbH"},"image":{"@id":"https:\/\/huehoco.com\/it\/#\/schema\/logo\/image\/"}}]}},"_links":{"self":[{"href":"https:\/\/huehoco.com\/it\/wp-json\/wp\/v2\/pages\/9291","targetHints":{"allow":["GET"]}}],"collection":[{"href":"https:\/\/huehoco.com\/it\/wp-json\/wp\/v2\/pages"}],"about":[{"href":"https:\/\/huehoco.com\/it\/wp-json\/wp\/v2\/types\/page"}],"author":[{"embeddable":true,"href":"https:\/\/huehoco.com\/it\/wp-json\/wp\/v2\/users\/1"}],"replies":[{"embeddable":true,"href":"https:\/\/huehoco.com\/it\/wp-json\/wp\/v2\/comments?post=9291"}],"version-history":[{"count":4,"href":"https:\/\/huehoco.com\/it\/wp-json\/wp\/v2\/pages\/9291\/revisions"}],"predecessor-version":[{"id":10899,"href":"https:\/\/huehoco.com\/it\/wp-json\/wp\/v2\/pages\/9291\/revisions\/10899"}],"up":[{"embeddable":true,"href":"https:\/\/huehoco.com\/it\/wp-json\/wp\/v2\/pages\/9081"}],"wp:attachment":[{"href":"https:\/\/huehoco.com\/it\/wp-json\/wp\/v2\/media?parent=9291"}],"curies":[{"name":"wp","href":"https:\/\/api.w.org\/{rel}","templated":true}]}}