{"id":9284,"date":"2023-06-13T15:33:02","date_gmt":"2023-06-13T13:33:02","guid":{"rendered":"https:\/\/huehoco-gmbh.pixel-tal.de\/azienda\/valori-e-visioni\/"},"modified":"2023-10-13T12:06:12","modified_gmt":"2023-10-13T10:06:12","slug":"valori-e-visioni","status":"publish","type":"page","link":"https:\/\/huehoco.com\/it\/azienda\/valori-e-visioni\/","title":{"rendered":"Valori e visioni"},"content":{"rendered":"        \r\n            <!-- hero -->\r\n        \r\n                    \r\n            <div id=\"hero-30979f537a80fc8f2d3a61a04b81de4c\" class=\"hero\">\r\n\t\t\t\t<div class=\"hero-slider\">\t\t\t\t\n        \r\n            <!-- hero -->\r\n        \r\n                    \r\n            <div  class=\"hero-slide hero-slide-a1dea1950d90a87dfeb4da1f8ebcec47 \">\r\n\r\n\t\t\t\t<div class=\"hero-canvas\">\r\n\t\t\t\t\t<div class=\"hero-content\">\r\n\t\t\t\t\t\t<span class=\"hero-subheadline subheadline\">Rispetto con impegno<\/span>\t\t\t\t\t\t<h1 class=\"hero-headline headline\">La nostra visione<\/h1>\t\t\t\t\t\t\t\t\t\t\t<\/div>\r\n\t\t\t\t<\/div>\r\n\r\n                \t\t\t\t\t<div class=\"hero-background\">\r\n                        <div class=\"hero-overlay\"><\/div>\r\n\t\t\t\t\t\t<img decoding=\"async\" src=\"https:\/\/huehoco.com\/wp-content\/uploads\/hero-vision.jpg\" \/>\r\n\t\t\t\t\t<\/div>\r\n\t\t\t\t\r\n                \r\n\t\t\t<\/div>\r\n        \r\n                    \r\n            <!-- end:hero -->\r\n        \r\n            \n\r\n\t\t\t\t<\/div>\t\t\t<\/div>\r\n        \r\n                    \r\n            <!-- end:hero -->\r\n        \r\n            <section class=\"gb-container gb-container-91ab36d0 gb-container-section-white\" id=\"intro\">\n<div class=\"gb-container gb-container-2c1e5245\">\n<div class=\"gb-grid-wrapper gb-grid-wrapper-bec5e074\">\n<div class=\"gb-grid-column gb-grid-column-5695831f\"><div class=\"gb-container gb-container-5695831f\" data-aos=\"fade-right\">\n\n<div class=\"wp-block-pixel-headline headlines is-subheadline-top has-text-align-left\"><h2 class=\"headline\" style=\"color:\">Rendiamo orgogliosi i prodotti<\/h2><span class=\"subheadline\" style=\"color:\">GRUPPO HUEHOCO<\/span><\/div>\n\n<\/div><\/div>\n\n<div class=\"gb-grid-column gb-grid-column-feff83bb\"><div class=\"gb-container gb-container-feff83bb\" data-aos=\"fade-right\">\n\n<p>Questa visione esprime l&#8217;essenza, l&#8217;unicit\u00e0 del nostro gruppo e trasmette ci\u00f2 che ci rende e continuer\u00e0 a renderci in futuro.<\/p>\n\n\n\n<p><strong>Ma&#8230; chi siamo? Cosa siamo? Come siamo?<\/strong><\/p>\n\n\n\n<p>Filosofia aziendale, valori e dichiarazioni di missione: cosa dicono di noi? Ci viene imposto qualcosa o stiamo vivendo ci\u00f2 che &#8220;diamo per scontato&#8221;? Forse non \u00e8 necessario soddisfare tutti i requisiti in ogni momento e in ogni situazione. Ma ci deve essere un obiettivo comune!<\/p>\n\n\n\n<p>Un codice di condotta comune che ci guidi.<\/p>\n\n\n\n<p>Una visione chiara dei valori e dei processi decisionali che continueranno a plasmare il nostro Gruppo HUEHOCO nei prossimi anni e lo accompagneranno nel suo cammino verso il futuro.<\/p>\n\n\n\n<p class=\"has-color-light-color has-text-color\"><strong>Saremo lieti di accompagnarvi in questo viaggio.<\/strong><\/p>\n\n<\/div><\/div>\n\n<div class=\"gb-grid-column gb-grid-column-d13f797f\"><div class=\"gb-container gb-container-d13f797f\" data-aos=\"fade-left\">\n\n<figure class=\"wp-block-embed is-type-video is-provider-youtube wp-block-embed-youtube wp-embed-aspect-16-9 wp-has-aspect-ratio\"><div class=\"wp-block-embed__wrapper\">\n <div class=\"brlbs-cmpnt-container brlbs-cmpnt-content-blocker brlbs-cmpnt-with-individual-styles\" data-borlabs-cookie-content-blocker-id=\"youtube-content-blocker\" data-borlabs-cookie-content=\"PGlmcmFtZSB0aXRsZT0iSFVFSE9DTyBXZXJ0ZSIgd2lkdGg9IjE3NzgiIGhlaWdodD0iMTAwMCIgc3JjPSJodHRwczovL3d3dy55b3V0dWJlLW5vY29va2llLmNvbS9lbWJlZC82QTFQZld4Z2RwWT9mZWF0dXJlPW9lbWJlZCIgZnJhbWVib3JkZXI9IjAiIGFsbG93PSJhY2NlbGVyb21ldGVyOyBhdXRvcGxheTsgY2xpcGJvYXJkLXdyaXRlOyBlbmNyeXB0ZWQtbWVkaWE7IGd5cm9zY29wZTsgcGljdHVyZS1pbi1waWN0dXJlOyB3ZWItc2hhcmUiIGFsbG93ZnVsbHNjcmVlbj48L2lmcmFtZT4=\"><div class=\"brlbs-cmpnt-cb-preset-c brlbs-cmpnt-cb-youtube\"> <div class=\"brlbs-cmpnt-cb-thumbnail\" style=\"background-image: url('https:\/\/huehoco.com\/wp-content\/uploads\/borlabs-cookie\/1\/yt_6A1PfWxgdpY_hqdefault.jpg')\"><\/div> <div class=\"brlbs-cmpnt-cb-main\"> <div class=\"brlbs-cmpnt-cb-play-button\"><\/div> <div class=\"brlbs-cmpnt-cb-content\"> <p class=\"brlbs-cmpnt-cb-description\">Stai visualizzando un contenuto segnaposto da <strong>YouTube<\/strong>. Per accedere al contenuto effettivo, clicca sul pulsante sottostante. Si prega di notare che in questo modo si condividono i dati con provider di terze parti.<\/p> <a class=\"brlbs-cmpnt-cb-provider-toggle\" href=\"#\" data-borlabs-cookie-show-provider-information role=\"button\">Ulteriori informazioni<\/a> <\/div> <div class=\"brlbs-cmpnt-cb-buttons\"> <a class=\"brlbs-cmpnt-cb-btn\" href=\"#\" data-borlabs-cookie-unblock role=\"button\">Sblocca il contenuto<\/a> <a class=\"brlbs-cmpnt-cb-btn\" href=\"#\" data-borlabs-cookie-accept-service role=\"button\" style=\"display: inherit\">Accetta il servizio richiesto e sblocca i contenuti<\/a> <\/div> <\/div> <\/div><\/div>\n<\/div><\/figure>\n\n<\/div><\/div>\n<\/div>\n<\/div>\n<\/section><section class=\"gb-container gb-container-cd0a9321 gb-container-section-gradient\" id=\"werte\">\n<div class=\"gb-container gb-container-4469bb1b\">\n<div class=\"gb-grid-wrapper gb-grid-wrapper-722095b5\">\n<div class=\"gb-grid-column gb-grid-column-6c8b95ad\"><div class=\"gb-container gb-container-6c8b95ad\">\n\n<div class=\"wp-block-pixel-headline headlines is-subheadline-bottom has-text-align-left is-gap-sm\"><h2 class=\"headline is-h1\" style=\"color:\">I nostri valori<\/h2><\/div>\n\n\n\n<p>Definiamo noi stessi e i nostri rapporti reciproci attraverso i nostri valori, sia all&#8217;interno dell&#8217;azienda che in relazione al nostro ambiente.<\/p>\n\n<\/div><\/div>\n<\/div>\n<\/div>\n\n<div class=\"gb-container gb-container-70ce0e7a werte-container\">\n<div class=\"gb-grid-wrapper gb-grid-wrapper-559beca1\">\n<div class=\"gb-grid-column gb-grid-column-ed3ef3f9\"><div class=\"gb-container gb-container-ed3ef3f9\">\n\n<figure class=\"gb-block-image gb-block-image-f40d4fe0\"><img loading=\"lazy\" decoding=\"async\" width=\"700\" height=\"700\" class=\"gb-image gb-image-f40d4fe0\" src=\"https:\/\/huehoco.pixel-tal.de\/wp-content\/uploads\/werte_01.jpg\" alt=\"\" title=\"valori_01\" srcset=\"https:\/\/huehoco.com\/wp-content\/uploads\/werte_01.jpg 700w, https:\/\/huehoco.com\/wp-content\/uploads\/werte_01-300x300.jpg 300w, https:\/\/huehoco.com\/wp-content\/uploads\/werte_01-150x150.jpg 150w, https:\/\/huehoco.com\/wp-content\/uploads\/werte_01-75x75.jpg 75w, https:\/\/huehoco.com\/wp-content\/uploads\/werte_01-120x120.jpg 120w\" sizes=\"auto, (max-width: 700px) 100vw, 700px\" \/><\/figure>\n\n<\/div><\/div>\n\n<div class=\"gb-grid-column gb-grid-column-010bf4d1 gb-grid-column-box-fade\"><div class=\"gb-container gb-container-010bf4d1 gb-container-box-fade\">\n\n<div class=\"wp-block-pixel-headline headlines is-subheadline-bottom has-text-align-center is-gap-off\"><h3 class=\"headline\" style=\"color:var(--color-light)\">Il rispetto<\/h3><\/div>\n\n\n\n<p class=\"has-text-align-center\">Rispetto per tutte le creature e le risorse del nostro pianeta.<\/p>\n\n<\/div><\/div>\n\n<div class=\"gb-grid-column gb-grid-column-1cf789a3\"><div class=\"gb-container gb-container-1cf789a3\">\n\n<figure class=\"gb-block-image gb-block-image-befa5142\"><img loading=\"lazy\" decoding=\"async\" width=\"700\" height=\"700\" class=\"gb-image gb-image-befa5142\" src=\"https:\/\/huehoco.pixel-tal.de\/wp-content\/uploads\/werte_02.jpg\" alt=\"\" title=\"valori_02\" srcset=\"https:\/\/huehoco.com\/wp-content\/uploads\/werte_02.jpg 700w, https:\/\/huehoco.com\/wp-content\/uploads\/werte_02-300x300.jpg 300w, https:\/\/huehoco.com\/wp-content\/uploads\/werte_02-150x150.jpg 150w, https:\/\/huehoco.com\/wp-content\/uploads\/werte_02-75x75.jpg 75w, https:\/\/huehoco.com\/wp-content\/uploads\/werte_02-120x120.jpg 120w\" sizes=\"auto, (max-width: 700px) 100vw, 700px\" \/><\/figure>\n\n<\/div><\/div>\n\n<div class=\"gb-grid-column gb-grid-column-57af6006 gb-grid-column-box-fade\"><div class=\"gb-container gb-container-57af6006 gb-container-box-fade\">\n\n<div class=\"wp-block-pixel-headline headlines is-subheadline-bottom has-text-align-center is-gap-off\"><h3 class=\"headline\" style=\"color:var(--color-light)\">Il coraggio<\/h3><\/div>\n\n\n\n<p class=\"has-text-align-center\">Abbandonare attivamente i sentieri conosciuti, pensare in modo diverso e assumersi la responsabilit\u00e0 delle proprie azioni.<\/p>\n\n<\/div><\/div>\n\n<div class=\"gb-grid-column gb-grid-column-22fdcb60\"><div class=\"gb-container gb-container-22fdcb60\">\n\n<figure class=\"gb-block-image gb-block-image-1b4c3e55\"><img loading=\"lazy\" decoding=\"async\" width=\"700\" height=\"700\" class=\"gb-image gb-image-1b4c3e55\" src=\"https:\/\/huehoco.pixel-tal.de\/wp-content\/uploads\/werte_03.jpg\" alt=\"\" title=\"valori_03\" srcset=\"https:\/\/huehoco.com\/wp-content\/uploads\/werte_03.jpg 700w, https:\/\/huehoco.com\/wp-content\/uploads\/werte_03-300x300.jpg 300w, https:\/\/huehoco.com\/wp-content\/uploads\/werte_03-150x150.jpg 150w, https:\/\/huehoco.com\/wp-content\/uploads\/werte_03-75x75.jpg 75w, https:\/\/huehoco.com\/wp-content\/uploads\/werte_03-120x120.jpg 120w\" sizes=\"auto, (max-width: 700px) 100vw, 700px\" \/><\/figure>\n\n<\/div><\/div>\n\n<div class=\"gb-grid-column gb-grid-column-30ec78b6 gb-grid-column-box-fade\"><div class=\"gb-container gb-container-30ec78b6 gb-container-box-fade\">\n\n<div class=\"wp-block-pixel-headline headlines is-subheadline-bottom has-text-align-center is-gap-off\"><h3 class=\"headline\" style=\"color:var(--color-light)\">Il fidanzamento<\/h3><\/div>\n\n\n\n<p class=\"has-text-align-center\">Pensiero orientato alla soluzione, unito alla determinazione per un atteggiamento positivo e alla massima affidabilit\u00e0 possibile.<\/p>\n\n<\/div><\/div>\n\n<div class=\"gb-grid-column gb-grid-column-00318beb\"><div class=\"gb-container gb-container-00318beb\">\n\n<figure class=\"gb-block-image gb-block-image-0d6c756b\"><img loading=\"lazy\" decoding=\"async\" width=\"700\" height=\"700\" class=\"gb-image gb-image-0d6c756b\" src=\"https:\/\/huehoco.pixel-tal.de\/wp-content\/uploads\/werte_04.jpg\" alt=\"\" title=\"valori_04\" srcset=\"https:\/\/huehoco.com\/wp-content\/uploads\/werte_04.jpg 700w, https:\/\/huehoco.com\/wp-content\/uploads\/werte_04-300x300.jpg 300w, https:\/\/huehoco.com\/wp-content\/uploads\/werte_04-150x150.jpg 150w, https:\/\/huehoco.com\/wp-content\/uploads\/werte_04-75x75.jpg 75w, https:\/\/huehoco.com\/wp-content\/uploads\/werte_04-120x120.jpg 120w\" sizes=\"auto, (max-width: 700px) 100vw, 700px\" \/><\/figure>\n\n<\/div><\/div>\n<\/div>\n<\/div>\n<\/section><section class=\"gb-container gb-container-a92f8cce gb-container-section-white\">\n<div class=\"gb-container gb-container-1acc8506\">\n<div class=\"gb-grid-wrapper gb-grid-wrapper-1b0ff202\">\n<div class=\"gb-grid-column gb-grid-column-a90d3cfa\"><div class=\"gb-container gb-container-a90d3cfa\" data-aos=\"fade-in\">\n\n<figure class=\"gb-block-image gb-block-image-a45d6d80\"><img loading=\"lazy\" decoding=\"async\" width=\"700\" height=\"700\" class=\"gb-image gb-image-a45d6d80\" src=\"https:\/\/huehoco.com\/wp-content\/uploads\/werte_01.jpg\" alt=\"\" title=\"valori_01\" srcset=\"https:\/\/huehoco.com\/wp-content\/uploads\/werte_01.jpg 700w, https:\/\/huehoco.com\/wp-content\/uploads\/werte_01-300x300.jpg 300w, https:\/\/huehoco.com\/wp-content\/uploads\/werte_01-150x150.jpg 150w, https:\/\/huehoco.com\/wp-content\/uploads\/werte_01-75x75.jpg 75w, https:\/\/huehoco.com\/wp-content\/uploads\/werte_01-120x120.jpg 120w\" sizes=\"auto, (max-width: 700px) 100vw, 700px\" \/><\/figure>\n\n<\/div><\/div>\n\n<div class=\"gb-grid-column gb-grid-column-9b218cd3\"><div class=\"gb-container gb-container-9b218cd3\" data-aos=\"fade-in\">\n\n<div class=\"wp-block-pixel-headline headlines is-subheadline-bottom has-text-align-left is-gap-sm\"><h2 class=\"headline is-h1\" style=\"color:\">Sostenibilit\u00e0<\/h2><\/div>\n\n\n\n<p>Politica ambientale del gruppo HUEHOCO<\/p>\n\n\n\n<p>In tempi di globalizzazione, la politica ambientale di un&#8217;azienda sta diventando sempre pi\u00f9 importante. I problemi ambientali trascendono i confini nazionali e colpiscono le persone e la natura allo stesso modo.<\/p>\n\n\n\n<p>La responsabilit\u00e0 impegnata di un&#8217;azienda che opera a livello internazionale deve quindi essere orientata non solo alle linee guida nazionali, ma anche alla consapevolezza di un trattamento rispettoso delle risorse naturali di ogni habitat.<\/p>\n\n\n\n<p>Il nostro Gruppo HUEHOCO prende molto sul serio questa responsabilit\u00e0 e definisce gli standard con tecnologie innovative per gli impianti, nonch\u00e9 con lo sviluppo di materiali di rivestimento compatibili con l&#8217;ambiente e di processi controllati. Per un futuro comune.<\/p>\n\n\n\n<p>Per noi, come azienda manifatturiera, l&#8217;obiettivo principale \u00e8 l&#8217;ottimizzazione delle linee di produzione.<\/p>\n\n\n\n<p>Qui abbiamo gi\u00e0 ottenuto un grande successo con le nostre nuove linee di produzione:<\/p>\n\n\n\n<ul class=\"wp-block-list\">\n<li>Risparmio di solvente fino al 96% rispetto ai processi convenzionali<\/li>\n\n\n\n<li>Significativo<sub>risparmio di CO2<\/sub>, certificato e promosso<\/li>\n\n\n\n<li>Approvvigionamento energetico proprio (purificazione dell&#8217;aria di scarico tramite postcombustione termica)<\/li>\n\n\n\n<li>Fino al 75% del fabbisogno energetico pu\u00f2 essere coperto da energie verdi.<\/li>\n<\/ul>\n\n\n\n<p><strong>Sono in corso di pianificazione e implementazione ulteriori processi sostenibili.<\/strong><\/p>\n\n<\/div><\/div>\n<\/div>\n<\/div>\n<\/section><section class=\"gb-container gb-container-4a74e636 gb-container-section-metal\">\n<div class=\"gb-container gb-container-7e72ba3d\">\n<div class=\"gb-grid-wrapper gb-grid-wrapper-2037bd13\">\n<div class=\"gb-grid-column gb-grid-column-25c3ed9c\"><div class=\"gb-container gb-container-25c3ed9c\" data-aos=\"fade-in\">\n\n<div class=\"wp-block-pixel-headline headlines is-subheadline-bottom has-text-align-left is-gap-sm\"><h2 class=\"headline is-h1\" style=\"color:\">La nostra missione<\/h2><\/div>\n\n\n\n<p><strong>Come azienda, ci siamo posti degli obiettivi<\/strong> che si riflettono nelle nostre dichiarazioni di missione. Rispondono alla domanda sulla nostra identit\u00e0 nel mercato. I nostri obiettivi strategici saranno allineati con essi.<\/p>\n\n\n\n<p>Come azienda industriale a conduzione familiare ed economicamente indipendente, siamo il partner principale dei nostri clienti. Confermiamo la nostra responsabilit\u00e0 per il loro successo con la nostra incondizionata volont\u00e0 di risolvere anche problemi complessi. Uniamo il coraggio imprenditoriale alla velocit\u00e0 e alla competenza professionale. \u00c8 cos\u00ec che creiamo valore aggiunto e fiducia nei nostri mercati.<\/p>\n\n\n\n<p>In modo che ognuno dei nostri dipendenti possa dire:<\/p>\n\n\n\n<p><mark style=\"background-color:rgba(0, 0, 0, 0)\" class=\"has-inline-color has-color-light-color\"><strong>RENDIAMO LE PERSONE ORGOGLIOSE<\/strong><\/mark><\/p>\n\n<\/div><\/div>\n\n<div class=\"gb-grid-column gb-grid-column-5a61b336 gb-grid-column-blue-overlay-right\"><div class=\"gb-container gb-container-5a61b336 gb-container-blue-overlay-right\" data-aos=\"fade-in\">\n\n<figure class=\"gb-block-image gb-block-image-8604efb7\"><img loading=\"lazy\" decoding=\"async\" width=\"780\" height=\"589\" class=\"gb-image gb-image-8604efb7\" src=\"https:\/\/huehoco.pixel-tal.de\/wp-content\/uploads\/unsere_mission.jpg\" alt=\"\" title=\"la nostra_missione\" srcset=\"https:\/\/huehoco.com\/wp-content\/uploads\/unsere_mission.jpg 780w, https:\/\/huehoco.com\/wp-content\/uploads\/unsere_mission-300x227.jpg 300w, https:\/\/huehoco.com\/wp-content\/uploads\/unsere_mission-768x580.jpg 768w, https:\/\/huehoco.com\/wp-content\/uploads\/unsere_mission-99x75.jpg 99w, https:\/\/huehoco.com\/wp-content\/uploads\/unsere_mission-159x120.jpg 159w\" sizes=\"auto, (max-width: 780px) 100vw, 780px\" \/><\/figure>\n\n<\/div><\/div>\n<\/div>\n<\/div>\n<\/section>","protected":false},"excerpt":{"rendered":"","protected":false},"author":1,"featured_media":0,"parent":9106,"menu_order":2,"comment_status":"closed","ping_status":"closed","template":"","meta":{"_acf_changed":false,"footnotes":""},"class_list":["post-9284","page","type-page","status-publish"],"acf":[],"yoast_head":"<!-- This site is optimized with the Yoast SEO plugin v27.2 - https:\/\/yoast.com\/product\/yoast-seo-wordpress\/ -->\n<title>HUEHOCO: responsabilit\u00e0, visione e sostenibilit\u00e0<\/title>\n<meta name=\"description\" content=\"Scoprite la filosofia di HUEHOCO GmbH, caratterizzata da rispetto, coraggio e impegno. Stabiliamo standard di protezione ambientale e innovazione \u25b6 Per saperne di pi\u00f9\" \/>\n<meta name=\"robots\" content=\"index, follow, max-snippet:-1, max-image-preview:large, max-video-preview:-1\" \/>\n<link rel=\"canonical\" href=\"https:\/\/huehoco.com\/it\/azienda\/valori-e-visioni\/\" \/>\n<meta property=\"og:locale\" content=\"it_IT\" \/>\n<meta property=\"og:type\" content=\"article\" \/>\n<meta property=\"og:title\" content=\"HUEHOCO: responsabilit\u00e0, visione e sostenibilit\u00e0\" \/>\n<meta property=\"og:description\" content=\"Scoprite la filosofia di HUEHOCO GmbH, caratterizzata da rispetto, coraggio e impegno. Stabiliamo standard di protezione ambientale e innovazione \u25b6 Per saperne di pi\u00f9\" \/>\n<meta property=\"og:url\" content=\"https:\/\/huehoco.com\/it\/azienda\/valori-e-visioni\/\" \/>\n<meta property=\"og:site_name\" content=\"HUEHOCO GmbH\" \/>\n<meta property=\"article:modified_time\" content=\"2023-10-13T10:06:12+00:00\" \/>\n<meta property=\"og:image\" content=\"https:\/\/huehoco.pixel-tal.de\/wp-content\/uploads\/werte_01.jpg\" \/>\n<meta name=\"twitter:card\" content=\"summary_large_image\" \/>\n<meta name=\"twitter:label1\" content=\"Tempo di lettura stimato\" \/>\n\t<meta name=\"twitter:data1\" content=\"2 minuti\" \/>\n<script type=\"application\/ld+json\" class=\"yoast-schema-graph\">{\"@context\":\"https:\/\/schema.org\",\"@graph\":[{\"@type\":\"WebPage\",\"@id\":\"https:\/\/huehoco.com\/it\/azienda\/valori-e-visioni\/\",\"url\":\"https:\/\/huehoco.com\/it\/azienda\/valori-e-visioni\/\",\"name\":\"HUEHOCO: responsabilit\u00e0, visione e sostenibilit\u00e0\",\"isPartOf\":{\"@id\":\"https:\/\/huehoco.com\/it\/#website\"},\"primaryImageOfPage\":{\"@id\":\"https:\/\/huehoco.com\/it\/azienda\/valori-e-visioni\/#primaryimage\"},\"image\":{\"@id\":\"https:\/\/huehoco.com\/it\/azienda\/valori-e-visioni\/#primaryimage\"},\"thumbnailUrl\":\"https:\/\/huehoco.pixel-tal.de\/wp-content\/uploads\/werte_01.jpg\",\"datePublished\":\"2023-06-13T13:33:02+00:00\",\"dateModified\":\"2023-10-13T10:06:12+00:00\",\"description\":\"Scoprite la filosofia di HUEHOCO GmbH, caratterizzata da rispetto, coraggio e impegno. Stabiliamo standard di protezione ambientale e innovazione \u25b6 Per saperne di pi\u00f9\",\"breadcrumb\":{\"@id\":\"https:\/\/huehoco.com\/it\/azienda\/valori-e-visioni\/#breadcrumb\"},\"inLanguage\":\"it-IT\",\"potentialAction\":[{\"@type\":\"ReadAction\",\"target\":[\"https:\/\/huehoco.com\/it\/azienda\/valori-e-visioni\/\"]}]},{\"@type\":\"ImageObject\",\"inLanguage\":\"it-IT\",\"@id\":\"https:\/\/huehoco.com\/it\/azienda\/valori-e-visioni\/#primaryimage\",\"url\":\"https:\/\/huehoco.pixel-tal.de\/wp-content\/uploads\/werte_01.jpg\",\"contentUrl\":\"https:\/\/huehoco.pixel-tal.de\/wp-content\/uploads\/werte_01.jpg\"},{\"@type\":\"BreadcrumbList\",\"@id\":\"https:\/\/huehoco.com\/it\/azienda\/valori-e-visioni\/#breadcrumb\",\"itemListElement\":[{\"@type\":\"ListItem\",\"position\":1,\"name\":\"Startseite\",\"item\":\"https:\/\/huehoco.com\/it\/\"},{\"@type\":\"ListItem\",\"position\":2,\"name\":\"Privat: Azienda\",\"item\":\"https:\/\/huehoco.com\/it\/?page_id=605\"},{\"@type\":\"ListItem\",\"position\":3,\"name\":\"Valori e visioni\"}]},{\"@type\":\"WebSite\",\"@id\":\"https:\/\/huehoco.com\/it\/#website\",\"url\":\"https:\/\/huehoco.com\/it\/\",\"name\":\"HUEHOCO GmbH\",\"description\":\"\",\"publisher\":{\"@id\":\"https:\/\/huehoco.com\/it\/#organization\"},\"potentialAction\":[{\"@type\":\"SearchAction\",\"target\":{\"@type\":\"EntryPoint\",\"urlTemplate\":\"https:\/\/huehoco.com\/it\/?s={search_term_string}\"},\"query-input\":{\"@type\":\"PropertyValueSpecification\",\"valueRequired\":true,\"valueName\":\"search_term_string\"}}],\"inLanguage\":\"it-IT\"},{\"@type\":\"Organization\",\"@id\":\"https:\/\/huehoco.com\/it\/#organization\",\"name\":\"HUEHOCO GmbH\",\"url\":\"https:\/\/huehoco.com\/it\/\",\"logo\":{\"@type\":\"ImageObject\",\"inLanguage\":\"it-IT\",\"@id\":\"https:\/\/huehoco.com\/it\/#\/schema\/logo\/image\/\",\"url\":\"https:\/\/huehoco.com\/wp-content\/uploads\/huehoho-group.png\",\"contentUrl\":\"https:\/\/huehoco.com\/wp-content\/uploads\/huehoho-group.png\",\"width\":1232,\"height\":285,\"caption\":\"HUEHOCO GmbH\"},\"image\":{\"@id\":\"https:\/\/huehoco.com\/it\/#\/schema\/logo\/image\/\"}}]}<\/script>\n<!-- \/ Yoast SEO plugin. -->","yoast_head_json":{"title":"HUEHOCO: responsabilit\u00e0, visione e sostenibilit\u00e0","description":"Scoprite la filosofia di HUEHOCO GmbH, caratterizzata da rispetto, coraggio e impegno. Stabiliamo standard di protezione ambientale e innovazione \u25b6 Per saperne di pi\u00f9","robots":{"index":"index","follow":"follow","max-snippet":"max-snippet:-1","max-image-preview":"max-image-preview:large","max-video-preview":"max-video-preview:-1"},"canonical":"https:\/\/huehoco.com\/it\/azienda\/valori-e-visioni\/","og_locale":"it_IT","og_type":"article","og_title":"HUEHOCO: responsabilit\u00e0, visione e sostenibilit\u00e0","og_description":"Scoprite la filosofia di HUEHOCO GmbH, caratterizzata da rispetto, coraggio e impegno. Stabiliamo standard di protezione ambientale e innovazione \u25b6 Per saperne di pi\u00f9","og_url":"https:\/\/huehoco.com\/it\/azienda\/valori-e-visioni\/","og_site_name":"HUEHOCO GmbH","article_modified_time":"2023-10-13T10:06:12+00:00","og_image":[{"url":"https:\/\/huehoco.pixel-tal.de\/wp-content\/uploads\/werte_01.jpg","type":"","width":"","height":""}],"twitter_card":"summary_large_image","twitter_misc":{"Tempo di lettura stimato":"2 minuti"},"schema":{"@context":"https:\/\/schema.org","@graph":[{"@type":"WebPage","@id":"https:\/\/huehoco.com\/it\/azienda\/valori-e-visioni\/","url":"https:\/\/huehoco.com\/it\/azienda\/valori-e-visioni\/","name":"HUEHOCO: responsabilit\u00e0, visione e sostenibilit\u00e0","isPartOf":{"@id":"https:\/\/huehoco.com\/it\/#website"},"primaryImageOfPage":{"@id":"https:\/\/huehoco.com\/it\/azienda\/valori-e-visioni\/#primaryimage"},"image":{"@id":"https:\/\/huehoco.com\/it\/azienda\/valori-e-visioni\/#primaryimage"},"thumbnailUrl":"https:\/\/huehoco.pixel-tal.de\/wp-content\/uploads\/werte_01.jpg","datePublished":"2023-06-13T13:33:02+00:00","dateModified":"2023-10-13T10:06:12+00:00","description":"Scoprite la filosofia di HUEHOCO GmbH, caratterizzata da rispetto, coraggio e impegno. Stabiliamo standard di protezione ambientale e innovazione \u25b6 Per saperne di pi\u00f9","breadcrumb":{"@id":"https:\/\/huehoco.com\/it\/azienda\/valori-e-visioni\/#breadcrumb"},"inLanguage":"it-IT","potentialAction":[{"@type":"ReadAction","target":["https:\/\/huehoco.com\/it\/azienda\/valori-e-visioni\/"]}]},{"@type":"ImageObject","inLanguage":"it-IT","@id":"https:\/\/huehoco.com\/it\/azienda\/valori-e-visioni\/#primaryimage","url":"https:\/\/huehoco.pixel-tal.de\/wp-content\/uploads\/werte_01.jpg","contentUrl":"https:\/\/huehoco.pixel-tal.de\/wp-content\/uploads\/werte_01.jpg"},{"@type":"BreadcrumbList","@id":"https:\/\/huehoco.com\/it\/azienda\/valori-e-visioni\/#breadcrumb","itemListElement":[{"@type":"ListItem","position":1,"name":"Startseite","item":"https:\/\/huehoco.com\/it\/"},{"@type":"ListItem","position":2,"name":"Privat: Azienda","item":"https:\/\/huehoco.com\/it\/?page_id=605"},{"@type":"ListItem","position":3,"name":"Valori e visioni"}]},{"@type":"WebSite","@id":"https:\/\/huehoco.com\/it\/#website","url":"https:\/\/huehoco.com\/it\/","name":"HUEHOCO GmbH","description":"","publisher":{"@id":"https:\/\/huehoco.com\/it\/#organization"},"potentialAction":[{"@type":"SearchAction","target":{"@type":"EntryPoint","urlTemplate":"https:\/\/huehoco.com\/it\/?s={search_term_string}"},"query-input":{"@type":"PropertyValueSpecification","valueRequired":true,"valueName":"search_term_string"}}],"inLanguage":"it-IT"},{"@type":"Organization","@id":"https:\/\/huehoco.com\/it\/#organization","name":"HUEHOCO GmbH","url":"https:\/\/huehoco.com\/it\/","logo":{"@type":"ImageObject","inLanguage":"it-IT","@id":"https:\/\/huehoco.com\/it\/#\/schema\/logo\/image\/","url":"https:\/\/huehoco.com\/wp-content\/uploads\/huehoho-group.png","contentUrl":"https:\/\/huehoco.com\/wp-content\/uploads\/huehoho-group.png","width":1232,"height":285,"caption":"HUEHOCO GmbH"},"image":{"@id":"https:\/\/huehoco.com\/it\/#\/schema\/logo\/image\/"}}]}},"_links":{"self":[{"href":"https:\/\/huehoco.com\/it\/wp-json\/wp\/v2\/pages\/9284","targetHints":{"allow":["GET"]}}],"collection":[{"href":"https:\/\/huehoco.com\/it\/wp-json\/wp\/v2\/pages"}],"about":[{"href":"https:\/\/huehoco.com\/it\/wp-json\/wp\/v2\/types\/page"}],"author":[{"embeddable":true,"href":"https:\/\/huehoco.com\/it\/wp-json\/wp\/v2\/users\/1"}],"replies":[{"embeddable":true,"href":"https:\/\/huehoco.com\/it\/wp-json\/wp\/v2\/comments?post=9284"}],"version-history":[{"count":0,"href":"https:\/\/huehoco.com\/it\/wp-json\/wp\/v2\/pages\/9284\/revisions"}],"up":[{"embeddable":true,"href":"https:\/\/huehoco.com\/it\/wp-json\/wp\/v2\/pages\/9106"}],"wp:attachment":[{"href":"https:\/\/huehoco.com\/it\/wp-json\/wp\/v2\/media?parent=9284"}],"curies":[{"name":"wp","href":"https:\/\/api.w.org\/{rel}","templated":true}]}}