{"id":9197,"date":"2023-06-13T15:45:29","date_gmt":"2023-06-13T13:45:29","guid":{"rendered":"https:\/\/huehoco-gmbh.pixel-tal.de\/gamma-di-servizi\/produzione\/"},"modified":"2023-10-13T12:06:00","modified_gmt":"2023-10-13T10:06:00","slug":"produzione","status":"publish","type":"page","link":"https:\/\/huehoco.com\/it\/gamma-di-servizi\/produzione\/","title":{"rendered":"Produzione"},"content":{"rendered":"        \r\n            <!-- hero -->\r\n        \r\n                    \r\n            <div id=\"hero-fb22c93bc8f46a10e32ac26e12250765\" class=\"hero\">\r\n\t\t\t\t<div class=\"hero-slider\">\t\t\t\t\n        \r\n            <!-- hero -->\r\n        \r\n                    \r\n            <div  class=\"hero-slide hero-slide-bde1070b1bf4a544d20406e89fe0af6c \">\r\n\r\n\t\t\t\t<div class=\"hero-canvas\">\r\n\t\t\t\t\t<div class=\"hero-content\">\r\n\t\t\t\t\t\t<span class=\"hero-subheadline subheadline\">Finitura delle superfici metalliche  <\/span>\t\t\t\t\t\t<h1 class=\"hero-headline headline\">Produzione DIe<\/h1>\t\t\t\t\t\t\t\t\t\t\t<\/div>\r\n\t\t\t\t<\/div>\r\n\r\n                \t\t\t\t\t<div class=\"hero-background\">\r\n                        <div class=\"hero-overlay\"><\/div>\r\n\t\t\t\t\t\t<img decoding=\"async\" src=\"https:\/\/huehoco.com\/wp-content\/uploads\/hero-produktion.jpg\" \/>\r\n\t\t\t\t\t<\/div>\r\n\t\t\t\t\r\n                \r\n\t\t\t<\/div>\r\n        \r\n                    \r\n            <!-- end:hero -->\r\n        \r\n            \n\r\n\t\t\t\t<\/div>\t\t\t<\/div>\r\n        \r\n                    \r\n            <!-- end:hero -->\r\n        \r\n            <section class=\"gb-container gb-container-91ab36d0 gb-container-section-white\" id=\"intro\">\n<div class=\"gb-container gb-container-2c1e5245\">\n<div class=\"gb-grid-wrapper gb-grid-wrapper-bec5e074\">\n<div class=\"gb-grid-column gb-grid-column-feff83bb\"><div class=\"gb-container gb-container-feff83bb\" data-aos=\"fade-right\">\n\n<div class=\"wp-block-pixel-headline headlines is-subheadline-top has-text-align-left is-gap-sm\"><h2 class=\"headline\" style=\"color:\">I nostri impianti di produzione<\/h2><span class=\"subheadline\" style=\"color:\">Innovativo e attento all&#8217;ambiente<\/span><\/div>\n\n\n\n<p>Facciamo un piccolo salto nel passato: dal 1927 la nostra produzione si svolge a Wuppertal. Quello che era nato come un semplice impianto di verniciatura dei pannelli si \u00e8 trasformato negli anni in un sito produttivo all&#8217;avanguardia. Oggi a Wuppertal sono installati in totale quattro sistemi di rivestimento innovativi.<br\/><br\/>Tutti i nostri impianti di produzione offrono un&#8217;ampia gamma di possibilit\u00e0 e sono dotati delle pi\u00f9 moderne tecnologie. L&#8217;ultimo esempio della nostra forza innovativa \u00e8 la nostra nuova linea di estrusione della gomma. Ci permette di applicare strati di elastomero espanso e non espanso in modo convenzionale con spessori da 200 a 2.000 \u03bcm in una sola passata e su uno o entrambi i lati, con un enorme risparmio energetico.<\/p>\n\n<\/div><\/div>\n\n<div class=\"gb-grid-column gb-grid-column-1b6bd70e\"><div class=\"gb-container gb-container-1b6bd70e\" data-aos=\"fade-right\">\n\n<figure class=\"gb-block-image gb-block-image-24a2858d\"><img loading=\"lazy\" decoding=\"async\" width=\"780\" height=\"300\" class=\"gb-image gb-image-24a2858d\" src=\"https:\/\/huehoco.com\/wp-content\/uploads\/innovative-produktion.jpg\" alt=\"\" title=\"produzione innovativa\" srcset=\"https:\/\/huehoco.com\/wp-content\/uploads\/innovative-produktion.jpg 780w, https:\/\/huehoco.com\/wp-content\/uploads\/innovative-produktion-300x115.jpg 300w, https:\/\/huehoco.com\/wp-content\/uploads\/innovative-produktion-768x295.jpg 768w, https:\/\/huehoco.com\/wp-content\/uploads\/innovative-produktion-195x75.jpg 195w, https:\/\/huehoco.com\/wp-content\/uploads\/innovative-produktion-312x120.jpg 312w\" sizes=\"auto, (max-width: 780px) 100vw, 780px\" \/><\/figure>\n\n\n\n<p><br\/>Un&#8217;altra caratteristica speciale delle nostre linee di produzione \u00e8 il concetto di colore delle macchine. Grazie alle diverse verniciature, piuttosto accattivanti, l&#8217;ambiente di produzione \u00e8 migliorato e l&#8217;ambiente di lavoro \u00e8 reso pi\u00f9 piacevole per i nostri dipendenti, un aspetto importante quando si tratta di essere motivati e impegnati a lavorare per i nostri clienti.<\/p>\n\n<\/div><\/div>\n<\/div>\n<\/div>\n<\/section><section class=\"gb-container gb-container-ad08ebe1 gb-container-section-white\" id=\"certificatequality\">\n<div class=\"gb-container gb-container-609e79f4\">\n<div class=\"gb-grid-wrapper gb-grid-wrapper-40bf9fc1\">\n<div class=\"gb-grid-column gb-grid-column-0ae95376\"><div class=\"gb-container gb-container-0ae95376\" data-aos=\"fade-in\">\n\n<div class=\"wp-block-pixel-headline headlines is-subheadline-top has-text-align-left is-gap-off\"><h2 class=\"headline\" style=\"color:\">QUALIT\u00c0 certificata<\/h2><span class=\"subheadline\" style=\"color:\">Consegniamo<\/span><\/div>\n\n<\/div><\/div>\n\n<div class=\"gb-grid-column gb-grid-column-97fb7778\"><div class=\"gb-container gb-container-97fb7778\">\n\n<figure class=\"wp-block-gallery has-nested-images columns-5 wp-block-gallery-1 is-layout-flex wp-block-gallery-is-layout-flex\">\n<figure class=\"wp-block-image size-large\"><img loading=\"lazy\" decoding=\"async\" width=\"140\" height=\"140\" data-id=\"5011\" src=\"https:\/\/huehoco.com\/wp-content\/uploads\/certificate_iatf_16949.svg\" alt=\"\" class=\"wp-image-5011\"\/><\/figure>\n\n\n\n<figure class=\"wp-block-image size-large\"><img loading=\"lazy\" decoding=\"async\" width=\"140\" height=\"140\" data-id=\"5002\" src=\"https:\/\/huehoco.com\/wp-content\/uploads\/certificate_iso_9001.svg\" alt=\"\" class=\"wp-image-5002\"\/><\/figure>\n\n\n\n<figure class=\"wp-block-image size-large\"><img loading=\"lazy\" decoding=\"async\" width=\"140\" height=\"140\" data-id=\"5005\" src=\"https:\/\/huehoco.com\/wp-content\/uploads\/certificate_iso_50001.svg\" alt=\"\" class=\"wp-image-5005\"\/><\/figure>\n\n\n\n<figure class=\"wp-block-image size-large\"><img loading=\"lazy\" decoding=\"async\" width=\"140\" height=\"140\" data-id=\"5007\" src=\"https:\/\/huehoco.com\/wp-content\/uploads\/certificate_aeo.svg\" alt=\"\" class=\"wp-image-5007\"\/><\/figure>\n\n\n\n<figure class=\"wp-block-image size-large\"><img loading=\"lazy\" decoding=\"async\" width=\"140\" height=\"140\" data-id=\"5009\" src=\"https:\/\/huehoco.com\/wp-content\/uploads\/certificate_iso_14001.svg\" alt=\"\" class=\"wp-image-5009\"\/><\/figure>\n<\/figure>\n\n<\/div><\/div>\n<\/div>\n<\/div>\n<\/section><section class=\"gb-container gb-container-316e3932 gb-container-section-brand\">\n<div class=\"gb-container gb-container-fef606ab\">\n<div class=\"gb-grid-wrapper gb-grid-wrapper-19026db3\">\n<div class=\"gb-grid-column gb-grid-column-033656a8\"><div class=\"gb-container gb-container-033656a8\" data-aos=\"fade-left\">\n\n<figure class=\"gb-block-image gb-block-image-6fd2d2ac\"><img loading=\"lazy\" decoding=\"async\" width=\"700\" height=\"467\" class=\"gb-image gb-image-6fd2d2ac\" src=\"https:\/\/huehoco.com\/wp-content\/uploads\/produktion_01.jpg\" alt=\"\" title=\"produzione_01\" srcset=\"https:\/\/huehoco.com\/wp-content\/uploads\/produktion_01.jpg 700w, https:\/\/huehoco.com\/wp-content\/uploads\/produktion_01-300x200.jpg 300w, https:\/\/huehoco.com\/wp-content\/uploads\/produktion_01-112x75.jpg 112w, https:\/\/huehoco.com\/wp-content\/uploads\/produktion_01-180x120.jpg 180w\" sizes=\"auto, (max-width: 700px) 100vw, 700px\" \/><\/figure>\n\n<\/div><\/div>\n\n<div class=\"gb-grid-column gb-grid-column-99fbc847\"><div class=\"gb-container gb-container-99fbc847\" data-aos=\"fade-left\">\n\n<figure class=\"gb-block-image gb-block-image-8a150d0f\"><img loading=\"lazy\" decoding=\"async\" width=\"700\" height=\"467\" class=\"gb-image gb-image-8a150d0f\" src=\"https:\/\/huehoco.com\/wp-content\/uploads\/produktion_02.jpg\" alt=\"\" title=\"produzione_02\" srcset=\"https:\/\/huehoco.com\/wp-content\/uploads\/produktion_02.jpg 700w, https:\/\/huehoco.com\/wp-content\/uploads\/produktion_02-300x200.jpg 300w, https:\/\/huehoco.com\/wp-content\/uploads\/produktion_02-112x75.jpg 112w, https:\/\/huehoco.com\/wp-content\/uploads\/produktion_02-180x120.jpg 180w\" sizes=\"auto, (max-width: 700px) 100vw, 700px\" \/><\/figure>\n\n<\/div><\/div>\n\n<div class=\"gb-grid-column gb-grid-column-daf4af55\"><div class=\"gb-container gb-container-daf4af55\" data-aos=\"fade-left\">\n\n<figure class=\"gb-block-image gb-block-image-d9075293\"><img loading=\"lazy\" decoding=\"async\" width=\"700\" height=\"467\" class=\"gb-image gb-image-d9075293\" src=\"https:\/\/huehoco.com\/wp-content\/uploads\/produktion_03.jpg\" alt=\"\" title=\"produzione_03\" srcset=\"https:\/\/huehoco.com\/wp-content\/uploads\/produktion_03.jpg 700w, https:\/\/huehoco.com\/wp-content\/uploads\/produktion_03-300x200.jpg 300w, https:\/\/huehoco.com\/wp-content\/uploads\/produktion_03-112x75.jpg 112w, https:\/\/huehoco.com\/wp-content\/uploads\/produktion_03-180x120.jpg 180w\" sizes=\"auto, (max-width: 700px) 100vw, 700px\" \/><\/figure>\n\n<\/div><\/div>\n<\/div>\n<\/div>\n<\/section><section class=\"gb-container gb-container-89be1d99 gb-container-section-metal\">\n<div class=\"gb-container gb-container-452822a6\">\n<div class=\"gb-grid-wrapper gb-grid-wrapper-978eb406\">\n<div class=\"gb-grid-column gb-grid-column-cace55bc\"><div class=\"gb-container gb-container-cace55bc\">\n\n<div class=\"wp-block-pixel-headline headlines is-subheadline-top has-text-align-left is-gap-sm\"><h2 class=\"headline\" style=\"color:\">Produzione sostenibile<\/h2><span class=\"subheadline\" style=\"color:\">Pensiamo all&#8217;ambiente<\/span><\/div>\n\n\n\n<p>Anche la sostenibilit\u00e0 gioca un ruolo importante per HUEHOCO nella produzione. Ove possibile, sosteniamo soluzioni ecologiche e cerchiamo di ridurre il carico sull&#8217;ambiente attraverso idee innovative.<br\/><br\/>Un esempio del nostro successo in questo senso \u00e8 sicuramente il nostro nuovo rivestimento in gomma dei metalli sulla linea di estrusione della gomma di nuova concezione. Questo impianto ci permette di produrre gli spessori di gomma desiderati in un unico passaggio. Rispetto al tradizionale rivestimento in bobina, questa \u00e8 una vera e propria pietra miliare per quanto riguarda la produzione a risparmio di risorse.<\/p>\n\n<\/div><\/div>\n\n<div class=\"gb-grid-column gb-grid-column-3c8428ea\"><div class=\"gb-container gb-container-3c8428ea\">\n\n<figure class=\"wp-block-image size-full\"><img loading=\"lazy\" decoding=\"async\" width=\"780\" height=\"419\" src=\"https:\/\/huehoco.com\/wp-content\/uploads\/nachhaltige-produktion.png\" alt=\"\" class=\"wp-image-5415\" srcset=\"https:\/\/huehoco.com\/wp-content\/uploads\/nachhaltige-produktion.png 780w, https:\/\/huehoco.com\/wp-content\/uploads\/nachhaltige-produktion-300x161.png 300w, https:\/\/huehoco.com\/wp-content\/uploads\/nachhaltige-produktion-768x413.png 768w, https:\/\/huehoco.com\/wp-content\/uploads\/nachhaltige-produktion-140x75.png 140w, https:\/\/huehoco.com\/wp-content\/uploads\/nachhaltige-produktion-223x120.png 223w\" sizes=\"auto, (max-width: 780px) 100vw, 780px\" \/><\/figure>\n\n<\/div><\/div>\n<\/div>\n<\/div>\n<\/section>","protected":false},"excerpt":{"rendered":"","protected":false},"author":1,"featured_media":0,"parent":9084,"menu_order":1,"comment_status":"closed","ping_status":"closed","template":"","meta":{"_acf_changed":false,"footnotes":""},"class_list":["post-9197","page","type-page","status-publish"],"acf":[],"yoast_head":"<!-- This site is optimized with the Yoast SEO plugin v27.2 - https:\/\/yoast.com\/product\/yoast-seo-wordpress\/ -->\n<title>HUEHOCO: un secolo di finitura del metallo a Wuppertal<\/title>\n<meta name=\"description\" content=\"Dal 1927 HUEHOCO definisce gli standard nella finitura dei metalli. Scoprite il nostro moderno panorama produttivo e il nostro impegno per la qualit\u00e0 \u25b6 Per saperne di pi\u00f9\" \/>\n<meta name=\"robots\" content=\"index, follow, max-snippet:-1, max-image-preview:large, max-video-preview:-1\" \/>\n<link rel=\"canonical\" href=\"https:\/\/huehoco.com\/it\/gamma-di-servizi\/produzione\/\" \/>\n<meta property=\"og:locale\" content=\"it_IT\" \/>\n<meta property=\"og:type\" content=\"article\" \/>\n<meta property=\"og:title\" content=\"HUEHOCO: un secolo di finitura del metallo a Wuppertal\" \/>\n<meta property=\"og:description\" content=\"Dal 1927 HUEHOCO definisce gli standard nella finitura dei metalli. Scoprite il nostro moderno panorama produttivo e il nostro impegno per la qualit\u00e0 \u25b6 Per saperne di pi\u00f9\" \/>\n<meta property=\"og:url\" content=\"https:\/\/huehoco.com\/it\/gamma-di-servizi\/produzione\/\" \/>\n<meta property=\"og:site_name\" content=\"HUEHOCO GmbH\" \/>\n<meta property=\"article:modified_time\" content=\"2023-10-13T10:06:00+00:00\" \/>\n<meta property=\"og:image\" content=\"https:\/\/huehoco.com\/wp-content\/uploads\/innovative-produktion.jpg\" \/>\n<meta name=\"twitter:card\" content=\"summary_large_image\" \/>\n<meta name=\"twitter:label1\" content=\"Tempo di lettura stimato\" \/>\n\t<meta name=\"twitter:data1\" content=\"1 minuto\" \/>\n<script type=\"application\/ld+json\" class=\"yoast-schema-graph\">{\"@context\":\"https:\/\/schema.org\",\"@graph\":[{\"@type\":\"WebPage\",\"@id\":\"https:\/\/huehoco.com\/it\/gamma-di-servizi\/produzione\/\",\"url\":\"https:\/\/huehoco.com\/it\/gamma-di-servizi\/produzione\/\",\"name\":\"HUEHOCO: un secolo di finitura del metallo a Wuppertal\",\"isPartOf\":{\"@id\":\"https:\/\/huehoco.com\/it\/#website\"},\"primaryImageOfPage\":{\"@id\":\"https:\/\/huehoco.com\/it\/gamma-di-servizi\/produzione\/#primaryimage\"},\"image\":{\"@id\":\"https:\/\/huehoco.com\/it\/gamma-di-servizi\/produzione\/#primaryimage\"},\"thumbnailUrl\":\"https:\/\/huehoco.com\/wp-content\/uploads\/innovative-produktion.jpg\",\"datePublished\":\"2023-06-13T13:45:29+00:00\",\"dateModified\":\"2023-10-13T10:06:00+00:00\",\"description\":\"Dal 1927 HUEHOCO definisce gli standard nella finitura dei metalli. Scoprite il nostro moderno panorama produttivo e il nostro impegno per la qualit\u00e0 \u25b6 Per saperne di pi\u00f9\",\"breadcrumb\":{\"@id\":\"https:\/\/huehoco.com\/it\/gamma-di-servizi\/produzione\/#breadcrumb\"},\"inLanguage\":\"it-IT\",\"potentialAction\":[{\"@type\":\"ReadAction\",\"target\":[\"https:\/\/huehoco.com\/it\/gamma-di-servizi\/produzione\/\"]}]},{\"@type\":\"ImageObject\",\"inLanguage\":\"it-IT\",\"@id\":\"https:\/\/huehoco.com\/it\/gamma-di-servizi\/produzione\/#primaryimage\",\"url\":\"https:\/\/huehoco.com\/wp-content\/uploads\/innovative-produktion.jpg\",\"contentUrl\":\"https:\/\/huehoco.com\/wp-content\/uploads\/innovative-produktion.jpg\"},{\"@type\":\"BreadcrumbList\",\"@id\":\"https:\/\/huehoco.com\/it\/gamma-di-servizi\/produzione\/#breadcrumb\",\"itemListElement\":[{\"@type\":\"ListItem\",\"position\":1,\"name\":\"Startseite\",\"item\":\"https:\/\/huehoco.com\/it\/\"},{\"@type\":\"ListItem\",\"position\":2,\"name\":\"Privat: Gamma di servizi\",\"item\":\"https:\/\/huehoco.com\/it\/?page_id=486\"},{\"@type\":\"ListItem\",\"position\":3,\"name\":\"Produzione\"}]},{\"@type\":\"WebSite\",\"@id\":\"https:\/\/huehoco.com\/it\/#website\",\"url\":\"https:\/\/huehoco.com\/it\/\",\"name\":\"HUEHOCO GmbH\",\"description\":\"\",\"publisher\":{\"@id\":\"https:\/\/huehoco.com\/it\/#organization\"},\"potentialAction\":[{\"@type\":\"SearchAction\",\"target\":{\"@type\":\"EntryPoint\",\"urlTemplate\":\"https:\/\/huehoco.com\/it\/?s={search_term_string}\"},\"query-input\":{\"@type\":\"PropertyValueSpecification\",\"valueRequired\":true,\"valueName\":\"search_term_string\"}}],\"inLanguage\":\"it-IT\"},{\"@type\":\"Organization\",\"@id\":\"https:\/\/huehoco.com\/it\/#organization\",\"name\":\"HUEHOCO GmbH\",\"url\":\"https:\/\/huehoco.com\/it\/\",\"logo\":{\"@type\":\"ImageObject\",\"inLanguage\":\"it-IT\",\"@id\":\"https:\/\/huehoco.com\/it\/#\/schema\/logo\/image\/\",\"url\":\"https:\/\/huehoco.com\/wp-content\/uploads\/huehoho-group.png\",\"contentUrl\":\"https:\/\/huehoco.com\/wp-content\/uploads\/huehoho-group.png\",\"width\":1232,\"height\":285,\"caption\":\"HUEHOCO GmbH\"},\"image\":{\"@id\":\"https:\/\/huehoco.com\/it\/#\/schema\/logo\/image\/\"}}]}<\/script>\n<!-- \/ Yoast SEO plugin. -->","yoast_head_json":{"title":"HUEHOCO: un secolo di finitura del metallo a Wuppertal","description":"Dal 1927 HUEHOCO definisce gli standard nella finitura dei metalli. Scoprite il nostro moderno panorama produttivo e il nostro impegno per la qualit\u00e0 \u25b6 Per saperne di pi\u00f9","robots":{"index":"index","follow":"follow","max-snippet":"max-snippet:-1","max-image-preview":"max-image-preview:large","max-video-preview":"max-video-preview:-1"},"canonical":"https:\/\/huehoco.com\/it\/gamma-di-servizi\/produzione\/","og_locale":"it_IT","og_type":"article","og_title":"HUEHOCO: un secolo di finitura del metallo a Wuppertal","og_description":"Dal 1927 HUEHOCO definisce gli standard nella finitura dei metalli. Scoprite il nostro moderno panorama produttivo e il nostro impegno per la qualit\u00e0 \u25b6 Per saperne di pi\u00f9","og_url":"https:\/\/huehoco.com\/it\/gamma-di-servizi\/produzione\/","og_site_name":"HUEHOCO GmbH","article_modified_time":"2023-10-13T10:06:00+00:00","og_image":[{"url":"https:\/\/huehoco.com\/wp-content\/uploads\/innovative-produktion.jpg","type":"","width":"","height":""}],"twitter_card":"summary_large_image","twitter_misc":{"Tempo di lettura stimato":"1 minuto"},"schema":{"@context":"https:\/\/schema.org","@graph":[{"@type":"WebPage","@id":"https:\/\/huehoco.com\/it\/gamma-di-servizi\/produzione\/","url":"https:\/\/huehoco.com\/it\/gamma-di-servizi\/produzione\/","name":"HUEHOCO: un secolo di finitura del metallo a Wuppertal","isPartOf":{"@id":"https:\/\/huehoco.com\/it\/#website"},"primaryImageOfPage":{"@id":"https:\/\/huehoco.com\/it\/gamma-di-servizi\/produzione\/#primaryimage"},"image":{"@id":"https:\/\/huehoco.com\/it\/gamma-di-servizi\/produzione\/#primaryimage"},"thumbnailUrl":"https:\/\/huehoco.com\/wp-content\/uploads\/innovative-produktion.jpg","datePublished":"2023-06-13T13:45:29+00:00","dateModified":"2023-10-13T10:06:00+00:00","description":"Dal 1927 HUEHOCO definisce gli standard nella finitura dei metalli. Scoprite il nostro moderno panorama produttivo e il nostro impegno per la qualit\u00e0 \u25b6 Per saperne di pi\u00f9","breadcrumb":{"@id":"https:\/\/huehoco.com\/it\/gamma-di-servizi\/produzione\/#breadcrumb"},"inLanguage":"it-IT","potentialAction":[{"@type":"ReadAction","target":["https:\/\/huehoco.com\/it\/gamma-di-servizi\/produzione\/"]}]},{"@type":"ImageObject","inLanguage":"it-IT","@id":"https:\/\/huehoco.com\/it\/gamma-di-servizi\/produzione\/#primaryimage","url":"https:\/\/huehoco.com\/wp-content\/uploads\/innovative-produktion.jpg","contentUrl":"https:\/\/huehoco.com\/wp-content\/uploads\/innovative-produktion.jpg"},{"@type":"BreadcrumbList","@id":"https:\/\/huehoco.com\/it\/gamma-di-servizi\/produzione\/#breadcrumb","itemListElement":[{"@type":"ListItem","position":1,"name":"Startseite","item":"https:\/\/huehoco.com\/it\/"},{"@type":"ListItem","position":2,"name":"Privat: Gamma di servizi","item":"https:\/\/huehoco.com\/it\/?page_id=486"},{"@type":"ListItem","position":3,"name":"Produzione"}]},{"@type":"WebSite","@id":"https:\/\/huehoco.com\/it\/#website","url":"https:\/\/huehoco.com\/it\/","name":"HUEHOCO GmbH","description":"","publisher":{"@id":"https:\/\/huehoco.com\/it\/#organization"},"potentialAction":[{"@type":"SearchAction","target":{"@type":"EntryPoint","urlTemplate":"https:\/\/huehoco.com\/it\/?s={search_term_string}"},"query-input":{"@type":"PropertyValueSpecification","valueRequired":true,"valueName":"search_term_string"}}],"inLanguage":"it-IT"},{"@type":"Organization","@id":"https:\/\/huehoco.com\/it\/#organization","name":"HUEHOCO GmbH","url":"https:\/\/huehoco.com\/it\/","logo":{"@type":"ImageObject","inLanguage":"it-IT","@id":"https:\/\/huehoco.com\/it\/#\/schema\/logo\/image\/","url":"https:\/\/huehoco.com\/wp-content\/uploads\/huehoho-group.png","contentUrl":"https:\/\/huehoco.com\/wp-content\/uploads\/huehoho-group.png","width":1232,"height":285,"caption":"HUEHOCO GmbH"},"image":{"@id":"https:\/\/huehoco.com\/it\/#\/schema\/logo\/image\/"}}]}},"_links":{"self":[{"href":"https:\/\/huehoco.com\/it\/wp-json\/wp\/v2\/pages\/9197","targetHints":{"allow":["GET"]}}],"collection":[{"href":"https:\/\/huehoco.com\/it\/wp-json\/wp\/v2\/pages"}],"about":[{"href":"https:\/\/huehoco.com\/it\/wp-json\/wp\/v2\/types\/page"}],"author":[{"embeddable":true,"href":"https:\/\/huehoco.com\/it\/wp-json\/wp\/v2\/users\/1"}],"replies":[{"embeddable":true,"href":"https:\/\/huehoco.com\/it\/wp-json\/wp\/v2\/comments?post=9197"}],"version-history":[{"count":0,"href":"https:\/\/huehoco.com\/it\/wp-json\/wp\/v2\/pages\/9197\/revisions"}],"up":[{"embeddable":true,"href":"https:\/\/huehoco.com\/it\/wp-json\/wp\/v2\/pages\/9084"}],"wp:attachment":[{"href":"https:\/\/huehoco.com\/it\/wp-json\/wp\/v2\/media?parent=9197"}],"curies":[{"name":"wp","href":"https:\/\/api.w.org\/{rel}","templated":true}]}}