{"id":9283,"date":"2023-04-06T14:34:03","date_gmt":"2023-04-06T12:34:03","guid":{"rendered":"https:\/\/huehoco-gmbh.pixel-tal.de\/mentions-legales\/mentions-legales\/"},"modified":"2025-12-03T10:28:07","modified_gmt":"2025-12-03T09:28:07","slug":"mentions-legales","status":"publish","type":"page","link":"https:\/\/huehoco.com\/fr\/mentions-legales\/mentions-legales\/","title":{"rendered":"Mentions l\u00e9gales"},"content":{"rendered":"<section class=\"gb-container gb-container-7f827b1e gb-container-section-white\">\n<div class=\"gb-container gb-container-2e17292b\">\n<div class=\"gb-grid-wrapper gb-grid-wrapper-1edc144c\">\n<div class=\"gb-grid-column gb-grid-column-6b4b95ad\"><div class=\"gb-container gb-container-6b4b95ad\">\n\n<div class=\"wp-block-pixel-headline headlines is-subheadline-bottom has-text-align-left\"><h1 class=\"headline\" style=\"color:\">Mentions l\u00e9gales<\/h1><\/div>\n\n<\/div><\/div>\n\n<div class=\"gb-grid-column gb-grid-column-ceb59ac7\"><div class=\"gb-container gb-container-ceb59ac7\">\n\n<p>HUEHOCO GmbH<br>M\u00f6ddinghofe 31<br>42279 Wuppertal<\/p>\n\n\n\n<p><strong>Directeur g\u00e9n\u00e9ral :<\/strong><br>Marco Balzer<br>Dr. Boris Kasper<br>Michael Frank\u00a0<\/p>\n\n\n\n<p><strong>Registre du commerce<\/strong>:<br>Tribunal d&#8217;instance de Wuppertal<br>HRB 16823<\/p>\n\n\n\n<div class=\"wp-block-pixel-headline headlines is-subheadline-bottom has-text-align-left is-gap-xs\"><h5 class=\"headline\" style=\"color:\">Contact<\/h5><\/div>\n\n\n\n<p>T\u00e9l\u00e9phone : <a href=\"tel:490202647780\">+49 (0) 202 64778-0<\/a><br>T\u00e9l\u00e9copieur : +49 (0) 202 64778-69<br>Courrier \u00e9lectronique : <a href=\"mailto:info@huehoco.de\">info@huehoco.de<\/a><\/p>\n\n\n\n<div class=\"wp-block-pixel-headline headlines is-subheadline-bottom has-text-align-left is-gap-xs\"><h5 class=\"headline\" style=\"color:\">Num\u00e9ro d&#8217;identification de la taxe sur le chiffre d&#8217;affaires<\/h5><\/div>\n\n\n\n<p>Num\u00e9ro d&#8217;identification de la taxe sur le chiffre d&#8217;affaires :<br>DE236855166<\/p>\n\n\n\n<div class=\"wp-block-pixel-headline headlines is-subheadline-bottom has-text-align-left is-gap-xs\"><h5 class=\"headline\" style=\"color:\">R\u00e9alisation<\/h5><\/div>\n\n\n\n<p>Le concept, le design et la r\u00e9alisation de ce site web ont \u00e9t\u00e9 r\u00e9alis\u00e9s par :<br><a rel=\"noreferrer noopener\" href=\"https:\/\/pixelproduction.de\/\" target=\"_blank\">PixelProduction, agence de communication conceptuelle \u00e0 Wuppertal<\/a>.<\/p>\n\n<\/div><\/div>\n\n<div class=\"gb-grid-column gb-grid-column-fe327f40\"><div class=\"gb-container gb-container-fe327f40\">\n\n<div class=\"wp-block-pixel-headline headlines is-subheadline-bottom has-text-align-left is-gap-xs\"><h5 class=\"headline\" style=\"color:\">R\u00e8glement des litiges<\/h5><\/div>\n\n\n\n<p>Nous ne sommes pas pr\u00eats ou oblig\u00e9s de participer \u00e0 des proc\u00e9dures de r\u00e8glement des litiges devant un organisme de conciliation des consommateurs.<\/p>\n\n\n\n<div class=\"wp-block-pixel-headline headlines is-subheadline-bottom has-text-align-left is-gap-xs\"><h5 class=\"headline\" style=\"color:\">Responsabilit\u00e9 du contenu<\/h5><\/div>\n\n\n\n<p>En tant que prestataire de services, nous sommes tenus, conform\u00e9ment au \u00a7 7 al. 1 DDG pour ses propres contenus sur ces pages selon les lois g\u00e9n\u00e9rales. Selon les \u00a7\u00a7 8 \u00e0 10 de la loi allemande sur les services num\u00e9riques (DDG), nous ne sommes toutefois pas tenus, en tant que prestataire de services, de surveiller les informations externes transmises ou enregistr\u00e9es ou de rechercher des circonstances indiquant une activit\u00e9 ill\u00e9gale. Les obligations de supprimer ou de bloquer l&#8217;utilisation d&#8217;informations conform\u00e9ment aux lois g\u00e9n\u00e9rales restent inchang\u00e9es. Une responsabilit\u00e9 \u00e0 cet \u00e9gard n&#8217;est toutefois possible qu&#8217;\u00e0 partir du moment o\u00f9 une violation concr\u00e8te de la loi est connue. D\u00e8s que nous aurons connaissance de telles violations, nous retirerons imm\u00e9diatement ces contenus.<\/p>\n\n\n\n<div class=\"wp-block-pixel-headline headlines is-subheadline-bottom has-text-align-left is-gap-xs\"><h5 class=\"headline\" style=\"color:\">Responsabilit\u00e9 pour les liens<\/h5><\/div>\n\n\n\n<p>Notre offre contient des liens vers des sites web externes de tiers, sur le contenu desquels nous n&#8217;avons aucune influence. C&#8217;est pourquoi nous ne pouvons pas non plus nous porter garants de ces contenus \u00e9trangers. Le fournisseur ou l&#8217;exploitant des pages li\u00e9es est toujours responsable du contenu de ces pages. Les pages li\u00e9es ont \u00e9t\u00e9 v\u00e9rifi\u00e9es au moment de la cr\u00e9ation du lien afin de s&#8217;assurer qu&#8217;elles n&#8217;enfreignaient pas la loi. Aucun contenu ill\u00e9gal n&#8217;a \u00e9t\u00e9 identifi\u00e9 au moment de la cr\u00e9ation des liens.<br>Un contr\u00f4le permanent du contenu des pages li\u00e9es n&#8217;est toutefois pas exigible sans indices concrets d&#8217;une violation de la loi. D\u00e8s que nous aurons connaissance de violations de la loi, nous supprimerons imm\u00e9diatement de tels liens.<\/p>\n\n\n\n<div class=\"wp-block-pixel-headline headlines is-subheadline-bottom has-text-align-left is-gap-xs\"><h5 class=\"headline\" style=\"color:\">Droit d&#8217;auteur<\/h5><\/div>\n\n\n\n<p>Les contenus et \u0153uvres cr\u00e9\u00e9s par les exploitants de ces pages sont soumis au droit d&#8217;auteur allemand. La reproduction, le traitement, la diffusion et toute forme d&#8217;exploitation en dehors des limites du droit d&#8217;auteur requi\u00e8rent l&#8217;accord \u00e9crit de l&#8217;auteur ou du cr\u00e9ateur concern\u00e9. Les t\u00e9l\u00e9chargements et les copies de cette page ne sont autoris\u00e9s que pour un usage priv\u00e9 et non commercial.<br>Dans la mesure o\u00f9 les contenus de ce site n&#8217;ont pas \u00e9t\u00e9 cr\u00e9\u00e9s par l&#8217;exploitant, les droits d&#8217;auteur de tiers sont respect\u00e9s. En particulier, les contenus de tiers sont identifi\u00e9s comme tels. Si vous deviez n\u00e9anmoins constater une violation des droits d&#8217;auteur, nous vous prions de nous en informer. D\u00e8s que nous aurons connaissance d&#8217;une violation de la loi, nous supprimerons imm\u00e9diatement de tels contenus.<\/p>\n\n<\/div><\/div>\n<\/div>\n<\/div>\n<\/section>","protected":false},"excerpt":{"rendered":"","protected":false},"author":1,"featured_media":0,"parent":9075,"menu_order":1,"comment_status":"closed","ping_status":"closed","template":"","meta":{"_acf_changed":false,"footnotes":""},"class_list":["post-9283","page","type-page","status-publish"],"acf":[],"yoast_head":"<!-- This site is optimized with the Yoast SEO plugin v27.2 - https:\/\/yoast.com\/product\/yoast-seo-wordpress\/ -->\n<title>Mentions l\u00e9gales de l&#039;HUEHOCO GmbH<\/title>\n<meta name=\"description\" content=\"Informez-vous sur les donn\u00e9es juridiques et de responsabilit\u00e9 de notre site web.\" \/>\n<meta name=\"robots\" content=\"index, follow, max-snippet:-1, max-image-preview:large, max-video-preview:-1\" \/>\n<link rel=\"canonical\" href=\"https:\/\/huehoco.com\/fr\/mentions-legales\/mentions-legales\/\" \/>\n<meta property=\"og:locale\" content=\"fr_FR\" \/>\n<meta property=\"og:type\" content=\"article\" \/>\n<meta property=\"og:title\" content=\"Mentions l\u00e9gales de l&#039;HUEHOCO GmbH\" \/>\n<meta property=\"og:description\" content=\"Informez-vous sur les donn\u00e9es juridiques et de responsabilit\u00e9 de notre site web.\" \/>\n<meta property=\"og:url\" content=\"https:\/\/huehoco.com\/fr\/mentions-legales\/mentions-legales\/\" \/>\n<meta property=\"og:site_name\" content=\"HUEHOCO GmbH\" \/>\n<meta property=\"article:modified_time\" content=\"2025-12-03T09:28:07+00:00\" \/>\n<meta name=\"twitter:card\" content=\"summary_large_image\" \/>\n<meta name=\"twitter:label1\" content=\"Dur\u00e9e de lecture estim\u00e9e\" \/>\n\t<meta name=\"twitter:data1\" content=\"3 minutes\" \/>\n<script type=\"application\/ld+json\" class=\"yoast-schema-graph\">{\"@context\":\"https:\/\/schema.org\",\"@graph\":[{\"@type\":\"WebPage\",\"@id\":\"https:\/\/huehoco.com\/fr\/mentions-legales\/mentions-legales\/\",\"url\":\"https:\/\/huehoco.com\/fr\/mentions-legales\/mentions-legales\/\",\"name\":\"Mentions l\u00e9gales de l'HUEHOCO GmbH\",\"isPartOf\":{\"@id\":\"https:\/\/huehoco.com\/fr\/#website\"},\"datePublished\":\"2023-04-06T12:34:03+00:00\",\"dateModified\":\"2025-12-03T09:28:07+00:00\",\"description\":\"Informez-vous sur les donn\u00e9es juridiques et de responsabilit\u00e9 de notre site web.\",\"breadcrumb\":{\"@id\":\"https:\/\/huehoco.com\/fr\/mentions-legales\/mentions-legales\/#breadcrumb\"},\"inLanguage\":\"fr-FR\",\"potentialAction\":[{\"@type\":\"ReadAction\",\"target\":[\"https:\/\/huehoco.com\/fr\/mentions-legales\/mentions-legales\/\"]}]},{\"@type\":\"BreadcrumbList\",\"@id\":\"https:\/\/huehoco.com\/fr\/mentions-legales\/mentions-legales\/#breadcrumb\",\"itemListElement\":[{\"@type\":\"ListItem\",\"position\":1,\"name\":\"Startseite\",\"item\":\"https:\/\/huehoco.com\/fr\/\"},{\"@type\":\"ListItem\",\"position\":2,\"name\":\"Mentions l\u00e9gales\",\"item\":\"https:\/\/huehoco.com\/fr\/rechtliches\/\"},{\"@type\":\"ListItem\",\"position\":3,\"name\":\"Mentions l\u00e9gales\"}]},{\"@type\":\"WebSite\",\"@id\":\"https:\/\/huehoco.com\/fr\/#website\",\"url\":\"https:\/\/huehoco.com\/fr\/\",\"name\":\"HUEHOCO GmbH\",\"description\":\"\",\"publisher\":{\"@id\":\"https:\/\/huehoco.com\/fr\/#organization\"},\"potentialAction\":[{\"@type\":\"SearchAction\",\"target\":{\"@type\":\"EntryPoint\",\"urlTemplate\":\"https:\/\/huehoco.com\/fr\/?s={search_term_string}\"},\"query-input\":{\"@type\":\"PropertyValueSpecification\",\"valueRequired\":true,\"valueName\":\"search_term_string\"}}],\"inLanguage\":\"fr-FR\"},{\"@type\":\"Organization\",\"@id\":\"https:\/\/huehoco.com\/fr\/#organization\",\"name\":\"HUEHOCO GmbH\",\"url\":\"https:\/\/huehoco.com\/fr\/\",\"logo\":{\"@type\":\"ImageObject\",\"inLanguage\":\"fr-FR\",\"@id\":\"https:\/\/huehoco.com\/fr\/#\/schema\/logo\/image\/\",\"url\":\"https:\/\/huehoco.com\/wp-content\/uploads\/huehoho-group.png\",\"contentUrl\":\"https:\/\/huehoco.com\/wp-content\/uploads\/huehoho-group.png\",\"width\":1232,\"height\":285,\"caption\":\"HUEHOCO GmbH\"},\"image\":{\"@id\":\"https:\/\/huehoco.com\/fr\/#\/schema\/logo\/image\/\"}}]}<\/script>\n<!-- \/ Yoast SEO plugin. -->","yoast_head_json":{"title":"Mentions l\u00e9gales de l'HUEHOCO GmbH","description":"Informez-vous sur les donn\u00e9es juridiques et de responsabilit\u00e9 de notre site web.","robots":{"index":"index","follow":"follow","max-snippet":"max-snippet:-1","max-image-preview":"max-image-preview:large","max-video-preview":"max-video-preview:-1"},"canonical":"https:\/\/huehoco.com\/fr\/mentions-legales\/mentions-legales\/","og_locale":"fr_FR","og_type":"article","og_title":"Mentions l\u00e9gales de l'HUEHOCO GmbH","og_description":"Informez-vous sur les donn\u00e9es juridiques et de responsabilit\u00e9 de notre site web.","og_url":"https:\/\/huehoco.com\/fr\/mentions-legales\/mentions-legales\/","og_site_name":"HUEHOCO GmbH","article_modified_time":"2025-12-03T09:28:07+00:00","twitter_card":"summary_large_image","twitter_misc":{"Dur\u00e9e de lecture estim\u00e9e":"3 minutes"},"schema":{"@context":"https:\/\/schema.org","@graph":[{"@type":"WebPage","@id":"https:\/\/huehoco.com\/fr\/mentions-legales\/mentions-legales\/","url":"https:\/\/huehoco.com\/fr\/mentions-legales\/mentions-legales\/","name":"Mentions l\u00e9gales de l'HUEHOCO GmbH","isPartOf":{"@id":"https:\/\/huehoco.com\/fr\/#website"},"datePublished":"2023-04-06T12:34:03+00:00","dateModified":"2025-12-03T09:28:07+00:00","description":"Informez-vous sur les donn\u00e9es juridiques et de responsabilit\u00e9 de notre site web.","breadcrumb":{"@id":"https:\/\/huehoco.com\/fr\/mentions-legales\/mentions-legales\/#breadcrumb"},"inLanguage":"fr-FR","potentialAction":[{"@type":"ReadAction","target":["https:\/\/huehoco.com\/fr\/mentions-legales\/mentions-legales\/"]}]},{"@type":"BreadcrumbList","@id":"https:\/\/huehoco.com\/fr\/mentions-legales\/mentions-legales\/#breadcrumb","itemListElement":[{"@type":"ListItem","position":1,"name":"Startseite","item":"https:\/\/huehoco.com\/fr\/"},{"@type":"ListItem","position":2,"name":"Mentions l\u00e9gales","item":"https:\/\/huehoco.com\/fr\/rechtliches\/"},{"@type":"ListItem","position":3,"name":"Mentions l\u00e9gales"}]},{"@type":"WebSite","@id":"https:\/\/huehoco.com\/fr\/#website","url":"https:\/\/huehoco.com\/fr\/","name":"HUEHOCO GmbH","description":"","publisher":{"@id":"https:\/\/huehoco.com\/fr\/#organization"},"potentialAction":[{"@type":"SearchAction","target":{"@type":"EntryPoint","urlTemplate":"https:\/\/huehoco.com\/fr\/?s={search_term_string}"},"query-input":{"@type":"PropertyValueSpecification","valueRequired":true,"valueName":"search_term_string"}}],"inLanguage":"fr-FR"},{"@type":"Organization","@id":"https:\/\/huehoco.com\/fr\/#organization","name":"HUEHOCO GmbH","url":"https:\/\/huehoco.com\/fr\/","logo":{"@type":"ImageObject","inLanguage":"fr-FR","@id":"https:\/\/huehoco.com\/fr\/#\/schema\/logo\/image\/","url":"https:\/\/huehoco.com\/wp-content\/uploads\/huehoho-group.png","contentUrl":"https:\/\/huehoco.com\/wp-content\/uploads\/huehoho-group.png","width":1232,"height":285,"caption":"HUEHOCO GmbH"},"image":{"@id":"https:\/\/huehoco.com\/fr\/#\/schema\/logo\/image\/"}}]}},"_links":{"self":[{"href":"https:\/\/huehoco.com\/fr\/wp-json\/wp\/v2\/pages\/9283","targetHints":{"allow":["GET"]}}],"collection":[{"href":"https:\/\/huehoco.com\/fr\/wp-json\/wp\/v2\/pages"}],"about":[{"href":"https:\/\/huehoco.com\/fr\/wp-json\/wp\/v2\/types\/page"}],"author":[{"embeddable":true,"href":"https:\/\/huehoco.com\/fr\/wp-json\/wp\/v2\/users\/1"}],"replies":[{"embeddable":true,"href":"https:\/\/huehoco.com\/fr\/wp-json\/wp\/v2\/comments?post=9283"}],"version-history":[{"count":5,"href":"https:\/\/huehoco.com\/fr\/wp-json\/wp\/v2\/pages\/9283\/revisions"}],"predecessor-version":[{"id":10897,"href":"https:\/\/huehoco.com\/fr\/wp-json\/wp\/v2\/pages\/9283\/revisions\/10897"}],"up":[{"embeddable":true,"href":"https:\/\/huehoco.com\/fr\/wp-json\/wp\/v2\/pages\/9075"}],"wp:attachment":[{"href":"https:\/\/huehoco.com\/fr\/wp-json\/wp\/v2\/media?parent=9283"}],"curies":[{"name":"wp","href":"https:\/\/api.w.org\/{rel}","templated":true}]}}