{"id":9279,"date":"2023-06-13T15:33:02","date_gmt":"2023-06-13T13:33:02","guid":{"rendered":"https:\/\/huehoco-gmbh.pixel-tal.de\/entreprise\/valeurs-et-visions\/"},"modified":"2023-10-13T12:06:12","modified_gmt":"2023-10-13T10:06:12","slug":"valeurs-et-visions","status":"publish","type":"page","link":"https:\/\/huehoco.com\/fr\/entreprise\/valeurs-et-visions\/","title":{"rendered":"Valeurs et visions"},"content":{"rendered":"        \r\n            <!-- hero -->\r\n        \r\n                    \r\n            <div id=\"hero-2e31799a784a25fe31c5a1d135665052\" class=\"hero\">\r\n\t\t\t\t<div class=\"hero-slider\">\t\t\t\t\n        \r\n            <!-- hero -->\r\n        \r\n                    \r\n            <div  class=\"hero-slide hero-slide-4e540f82a6b2469349e0bf31e427d033 \">\r\n\r\n\t\t\t\t<div class=\"hero-canvas\">\r\n\t\t\t\t\t<div class=\"hero-content\">\r\n\t\t\t\t\t\t<span class=\"hero-subheadline subheadline\">Le respect avec engagement<\/span>\t\t\t\t\t\t<h1 class=\"hero-headline headline\">Notre vision<\/h1>\t\t\t\t\t\t\t\t\t\t\t<\/div>\r\n\t\t\t\t<\/div>\r\n\r\n                \t\t\t\t\t<div class=\"hero-background\">\r\n                        <div class=\"hero-overlay\"><\/div>\r\n\t\t\t\t\t\t<img decoding=\"async\" src=\"https:\/\/huehoco.com\/wp-content\/uploads\/hero-vision.jpg\" \/>\r\n\t\t\t\t\t<\/div>\r\n\t\t\t\t\r\n                \r\n\t\t\t<\/div>\r\n        \r\n                    \r\n            <!-- end:hero -->\r\n        \r\n            \n\r\n\t\t\t\t<\/div>\t\t\t<\/div>\r\n        \r\n                    \r\n            <!-- end:hero -->\r\n        \r\n            <section class=\"gb-container gb-container-91ab36d0 gb-container-section-white\" id=\"intro\">\n<div class=\"gb-container gb-container-2c1e5245\">\n<div class=\"gb-grid-wrapper gb-grid-wrapper-bec5e074\">\n<div class=\"gb-grid-column gb-grid-column-5695831f\"><div class=\"gb-container gb-container-5695831f\" data-aos=\"fade-right\">\n\n<div class=\"wp-block-pixel-headline headlines is-subheadline-top has-text-align-left\"><h2 class=\"headline\" style=\"color:\">Nous rendons les produits fiers<\/h2><span class=\"subheadline\" style=\"color:\">GROUPE HUEHOCO<\/span><\/div>\n\n<\/div><\/div>\n\n<div class=\"gb-grid-column gb-grid-column-feff83bb\"><div class=\"gb-container gb-container-feff83bb\" data-aos=\"fade-right\">\n\n<p>Cette vision exprime l&#8217;essence, l&#8217;unicit\u00e9 de notre groupe et transmet ce qui nous d\u00e9finit et nous d\u00e9finira \u00e0 l&#8217;avenir.<\/p>\n\n\n\n<p><strong>Mais &#8230; qui sommes-nous ? Que sommes-nous ? Comment sommes-nous ?<\/strong><\/p>\n\n\n\n<p>Philosophie d&#8217;entreprise, valeurs et principes directeurs &#8211; que disent-ils de nous ? Est-ce qu&#8217;on nous impose quelque chose ou est-ce que nous vivons ce que nous &#8220;mettons en avant&#8221; ? Il n&#8217;est peut-\u00eatre pas non plus n\u00e9cessaire de r\u00e9pondre \u00e0 tous les crit\u00e8res \u00e0 tout moment et dans toutes les situations. Mais il doit y avoir un objectif unifi\u00e9 !<\/p>\n\n\n\n<p>Un code de conduite commun auquel nous pouvons nous r\u00e9f\u00e9rer.<\/p>\n\n\n\n<p>Une vision claire des valeurs, des prises de d\u00e9cision qui continueront \u00e0 fa\u00e7onner notre groupe HUEHOCO dans les ann\u00e9es \u00e0 venir et \u00e0 l&#8217;accompagner dans sa marche vers l&#8217;avenir.<\/p>\n\n\n\n<p class=\"has-color-light-color has-text-color\"><strong>Nous vous emmenons volontiers sur ce chemin.<\/strong><\/p>\n\n<\/div><\/div>\n\n<div class=\"gb-grid-column gb-grid-column-d13f797f\"><div class=\"gb-container gb-container-d13f797f\" data-aos=\"fade-left\">\n\n<figure class=\"wp-block-embed is-type-video is-provider-youtube wp-block-embed-youtube wp-embed-aspect-16-9 wp-has-aspect-ratio\"><div class=\"wp-block-embed__wrapper\">\n <div class=\"brlbs-cmpnt-container brlbs-cmpnt-content-blocker brlbs-cmpnt-with-individual-styles\" data-borlabs-cookie-content-blocker-id=\"youtube-content-blocker\" data-borlabs-cookie-content=\"PGlmcmFtZSB0aXRsZT0iSFVFSE9DTyBXZXJ0ZSIgd2lkdGg9IjE3NzgiIGhlaWdodD0iMTAwMCIgc3JjPSJodHRwczovL3d3dy55b3V0dWJlLW5vY29va2llLmNvbS9lbWJlZC82QTFQZld4Z2RwWT9mZWF0dXJlPW9lbWJlZCIgZnJhbWVib3JkZXI9IjAiIGFsbG93PSJhY2NlbGVyb21ldGVyOyBhdXRvcGxheTsgY2xpcGJvYXJkLXdyaXRlOyBlbmNyeXB0ZWQtbWVkaWE7IGd5cm9zY29wZTsgcGljdHVyZS1pbi1waWN0dXJlOyB3ZWItc2hhcmUiIGFsbG93ZnVsbHNjcmVlbj48L2lmcmFtZT4=\"><div class=\"brlbs-cmpnt-cb-preset-c brlbs-cmpnt-cb-youtube\"> <div class=\"brlbs-cmpnt-cb-thumbnail\" style=\"background-image: url('https:\/\/huehoco.com\/wp-content\/uploads\/borlabs-cookie\/1\/yt_6A1PfWxgdpY_hqdefault.jpg')\"><\/div> <div class=\"brlbs-cmpnt-cb-main\"> <div class=\"brlbs-cmpnt-cb-play-button\"><\/div> <div class=\"brlbs-cmpnt-cb-content\"> <p class=\"brlbs-cmpnt-cb-description\">Vous \u00eates actuellement en train de consulter le contenu d&#8217;un espace r\u00e9serv\u00e9 de <strong>YouTube<\/strong>. Pour acc\u00e9der au contenu r\u00e9el, cliquez sur le bouton ci-dessous. Veuillez noter que ce faisant, des donn\u00e9es seront partag\u00e9es avec des providers tiers.<\/p> <a class=\"brlbs-cmpnt-cb-provider-toggle\" href=\"#\" data-borlabs-cookie-show-provider-information role=\"button\">Plus d&#8217;informations<\/a> <\/div> <div class=\"brlbs-cmpnt-cb-buttons\"> <a class=\"brlbs-cmpnt-cb-btn\" href=\"#\" data-borlabs-cookie-unblock role=\"button\">D\u00e9bloquer le contenu<\/a> <a class=\"brlbs-cmpnt-cb-btn\" href=\"#\" data-borlabs-cookie-accept-service role=\"button\" style=\"display: inherit\">Accepter le service requis et d\u00e9bloquer les contenus<\/a> <\/div> <\/div> <\/div><\/div>\n<\/div><\/figure>\n\n<\/div><\/div>\n<\/div>\n<\/div>\n<\/section><section class=\"gb-container gb-container-cd0a9321 gb-container-section-gradient\" id=\"werte\">\n<div class=\"gb-container gb-container-4469bb1b\">\n<div class=\"gb-grid-wrapper gb-grid-wrapper-722095b5\">\n<div class=\"gb-grid-column gb-grid-column-6c8b95ad\"><div class=\"gb-container gb-container-6c8b95ad\">\n\n<div class=\"wp-block-pixel-headline headlines is-subheadline-bottom has-text-align-left is-gap-sm\"><h2 class=\"headline is-h1\" style=\"color:\">Nos valeurs<\/h2><\/div>\n\n\n\n<p>C&#8217;est par nos valeurs que nous nous d\u00e9finissons et que nous nous comportons les uns avec les autres, que ce soit au sein de l&#8217;entreprise ou en relation avec notre environnement.<\/p>\n\n<\/div><\/div>\n<\/div>\n<\/div>\n\n<div class=\"gb-container gb-container-70ce0e7a werte-container\">\n<div class=\"gb-grid-wrapper gb-grid-wrapper-559beca1\">\n<div class=\"gb-grid-column gb-grid-column-ed3ef3f9\"><div class=\"gb-container gb-container-ed3ef3f9\">\n\n<figure class=\"gb-block-image gb-block-image-f40d4fe0\"><img loading=\"lazy\" decoding=\"async\" width=\"700\" height=\"700\" class=\"gb-image gb-image-f40d4fe0\" src=\"https:\/\/huehoco.pixel-tal.de\/wp-content\/uploads\/werte_01.jpg\" alt=\"\" title=\"valeurs_01\" srcset=\"https:\/\/huehoco.com\/wp-content\/uploads\/werte_01.jpg 700w, https:\/\/huehoco.com\/wp-content\/uploads\/werte_01-300x300.jpg 300w, https:\/\/huehoco.com\/wp-content\/uploads\/werte_01-150x150.jpg 150w, https:\/\/huehoco.com\/wp-content\/uploads\/werte_01-75x75.jpg 75w, https:\/\/huehoco.com\/wp-content\/uploads\/werte_01-120x120.jpg 120w\" sizes=\"auto, (max-width: 700px) 100vw, 700px\" \/><\/figure>\n\n<\/div><\/div>\n\n<div class=\"gb-grid-column gb-grid-column-010bf4d1 gb-grid-column-box-fade\"><div class=\"gb-container gb-container-010bf4d1 gb-container-box-fade\">\n\n<div class=\"wp-block-pixel-headline headlines is-subheadline-bottom has-text-align-center is-gap-off\"><h3 class=\"headline\" style=\"color:var(--color-light)\">Respect<\/h3><\/div>\n\n\n\n<p class=\"has-text-align-center\">Respect de toutes les cr\u00e9atures et ressources de notre plan\u00e8te.<\/p>\n\n<\/div><\/div>\n\n<div class=\"gb-grid-column gb-grid-column-1cf789a3\"><div class=\"gb-container gb-container-1cf789a3\">\n\n<figure class=\"gb-block-image gb-block-image-befa5142\"><img loading=\"lazy\" decoding=\"async\" width=\"700\" height=\"700\" class=\"gb-image gb-image-befa5142\" src=\"https:\/\/huehoco.pixel-tal.de\/wp-content\/uploads\/werte_02.jpg\" alt=\"\" title=\"valeurs_02\" srcset=\"https:\/\/huehoco.com\/wp-content\/uploads\/werte_02.jpg 700w, https:\/\/huehoco.com\/wp-content\/uploads\/werte_02-300x300.jpg 300w, https:\/\/huehoco.com\/wp-content\/uploads\/werte_02-150x150.jpg 150w, https:\/\/huehoco.com\/wp-content\/uploads\/werte_02-75x75.jpg 75w, https:\/\/huehoco.com\/wp-content\/uploads\/werte_02-120x120.jpg 120w\" sizes=\"auto, (max-width: 700px) 100vw, 700px\" \/><\/figure>\n\n<\/div><\/div>\n\n<div class=\"gb-grid-column gb-grid-column-57af6006 gb-grid-column-box-fade\"><div class=\"gb-container gb-container-57af6006 gb-container-box-fade\">\n\n<div class=\"wp-block-pixel-headline headlines is-subheadline-bottom has-text-align-center is-gap-off\"><h3 class=\"headline\" style=\"color:var(--color-light)\">Courage<\/h3><\/div>\n\n\n\n<p class=\"has-text-align-center\">Sortir activement des sentiers battus, penser diff\u00e9remment et assumer la responsabilit\u00e9 de ses propres actions.<\/p>\n\n<\/div><\/div>\n\n<div class=\"gb-grid-column gb-grid-column-22fdcb60\"><div class=\"gb-container gb-container-22fdcb60\">\n\n<figure class=\"gb-block-image gb-block-image-1b4c3e55\"><img loading=\"lazy\" decoding=\"async\" width=\"700\" height=\"700\" class=\"gb-image gb-image-1b4c3e55\" src=\"https:\/\/huehoco.pixel-tal.de\/wp-content\/uploads\/werte_03.jpg\" alt=\"\" title=\"valeurs_03\" srcset=\"https:\/\/huehoco.com\/wp-content\/uploads\/werte_03.jpg 700w, https:\/\/huehoco.com\/wp-content\/uploads\/werte_03-300x300.jpg 300w, https:\/\/huehoco.com\/wp-content\/uploads\/werte_03-150x150.jpg 150w, https:\/\/huehoco.com\/wp-content\/uploads\/werte_03-75x75.jpg 75w, https:\/\/huehoco.com\/wp-content\/uploads\/werte_03-120x120.jpg 120w\" sizes=\"auto, (max-width: 700px) 100vw, 700px\" \/><\/figure>\n\n<\/div><\/div>\n\n<div class=\"gb-grid-column gb-grid-column-30ec78b6 gb-grid-column-box-fade\"><div class=\"gb-container gb-container-30ec78b6 gb-container-box-fade\">\n\n<div class=\"wp-block-pixel-headline headlines is-subheadline-bottom has-text-align-center is-gap-off\"><h3 class=\"headline\" style=\"color:var(--color-light)\">Engagement<\/h3><\/div>\n\n\n\n<p class=\"has-text-align-center\">Une pens\u00e9e orient\u00e9e vers les solutions, associ\u00e9e \u00e0 une d\u00e9termination \u00e0 adopter une attitude positive et \u00e0 la plus grande fiabilit\u00e9 possible.<\/p>\n\n<\/div><\/div>\n\n<div class=\"gb-grid-column gb-grid-column-00318beb\"><div class=\"gb-container gb-container-00318beb\">\n\n<figure class=\"gb-block-image gb-block-image-0d6c756b\"><img loading=\"lazy\" decoding=\"async\" width=\"700\" height=\"700\" class=\"gb-image gb-image-0d6c756b\" src=\"https:\/\/huehoco.pixel-tal.de\/wp-content\/uploads\/werte_04.jpg\" alt=\"\" title=\"valeurs_04\" srcset=\"https:\/\/huehoco.com\/wp-content\/uploads\/werte_04.jpg 700w, https:\/\/huehoco.com\/wp-content\/uploads\/werte_04-300x300.jpg 300w, https:\/\/huehoco.com\/wp-content\/uploads\/werte_04-150x150.jpg 150w, https:\/\/huehoco.com\/wp-content\/uploads\/werte_04-75x75.jpg 75w, https:\/\/huehoco.com\/wp-content\/uploads\/werte_04-120x120.jpg 120w\" sizes=\"auto, (max-width: 700px) 100vw, 700px\" \/><\/figure>\n\n<\/div><\/div>\n<\/div>\n<\/div>\n<\/section><section class=\"gb-container gb-container-a92f8cce gb-container-section-white\">\n<div class=\"gb-container gb-container-1acc8506\">\n<div class=\"gb-grid-wrapper gb-grid-wrapper-1b0ff202\">\n<div class=\"gb-grid-column gb-grid-column-a90d3cfa\"><div class=\"gb-container gb-container-a90d3cfa\" data-aos=\"fade-in\">\n\n<figure class=\"gb-block-image gb-block-image-a45d6d80\"><img loading=\"lazy\" decoding=\"async\" width=\"700\" height=\"700\" class=\"gb-image gb-image-a45d6d80\" src=\"https:\/\/huehoco.com\/wp-content\/uploads\/werte_01.jpg\" alt=\"\" title=\"valeurs_01\" srcset=\"https:\/\/huehoco.com\/wp-content\/uploads\/werte_01.jpg 700w, https:\/\/huehoco.com\/wp-content\/uploads\/werte_01-300x300.jpg 300w, https:\/\/huehoco.com\/wp-content\/uploads\/werte_01-150x150.jpg 150w, https:\/\/huehoco.com\/wp-content\/uploads\/werte_01-75x75.jpg 75w, https:\/\/huehoco.com\/wp-content\/uploads\/werte_01-120x120.jpg 120w\" sizes=\"auto, (max-width: 700px) 100vw, 700px\" \/><\/figure>\n\n<\/div><\/div>\n\n<div class=\"gb-grid-column gb-grid-column-9b218cd3\"><div class=\"gb-container gb-container-9b218cd3\" data-aos=\"fade-in\">\n\n<div class=\"wp-block-pixel-headline headlines is-subheadline-bottom has-text-align-left is-gap-sm\"><h2 class=\"headline is-h1\" style=\"color:\">Durabilit\u00e9<\/h2><\/div>\n\n\n\n<p>Politique environnementale du HUEHOCO GROUP<\/p>\n\n\n\n<p>\u00c0 l&#8217;heure de la mondialisation, la politique environnementale d&#8217;une entreprise rev\u00eat une importance toujours plus grande. Les probl\u00e8mes environnementaux d\u00e9passent les fronti\u00e8res nationales et touchent aussi bien l&#8217;homme que la nature.<\/p>\n\n\n\n<p>La responsabilit\u00e9 engag\u00e9e d&#8217;une entreprise internationale doit donc s&#8217;orienter non seulement vers des directives nationales, mais aussi vers la conscience d&#8217;une gestion respectueuse des ressources naturelles de chaque espace de vie.<\/p>\n\n\n\n<p>Notre groupe HUEHOCO prend cette responsabilit\u00e9 tr\u00e8s au s\u00e9rieux et \u00e9tablit des normes gr\u00e2ce \u00e0 des techniques d&#8217;installation innovantes et au d\u00e9veloppement de mat\u00e9riaux de rev\u00eatement respectueux de l&#8217;environnement et de processus contr\u00f4l\u00e9s. Pour un avenir commun.<\/p>\n\n\n\n<p>Pour nous, en tant qu&#8217;entreprise de production, l&#8217;optimisation des lignes de production est une priorit\u00e9.<\/p>\n\n\n\n<p>Nous avons d\u00e9j\u00e0 obtenu de grands succ\u00e8s dans ce domaine gr\u00e2ce \u00e0 nos nouvelles lignes de production :<\/p>\n\n\n\n<ul class=\"wp-block-list\">\n<li>\u00c9conomies de solvants pouvant atteindre 96 % par rapport aux proc\u00e9d\u00e9s traditionnels<\/li>\n\n\n\n<li>Nette<sub>\u00e9conomie de CO2<\/sub>, certifi\u00e9e et encourag\u00e9e<\/li>\n\n\n\n<li>Propre approvisionnement en \u00e9nergie (\u00e9puration de l&#8217;air par postcombustion thermique)<\/li>\n\n\n\n<li>Jusqu&#8217;\u00e0 75 % des besoins en \u00e9nergie peuvent \u00eatre couverts par des \u00e9nergies vertes.<\/li>\n<\/ul>\n\n\n\n<p><strong>D&#8217;autres processus durables sont en cours de planification et de mise en \u0153uvre.<\/strong><\/p>\n\n<\/div><\/div>\n<\/div>\n<\/div>\n<\/section><section class=\"gb-container gb-container-4a74e636 gb-container-section-metal\">\n<div class=\"gb-container gb-container-7e72ba3d\">\n<div class=\"gb-grid-wrapper gb-grid-wrapper-2037bd13\">\n<div class=\"gb-grid-column gb-grid-column-25c3ed9c\"><div class=\"gb-container gb-container-25c3ed9c\" data-aos=\"fade-in\">\n\n<div class=\"wp-block-pixel-headline headlines is-subheadline-bottom has-text-align-left is-gap-sm\"><h2 class=\"headline is-h1\" style=\"color:\">Notre mission<\/h2><\/div>\n\n\n\n<p><strong>En tant qu&#8217;entreprise, nous nous sommes fix\u00e9 des objectifs<\/strong> qui se refl\u00e8tent dans nos principes directeurs. Ils r\u00e9pondent \u00e0 la question de notre identit\u00e9 sur le march\u00e9. Nos objectifs strat\u00e9giques s&#8217;aligneront sur eux.<\/p>\n\n\n\n<p>En tant qu&#8217;entreprise industrielle familiale et \u00e9conomiquement ind\u00e9pendante, nous sommes le partenaire leader de nos clients. Nous confirmons notre responsabilit\u00e9 dans leur r\u00e9ussite par notre volont\u00e9 absolue de r\u00e9soudre les probl\u00e8mes, m\u00eame les plus complexes. Nous combinons l&#8217;audace entrepreneuriale avec la rapidit\u00e9 et la comp\u00e9tence professionnelles. C&#8217;est ainsi que nous cr\u00e9ons de la valeur ajout\u00e9e et de la confiance sur nos march\u00e9s.<\/p>\n\n\n\n<p>Pour que chacun de nos collaborateurs puisse dire<\/p>\n\n\n\n<p><mark style=\"background-color:rgba(0, 0, 0, 0)\" class=\"has-inline-color has-color-light-color\"><strong>NOUS FAISONS LA FIERT\u00c9 DES GENS<\/strong><\/mark><\/p>\n\n<\/div><\/div>\n\n<div class=\"gb-grid-column gb-grid-column-5a61b336 gb-grid-column-blue-overlay-right\"><div class=\"gb-container gb-container-5a61b336 gb-container-blue-overlay-right\" data-aos=\"fade-in\">\n\n<figure class=\"gb-block-image gb-block-image-8604efb7\"><img loading=\"lazy\" decoding=\"async\" width=\"780\" height=\"589\" class=\"gb-image gb-image-8604efb7\" src=\"https:\/\/huehoco.pixel-tal.de\/wp-content\/uploads\/unsere_mission.jpg\" alt=\"\" title=\"notre_mission\" srcset=\"https:\/\/huehoco.com\/wp-content\/uploads\/unsere_mission.jpg 780w, https:\/\/huehoco.com\/wp-content\/uploads\/unsere_mission-300x227.jpg 300w, https:\/\/huehoco.com\/wp-content\/uploads\/unsere_mission-768x580.jpg 768w, https:\/\/huehoco.com\/wp-content\/uploads\/unsere_mission-99x75.jpg 99w, https:\/\/huehoco.com\/wp-content\/uploads\/unsere_mission-159x120.jpg 159w\" sizes=\"auto, (max-width: 780px) 100vw, 780px\" \/><\/figure>\n\n<\/div><\/div>\n<\/div>\n<\/div>\n<\/section>","protected":false},"excerpt":{"rendered":"","protected":false},"author":1,"featured_media":0,"parent":9103,"menu_order":2,"comment_status":"closed","ping_status":"closed","template":"","meta":{"_acf_changed":false,"footnotes":""},"class_list":["post-9279","page","type-page","status-publish"],"acf":[],"yoast_head":"<!-- This site is optimized with the Yoast SEO plugin v27.2 - https:\/\/yoast.com\/product\/yoast-seo-wordpress\/ -->\n<title>HUEHOCO : Responsabilit\u00e9, vision et durabilit\u00e9<\/title>\n<meta name=\"description\" content=\"D\u00e9couvrez la philosophie de l&#039;HUEHOCO GmbH, marqu\u00e9e par le respect, le courage et l&#039;engagement. Nous sommes une r\u00e9f\u00e9rence en mati\u00e8re de protection de l&#039;environnement et d&#039;innovation \u25b6 En savoir plus\" \/>\n<meta name=\"robots\" content=\"index, follow, max-snippet:-1, max-image-preview:large, max-video-preview:-1\" \/>\n<link rel=\"canonical\" href=\"https:\/\/huehoco.com\/fr\/entreprise\/valeurs-et-visions\/\" \/>\n<meta property=\"og:locale\" content=\"fr_FR\" \/>\n<meta property=\"og:type\" content=\"article\" \/>\n<meta property=\"og:title\" content=\"HUEHOCO : Responsabilit\u00e9, vision et durabilit\u00e9\" \/>\n<meta property=\"og:description\" content=\"D\u00e9couvrez la philosophie de l&#039;HUEHOCO GmbH, marqu\u00e9e par le respect, le courage et l&#039;engagement. Nous sommes une r\u00e9f\u00e9rence en mati\u00e8re de protection de l&#039;environnement et d&#039;innovation \u25b6 En savoir plus\" \/>\n<meta property=\"og:url\" content=\"https:\/\/huehoco.com\/fr\/entreprise\/valeurs-et-visions\/\" \/>\n<meta property=\"og:site_name\" content=\"HUEHOCO GmbH\" \/>\n<meta property=\"article:modified_time\" content=\"2023-10-13T10:06:12+00:00\" \/>\n<meta property=\"og:image\" content=\"https:\/\/huehoco.pixel-tal.de\/wp-content\/uploads\/werte_01.jpg\" \/>\n<meta name=\"twitter:card\" content=\"summary_large_image\" \/>\n<meta name=\"twitter:label1\" content=\"Dur\u00e9e de lecture estim\u00e9e\" \/>\n\t<meta name=\"twitter:data1\" content=\"3 minutes\" \/>\n<script type=\"application\/ld+json\" class=\"yoast-schema-graph\">{\"@context\":\"https:\/\/schema.org\",\"@graph\":[{\"@type\":\"WebPage\",\"@id\":\"https:\/\/huehoco.com\/fr\/entreprise\/valeurs-et-visions\/\",\"url\":\"https:\/\/huehoco.com\/fr\/entreprise\/valeurs-et-visions\/\",\"name\":\"HUEHOCO : Responsabilit\u00e9, vision et durabilit\u00e9\",\"isPartOf\":{\"@id\":\"https:\/\/huehoco.com\/fr\/#website\"},\"primaryImageOfPage\":{\"@id\":\"https:\/\/huehoco.com\/fr\/entreprise\/valeurs-et-visions\/#primaryimage\"},\"image\":{\"@id\":\"https:\/\/huehoco.com\/fr\/entreprise\/valeurs-et-visions\/#primaryimage\"},\"thumbnailUrl\":\"https:\/\/huehoco.pixel-tal.de\/wp-content\/uploads\/werte_01.jpg\",\"datePublished\":\"2023-06-13T13:33:02+00:00\",\"dateModified\":\"2023-10-13T10:06:12+00:00\",\"description\":\"D\u00e9couvrez la philosophie de l'HUEHOCO GmbH, marqu\u00e9e par le respect, le courage et l'engagement. Nous sommes une r\u00e9f\u00e9rence en mati\u00e8re de protection de l'environnement et d'innovation \u25b6 En savoir plus\",\"breadcrumb\":{\"@id\":\"https:\/\/huehoco.com\/fr\/entreprise\/valeurs-et-visions\/#breadcrumb\"},\"inLanguage\":\"fr-FR\",\"potentialAction\":[{\"@type\":\"ReadAction\",\"target\":[\"https:\/\/huehoco.com\/fr\/entreprise\/valeurs-et-visions\/\"]}]},{\"@type\":\"ImageObject\",\"inLanguage\":\"fr-FR\",\"@id\":\"https:\/\/huehoco.com\/fr\/entreprise\/valeurs-et-visions\/#primaryimage\",\"url\":\"https:\/\/huehoco.pixel-tal.de\/wp-content\/uploads\/werte_01.jpg\",\"contentUrl\":\"https:\/\/huehoco.pixel-tal.de\/wp-content\/uploads\/werte_01.jpg\"},{\"@type\":\"BreadcrumbList\",\"@id\":\"https:\/\/huehoco.com\/fr\/entreprise\/valeurs-et-visions\/#breadcrumb\",\"itemListElement\":[{\"@type\":\"ListItem\",\"position\":1,\"name\":\"Startseite\",\"item\":\"https:\/\/huehoco.com\/fr\/\"},{\"@type\":\"ListItem\",\"position\":2,\"name\":\"Privat: Entreprise\",\"item\":\"https:\/\/huehoco.com\/fr\/?page_id=605\"},{\"@type\":\"ListItem\",\"position\":3,\"name\":\"Valeurs et visions\"}]},{\"@type\":\"WebSite\",\"@id\":\"https:\/\/huehoco.com\/fr\/#website\",\"url\":\"https:\/\/huehoco.com\/fr\/\",\"name\":\"HUEHOCO GmbH\",\"description\":\"\",\"publisher\":{\"@id\":\"https:\/\/huehoco.com\/fr\/#organization\"},\"potentialAction\":[{\"@type\":\"SearchAction\",\"target\":{\"@type\":\"EntryPoint\",\"urlTemplate\":\"https:\/\/huehoco.com\/fr\/?s={search_term_string}\"},\"query-input\":{\"@type\":\"PropertyValueSpecification\",\"valueRequired\":true,\"valueName\":\"search_term_string\"}}],\"inLanguage\":\"fr-FR\"},{\"@type\":\"Organization\",\"@id\":\"https:\/\/huehoco.com\/fr\/#organization\",\"name\":\"HUEHOCO GmbH\",\"url\":\"https:\/\/huehoco.com\/fr\/\",\"logo\":{\"@type\":\"ImageObject\",\"inLanguage\":\"fr-FR\",\"@id\":\"https:\/\/huehoco.com\/fr\/#\/schema\/logo\/image\/\",\"url\":\"https:\/\/huehoco.com\/wp-content\/uploads\/huehoho-group.png\",\"contentUrl\":\"https:\/\/huehoco.com\/wp-content\/uploads\/huehoho-group.png\",\"width\":1232,\"height\":285,\"caption\":\"HUEHOCO GmbH\"},\"image\":{\"@id\":\"https:\/\/huehoco.com\/fr\/#\/schema\/logo\/image\/\"}}]}<\/script>\n<!-- \/ Yoast SEO plugin. -->","yoast_head_json":{"title":"HUEHOCO : Responsabilit\u00e9, vision et durabilit\u00e9","description":"D\u00e9couvrez la philosophie de l'HUEHOCO GmbH, marqu\u00e9e par le respect, le courage et l'engagement. Nous sommes une r\u00e9f\u00e9rence en mati\u00e8re de protection de l'environnement et d'innovation \u25b6 En savoir plus","robots":{"index":"index","follow":"follow","max-snippet":"max-snippet:-1","max-image-preview":"max-image-preview:large","max-video-preview":"max-video-preview:-1"},"canonical":"https:\/\/huehoco.com\/fr\/entreprise\/valeurs-et-visions\/","og_locale":"fr_FR","og_type":"article","og_title":"HUEHOCO : Responsabilit\u00e9, vision et durabilit\u00e9","og_description":"D\u00e9couvrez la philosophie de l'HUEHOCO GmbH, marqu\u00e9e par le respect, le courage et l'engagement. Nous sommes une r\u00e9f\u00e9rence en mati\u00e8re de protection de l'environnement et d'innovation \u25b6 En savoir plus","og_url":"https:\/\/huehoco.com\/fr\/entreprise\/valeurs-et-visions\/","og_site_name":"HUEHOCO GmbH","article_modified_time":"2023-10-13T10:06:12+00:00","og_image":[{"url":"https:\/\/huehoco.pixel-tal.de\/wp-content\/uploads\/werte_01.jpg","type":"","width":"","height":""}],"twitter_card":"summary_large_image","twitter_misc":{"Dur\u00e9e de lecture estim\u00e9e":"3 minutes"},"schema":{"@context":"https:\/\/schema.org","@graph":[{"@type":"WebPage","@id":"https:\/\/huehoco.com\/fr\/entreprise\/valeurs-et-visions\/","url":"https:\/\/huehoco.com\/fr\/entreprise\/valeurs-et-visions\/","name":"HUEHOCO : Responsabilit\u00e9, vision et durabilit\u00e9","isPartOf":{"@id":"https:\/\/huehoco.com\/fr\/#website"},"primaryImageOfPage":{"@id":"https:\/\/huehoco.com\/fr\/entreprise\/valeurs-et-visions\/#primaryimage"},"image":{"@id":"https:\/\/huehoco.com\/fr\/entreprise\/valeurs-et-visions\/#primaryimage"},"thumbnailUrl":"https:\/\/huehoco.pixel-tal.de\/wp-content\/uploads\/werte_01.jpg","datePublished":"2023-06-13T13:33:02+00:00","dateModified":"2023-10-13T10:06:12+00:00","description":"D\u00e9couvrez la philosophie de l'HUEHOCO GmbH, marqu\u00e9e par le respect, le courage et l'engagement. Nous sommes une r\u00e9f\u00e9rence en mati\u00e8re de protection de l'environnement et d'innovation \u25b6 En savoir plus","breadcrumb":{"@id":"https:\/\/huehoco.com\/fr\/entreprise\/valeurs-et-visions\/#breadcrumb"},"inLanguage":"fr-FR","potentialAction":[{"@type":"ReadAction","target":["https:\/\/huehoco.com\/fr\/entreprise\/valeurs-et-visions\/"]}]},{"@type":"ImageObject","inLanguage":"fr-FR","@id":"https:\/\/huehoco.com\/fr\/entreprise\/valeurs-et-visions\/#primaryimage","url":"https:\/\/huehoco.pixel-tal.de\/wp-content\/uploads\/werte_01.jpg","contentUrl":"https:\/\/huehoco.pixel-tal.de\/wp-content\/uploads\/werte_01.jpg"},{"@type":"BreadcrumbList","@id":"https:\/\/huehoco.com\/fr\/entreprise\/valeurs-et-visions\/#breadcrumb","itemListElement":[{"@type":"ListItem","position":1,"name":"Startseite","item":"https:\/\/huehoco.com\/fr\/"},{"@type":"ListItem","position":2,"name":"Privat: Entreprise","item":"https:\/\/huehoco.com\/fr\/?page_id=605"},{"@type":"ListItem","position":3,"name":"Valeurs et visions"}]},{"@type":"WebSite","@id":"https:\/\/huehoco.com\/fr\/#website","url":"https:\/\/huehoco.com\/fr\/","name":"HUEHOCO GmbH","description":"","publisher":{"@id":"https:\/\/huehoco.com\/fr\/#organization"},"potentialAction":[{"@type":"SearchAction","target":{"@type":"EntryPoint","urlTemplate":"https:\/\/huehoco.com\/fr\/?s={search_term_string}"},"query-input":{"@type":"PropertyValueSpecification","valueRequired":true,"valueName":"search_term_string"}}],"inLanguage":"fr-FR"},{"@type":"Organization","@id":"https:\/\/huehoco.com\/fr\/#organization","name":"HUEHOCO GmbH","url":"https:\/\/huehoco.com\/fr\/","logo":{"@type":"ImageObject","inLanguage":"fr-FR","@id":"https:\/\/huehoco.com\/fr\/#\/schema\/logo\/image\/","url":"https:\/\/huehoco.com\/wp-content\/uploads\/huehoho-group.png","contentUrl":"https:\/\/huehoco.com\/wp-content\/uploads\/huehoho-group.png","width":1232,"height":285,"caption":"HUEHOCO GmbH"},"image":{"@id":"https:\/\/huehoco.com\/fr\/#\/schema\/logo\/image\/"}}]}},"_links":{"self":[{"href":"https:\/\/huehoco.com\/fr\/wp-json\/wp\/v2\/pages\/9279","targetHints":{"allow":["GET"]}}],"collection":[{"href":"https:\/\/huehoco.com\/fr\/wp-json\/wp\/v2\/pages"}],"about":[{"href":"https:\/\/huehoco.com\/fr\/wp-json\/wp\/v2\/types\/page"}],"author":[{"embeddable":true,"href":"https:\/\/huehoco.com\/fr\/wp-json\/wp\/v2\/users\/1"}],"replies":[{"embeddable":true,"href":"https:\/\/huehoco.com\/fr\/wp-json\/wp\/v2\/comments?post=9279"}],"version-history":[{"count":0,"href":"https:\/\/huehoco.com\/fr\/wp-json\/wp\/v2\/pages\/9279\/revisions"}],"up":[{"embeddable":true,"href":"https:\/\/huehoco.com\/fr\/wp-json\/wp\/v2\/pages\/9103"}],"wp:attachment":[{"href":"https:\/\/huehoco.com\/fr\/wp-json\/wp\/v2\/media?parent=9279"}],"curies":[{"name":"wp","href":"https:\/\/api.w.org\/{rel}","templated":true}]}}