{"id":9189,"date":"2023-06-13T15:45:29","date_gmt":"2023-06-13T13:45:29","guid":{"rendered":"https:\/\/huehoco-gmbh.pixel-tal.de\/gamme-de-services\/production\/"},"modified":"2023-10-13T12:06:00","modified_gmt":"2023-10-13T10:06:00","slug":"production","status":"publish","type":"page","link":"https:\/\/huehoco.com\/fr\/gamme-de-services\/production\/","title":{"rendered":"Production"},"content":{"rendered":"        \r\n            <!-- hero -->\r\n        \r\n                    \r\n            <div id=\"hero-c52a0396c3959b7a5f069f09c3ccd086\" class=\"hero\">\r\n\t\t\t\t<div class=\"hero-slider\">\t\t\t\t\n        \r\n            <!-- hero -->\r\n        \r\n                    \r\n            <div  class=\"hero-slide hero-slide-a11f6285f01a5860cc700e7ccbd5fd41 \">\r\n\r\n\t\t\t\t<div class=\"hero-canvas\">\r\n\t\t\t\t\t<div class=\"hero-content\">\r\n\t\t\t\t\t\t<span class=\"hero-subheadline subheadline\">Traitement de surface des m\u00e9taux  <\/span>\t\t\t\t\t\t<h1 class=\"hero-headline headline\">La production<\/h1>\t\t\t\t\t\t\t\t\t\t\t<\/div>\r\n\t\t\t\t<\/div>\r\n\r\n                \t\t\t\t\t<div class=\"hero-background\">\r\n                        <div class=\"hero-overlay\"><\/div>\r\n\t\t\t\t\t\t<img decoding=\"async\" src=\"https:\/\/huehoco.com\/wp-content\/uploads\/hero-produktion.jpg\" \/>\r\n\t\t\t\t\t<\/div>\r\n\t\t\t\t\r\n                \r\n\t\t\t<\/div>\r\n        \r\n                    \r\n            <!-- end:hero -->\r\n        \r\n            \n\r\n\t\t\t\t<\/div>\t\t\t<\/div>\r\n        \r\n                    \r\n            <!-- end:hero -->\r\n        \r\n            <section class=\"gb-container gb-container-91ab36d0 gb-container-section-white\" id=\"intro\">\n<div class=\"gb-container gb-container-2c1e5245\">\n<div class=\"gb-grid-wrapper gb-grid-wrapper-bec5e074\">\n<div class=\"gb-grid-column gb-grid-column-feff83bb\"><div class=\"gb-container gb-container-feff83bb\" data-aos=\"fade-right\">\n\n<div class=\"wp-block-pixel-headline headlines is-subheadline-top has-text-align-left is-gap-sm\"><h2 class=\"headline\" style=\"color:\">Nos installations de production<\/h2><span class=\"subheadline\" style=\"color:\">Innovant et respectueux de l&#8217;environnement<\/span><\/div>\n\n\n\n<p>Faisons un petit saut dans le pass\u00e9 : depuis 1927, nous g\u00e9rons notre production \u00e0 Wuppertal. Ce qui a commenc\u00e9 comme un simple atelier de vernissage de panneaux s&#8217;est transform\u00e9 au fil des ans en un site de production ultramoderne. Aujourd&#8217;hui, quatre installations de rev\u00eatement innovantes sont install\u00e9es au total \u00e0 Wuppertal.<br\/><br\/>Toutes nos installations de production offrent une multitude de possibilit\u00e9s et sont \u00e9quip\u00e9es des technologies les plus modernes. Le dernier exemple en date de notre capacit\u00e9 d&#8217;innovation est notre nouvelle ligne d&#8217;extrusion de caoutchouc. Elle nous permet d&#8217;appliquer des couches d&#8217;\u00e9lastom\u00e8res expans\u00e9s et non expans\u00e9s conventionnels en une seule passe, sur des \u00e9paisseurs de 200 \u00e0 2 000 \u03bcm, et ce sur une ou deux faces, ce qui repr\u00e9sente une \u00e9norme \u00e9conomie d&#8217;\u00e9nergie.<\/p>\n\n<\/div><\/div>\n\n<div class=\"gb-grid-column gb-grid-column-1b6bd70e\"><div class=\"gb-container gb-container-1b6bd70e\" data-aos=\"fade-right\">\n\n<figure class=\"gb-block-image gb-block-image-24a2858d\"><img loading=\"lazy\" decoding=\"async\" width=\"780\" height=\"300\" class=\"gb-image gb-image-24a2858d\" src=\"https:\/\/huehoco.com\/wp-content\/uploads\/innovative-produktion.jpg\" alt=\"\" title=\"production innovante\" srcset=\"https:\/\/huehoco.com\/wp-content\/uploads\/innovative-produktion.jpg 780w, https:\/\/huehoco.com\/wp-content\/uploads\/innovative-produktion-300x115.jpg 300w, https:\/\/huehoco.com\/wp-content\/uploads\/innovative-produktion-768x295.jpg 768w, https:\/\/huehoco.com\/wp-content\/uploads\/innovative-produktion-195x75.jpg 195w, https:\/\/huehoco.com\/wp-content\/uploads\/innovative-produktion-312x120.jpg 312w\" sizes=\"auto, (max-width: 780px) 100vw, 780px\" \/><\/figure>\n\n\n\n<p><br\/>Une autre particularit\u00e9 de nos installations de production est le concept de couleurs des machines. Gr\u00e2ce \u00e0 leurs diff\u00e9rentes peintures, qui ne passent pas inaper\u00e7ues, l&#8217;environnement de production est mis en valeur et l&#8217;environnement de travail est plus agr\u00e9able pour nos collaborateurs &#8211; un aspect important lorsqu&#8217;il s&#8217;agit de travailler de mani\u00e8re motiv\u00e9e et engag\u00e9e pour nos clients.<\/p>\n\n<\/div><\/div>\n<\/div>\n<\/div>\n<\/section><section class=\"gb-container gb-container-ad08ebe1 gb-container-section-white\" id=\"certificatequality\">\n<div class=\"gb-container gb-container-609e79f4\">\n<div class=\"gb-grid-wrapper gb-grid-wrapper-40bf9fc1\">\n<div class=\"gb-grid-column gb-grid-column-0ae95376\"><div class=\"gb-container gb-container-0ae95376\" data-aos=\"fade-in\">\n\n<div class=\"wp-block-pixel-headline headlines is-subheadline-top has-text-align-left is-gap-off\"><h2 class=\"headline\" style=\"color:\">Qualit\u00e9 certifi\u00e9e<\/h2><span class=\"subheadline\" style=\"color:\">Nous livrons<\/span><\/div>\n\n<\/div><\/div>\n\n<div class=\"gb-grid-column gb-grid-column-97fb7778\"><div class=\"gb-container gb-container-97fb7778\">\n\n<figure class=\"wp-block-gallery has-nested-images columns-5 wp-block-gallery-1 is-layout-flex wp-block-gallery-is-layout-flex\">\n<figure class=\"wp-block-image size-large\"><img loading=\"lazy\" decoding=\"async\" width=\"140\" height=\"140\" data-id=\"5011\" src=\"https:\/\/huehoco.com\/wp-content\/uploads\/certificate_iatf_16949.svg\" alt=\"\" class=\"wp-image-5011\"\/><\/figure>\n\n\n\n<figure class=\"wp-block-image size-large\"><img loading=\"lazy\" decoding=\"async\" width=\"140\" height=\"140\" data-id=\"5002\" src=\"https:\/\/huehoco.com\/wp-content\/uploads\/certificate_iso_9001.svg\" alt=\"\" class=\"wp-image-5002\"\/><\/figure>\n\n\n\n<figure class=\"wp-block-image size-large\"><img loading=\"lazy\" decoding=\"async\" width=\"140\" height=\"140\" data-id=\"5005\" src=\"https:\/\/huehoco.com\/wp-content\/uploads\/certificate_iso_50001.svg\" alt=\"\" class=\"wp-image-5005\"\/><\/figure>\n\n\n\n<figure class=\"wp-block-image size-large\"><img loading=\"lazy\" decoding=\"async\" width=\"140\" height=\"140\" data-id=\"5007\" src=\"https:\/\/huehoco.com\/wp-content\/uploads\/certificate_aeo.svg\" alt=\"\" class=\"wp-image-5007\"\/><\/figure>\n\n\n\n<figure class=\"wp-block-image size-large\"><img loading=\"lazy\" decoding=\"async\" width=\"140\" height=\"140\" data-id=\"5009\" src=\"https:\/\/huehoco.com\/wp-content\/uploads\/certificate_iso_14001.svg\" alt=\"\" class=\"wp-image-5009\"\/><\/figure>\n<\/figure>\n\n<\/div><\/div>\n<\/div>\n<\/div>\n<\/section><section class=\"gb-container gb-container-316e3932 gb-container-section-brand\">\n<div class=\"gb-container gb-container-fef606ab\">\n<div class=\"gb-grid-wrapper gb-grid-wrapper-19026db3\">\n<div class=\"gb-grid-column gb-grid-column-033656a8\"><div class=\"gb-container gb-container-033656a8\" data-aos=\"fade-left\">\n\n<figure class=\"gb-block-image gb-block-image-6fd2d2ac\"><img loading=\"lazy\" decoding=\"async\" width=\"700\" height=\"467\" class=\"gb-image gb-image-6fd2d2ac\" src=\"https:\/\/huehoco.com\/wp-content\/uploads\/produktion_01.jpg\" alt=\"\" title=\"production_01\" srcset=\"https:\/\/huehoco.com\/wp-content\/uploads\/produktion_01.jpg 700w, https:\/\/huehoco.com\/wp-content\/uploads\/produktion_01-300x200.jpg 300w, https:\/\/huehoco.com\/wp-content\/uploads\/produktion_01-112x75.jpg 112w, https:\/\/huehoco.com\/wp-content\/uploads\/produktion_01-180x120.jpg 180w\" sizes=\"auto, (max-width: 700px) 100vw, 700px\" \/><\/figure>\n\n<\/div><\/div>\n\n<div class=\"gb-grid-column gb-grid-column-99fbc847\"><div class=\"gb-container gb-container-99fbc847\" data-aos=\"fade-left\">\n\n<figure class=\"gb-block-image gb-block-image-8a150d0f\"><img loading=\"lazy\" decoding=\"async\" width=\"700\" height=\"467\" class=\"gb-image gb-image-8a150d0f\" src=\"https:\/\/huehoco.com\/wp-content\/uploads\/produktion_02.jpg\" alt=\"\" title=\"production_02\" srcset=\"https:\/\/huehoco.com\/wp-content\/uploads\/produktion_02.jpg 700w, https:\/\/huehoco.com\/wp-content\/uploads\/produktion_02-300x200.jpg 300w, https:\/\/huehoco.com\/wp-content\/uploads\/produktion_02-112x75.jpg 112w, https:\/\/huehoco.com\/wp-content\/uploads\/produktion_02-180x120.jpg 180w\" sizes=\"auto, (max-width: 700px) 100vw, 700px\" \/><\/figure>\n\n<\/div><\/div>\n\n<div class=\"gb-grid-column gb-grid-column-daf4af55\"><div class=\"gb-container gb-container-daf4af55\" data-aos=\"fade-left\">\n\n<figure class=\"gb-block-image gb-block-image-d9075293\"><img loading=\"lazy\" decoding=\"async\" width=\"700\" height=\"467\" class=\"gb-image gb-image-d9075293\" src=\"https:\/\/huehoco.com\/wp-content\/uploads\/produktion_03.jpg\" alt=\"\" title=\"production_03\" srcset=\"https:\/\/huehoco.com\/wp-content\/uploads\/produktion_03.jpg 700w, https:\/\/huehoco.com\/wp-content\/uploads\/produktion_03-300x200.jpg 300w, https:\/\/huehoco.com\/wp-content\/uploads\/produktion_03-112x75.jpg 112w, https:\/\/huehoco.com\/wp-content\/uploads\/produktion_03-180x120.jpg 180w\" sizes=\"auto, (max-width: 700px) 100vw, 700px\" \/><\/figure>\n\n<\/div><\/div>\n<\/div>\n<\/div>\n<\/section><section class=\"gb-container gb-container-89be1d99 gb-container-section-metal\">\n<div class=\"gb-container gb-container-452822a6\">\n<div class=\"gb-grid-wrapper gb-grid-wrapper-978eb406\">\n<div class=\"gb-grid-column gb-grid-column-cace55bc\"><div class=\"gb-container gb-container-cace55bc\">\n\n<div class=\"wp-block-pixel-headline headlines is-subheadline-top has-text-align-left is-gap-sm\"><h2 class=\"headline\" style=\"color:\">Production durable<\/h2><span class=\"subheadline\" style=\"color:\">Nous pensons \u00e0 l&#8217;environnement<\/span><\/div>\n\n\n\n<p>Le th\u00e8me de la durabilit\u00e9 joue \u00e9galement un r\u00f4le important pour HUEHOCO au niveau de la production. Partout o\u00f9 cela est possible, nous nous engageons pour des solutions respectueuses de l&#8217;environnement et essayons de soulager l&#8217;environnement gr\u00e2ce \u00e0 des id\u00e9es innovantes.<br\/><br\/>Un exemple de notre succ\u00e8s dans ce domaine est certainement notre nouveau rev\u00eatement en caoutchouc sur des m\u00e9taux sur la ligne d&#8217;extrusion de caoutchouc de conception nouvelle. Cette installation nous permet de produire les \u00e9paisseurs de couche de caoutchouc souhait\u00e9es en un seul passage. Par rapport au pr\u00e9laquage conventionnel, il s&#8217;agit l\u00e0 d&#8217;un v\u00e9ritable jalon lorsqu&#8217;il s&#8217;agit de produire en pr\u00e9servant les ressources.<\/p>\n\n<\/div><\/div>\n\n<div class=\"gb-grid-column gb-grid-column-3c8428ea\"><div class=\"gb-container gb-container-3c8428ea\">\n\n<figure class=\"wp-block-image size-full\"><img loading=\"lazy\" decoding=\"async\" width=\"780\" height=\"419\" src=\"https:\/\/huehoco.com\/wp-content\/uploads\/nachhaltige-produktion.png\" alt=\"\" class=\"wp-image-5415\" srcset=\"https:\/\/huehoco.com\/wp-content\/uploads\/nachhaltige-produktion.png 780w, https:\/\/huehoco.com\/wp-content\/uploads\/nachhaltige-produktion-300x161.png 300w, https:\/\/huehoco.com\/wp-content\/uploads\/nachhaltige-produktion-768x413.png 768w, https:\/\/huehoco.com\/wp-content\/uploads\/nachhaltige-produktion-140x75.png 140w, https:\/\/huehoco.com\/wp-content\/uploads\/nachhaltige-produktion-223x120.png 223w\" sizes=\"auto, (max-width: 780px) 100vw, 780px\" \/><\/figure>\n\n<\/div><\/div>\n<\/div>\n<\/div>\n<\/section>","protected":false},"excerpt":{"rendered":"","protected":false},"author":1,"featured_media":0,"parent":9080,"menu_order":1,"comment_status":"closed","ping_status":"closed","template":"","meta":{"_acf_changed":false,"footnotes":""},"class_list":["post-9189","page","type-page","status-publish"],"acf":[],"yoast_head":"<!-- This site is optimized with the Yoast SEO plugin v27.2 - https:\/\/yoast.com\/product\/yoast-seo-wordpress\/ -->\n<title>HUEHOCO : un si\u00e8cle d&#039;ennoblissement du m\u00e9tal \u00e0 Wuppertal<\/title>\n<meta name=\"description\" content=\"Depuis 1927, HUEHOCO est une r\u00e9f\u00e9rence dans le domaine de la finition des m\u00e9taux. D\u00e9couvrez notre environnement de production moderne et notre engagement pour la qualit\u00e9 \u25b6 En savoir plus\" \/>\n<meta name=\"robots\" content=\"index, follow, max-snippet:-1, max-image-preview:large, max-video-preview:-1\" \/>\n<link rel=\"canonical\" href=\"https:\/\/huehoco.com\/fr\/gamme-de-services\/production\/\" \/>\n<meta property=\"og:locale\" content=\"fr_FR\" \/>\n<meta property=\"og:type\" content=\"article\" \/>\n<meta property=\"og:title\" content=\"HUEHOCO : un si\u00e8cle d&#039;ennoblissement du m\u00e9tal \u00e0 Wuppertal\" \/>\n<meta property=\"og:description\" content=\"Depuis 1927, HUEHOCO est une r\u00e9f\u00e9rence dans le domaine de la finition des m\u00e9taux. D\u00e9couvrez notre environnement de production moderne et notre engagement pour la qualit\u00e9 \u25b6 En savoir plus\" \/>\n<meta property=\"og:url\" content=\"https:\/\/huehoco.com\/fr\/gamme-de-services\/production\/\" \/>\n<meta property=\"og:site_name\" content=\"HUEHOCO GmbH\" \/>\n<meta property=\"article:modified_time\" content=\"2023-10-13T10:06:00+00:00\" \/>\n<meta property=\"og:image\" content=\"https:\/\/huehoco.com\/wp-content\/uploads\/innovative-produktion.jpg\" \/>\n<meta name=\"twitter:card\" content=\"summary_large_image\" \/>\n<meta name=\"twitter:label1\" content=\"Dur\u00e9e de lecture estim\u00e9e\" \/>\n\t<meta name=\"twitter:data1\" content=\"2 minutes\" \/>\n<script type=\"application\/ld+json\" class=\"yoast-schema-graph\">{\"@context\":\"https:\/\/schema.org\",\"@graph\":[{\"@type\":\"WebPage\",\"@id\":\"https:\/\/huehoco.com\/fr\/gamme-de-services\/production\/\",\"url\":\"https:\/\/huehoco.com\/fr\/gamme-de-services\/production\/\",\"name\":\"HUEHOCO : un si\u00e8cle d'ennoblissement du m\u00e9tal \u00e0 Wuppertal\",\"isPartOf\":{\"@id\":\"https:\/\/huehoco.com\/fr\/#website\"},\"primaryImageOfPage\":{\"@id\":\"https:\/\/huehoco.com\/fr\/gamme-de-services\/production\/#primaryimage\"},\"image\":{\"@id\":\"https:\/\/huehoco.com\/fr\/gamme-de-services\/production\/#primaryimage\"},\"thumbnailUrl\":\"https:\/\/huehoco.com\/wp-content\/uploads\/innovative-produktion.jpg\",\"datePublished\":\"2023-06-13T13:45:29+00:00\",\"dateModified\":\"2023-10-13T10:06:00+00:00\",\"description\":\"Depuis 1927, HUEHOCO est une r\u00e9f\u00e9rence dans le domaine de la finition des m\u00e9taux. D\u00e9couvrez notre environnement de production moderne et notre engagement pour la qualit\u00e9 \u25b6 En savoir plus\",\"breadcrumb\":{\"@id\":\"https:\/\/huehoco.com\/fr\/gamme-de-services\/production\/#breadcrumb\"},\"inLanguage\":\"fr-FR\",\"potentialAction\":[{\"@type\":\"ReadAction\",\"target\":[\"https:\/\/huehoco.com\/fr\/gamme-de-services\/production\/\"]}]},{\"@type\":\"ImageObject\",\"inLanguage\":\"fr-FR\",\"@id\":\"https:\/\/huehoco.com\/fr\/gamme-de-services\/production\/#primaryimage\",\"url\":\"https:\/\/huehoco.com\/wp-content\/uploads\/innovative-produktion.jpg\",\"contentUrl\":\"https:\/\/huehoco.com\/wp-content\/uploads\/innovative-produktion.jpg\"},{\"@type\":\"BreadcrumbList\",\"@id\":\"https:\/\/huehoco.com\/fr\/gamme-de-services\/production\/#breadcrumb\",\"itemListElement\":[{\"@type\":\"ListItem\",\"position\":1,\"name\":\"Startseite\",\"item\":\"https:\/\/huehoco.com\/fr\/\"},{\"@type\":\"ListItem\",\"position\":2,\"name\":\"Privat: Gamme de services\",\"item\":\"https:\/\/huehoco.com\/fr\/?page_id=486\"},{\"@type\":\"ListItem\",\"position\":3,\"name\":\"Production\"}]},{\"@type\":\"WebSite\",\"@id\":\"https:\/\/huehoco.com\/fr\/#website\",\"url\":\"https:\/\/huehoco.com\/fr\/\",\"name\":\"HUEHOCO GmbH\",\"description\":\"\",\"publisher\":{\"@id\":\"https:\/\/huehoco.com\/fr\/#organization\"},\"potentialAction\":[{\"@type\":\"SearchAction\",\"target\":{\"@type\":\"EntryPoint\",\"urlTemplate\":\"https:\/\/huehoco.com\/fr\/?s={search_term_string}\"},\"query-input\":{\"@type\":\"PropertyValueSpecification\",\"valueRequired\":true,\"valueName\":\"search_term_string\"}}],\"inLanguage\":\"fr-FR\"},{\"@type\":\"Organization\",\"@id\":\"https:\/\/huehoco.com\/fr\/#organization\",\"name\":\"HUEHOCO GmbH\",\"url\":\"https:\/\/huehoco.com\/fr\/\",\"logo\":{\"@type\":\"ImageObject\",\"inLanguage\":\"fr-FR\",\"@id\":\"https:\/\/huehoco.com\/fr\/#\/schema\/logo\/image\/\",\"url\":\"https:\/\/huehoco.com\/wp-content\/uploads\/huehoho-group.png\",\"contentUrl\":\"https:\/\/huehoco.com\/wp-content\/uploads\/huehoho-group.png\",\"width\":1232,\"height\":285,\"caption\":\"HUEHOCO GmbH\"},\"image\":{\"@id\":\"https:\/\/huehoco.com\/fr\/#\/schema\/logo\/image\/\"}}]}<\/script>\n<!-- \/ Yoast SEO plugin. -->","yoast_head_json":{"title":"HUEHOCO : un si\u00e8cle d'ennoblissement du m\u00e9tal \u00e0 Wuppertal","description":"Depuis 1927, HUEHOCO est une r\u00e9f\u00e9rence dans le domaine de la finition des m\u00e9taux. D\u00e9couvrez notre environnement de production moderne et notre engagement pour la qualit\u00e9 \u25b6 En savoir plus","robots":{"index":"index","follow":"follow","max-snippet":"max-snippet:-1","max-image-preview":"max-image-preview:large","max-video-preview":"max-video-preview:-1"},"canonical":"https:\/\/huehoco.com\/fr\/gamme-de-services\/production\/","og_locale":"fr_FR","og_type":"article","og_title":"HUEHOCO : un si\u00e8cle d'ennoblissement du m\u00e9tal \u00e0 Wuppertal","og_description":"Depuis 1927, HUEHOCO est une r\u00e9f\u00e9rence dans le domaine de la finition des m\u00e9taux. D\u00e9couvrez notre environnement de production moderne et notre engagement pour la qualit\u00e9 \u25b6 En savoir plus","og_url":"https:\/\/huehoco.com\/fr\/gamme-de-services\/production\/","og_site_name":"HUEHOCO GmbH","article_modified_time":"2023-10-13T10:06:00+00:00","og_image":[{"url":"https:\/\/huehoco.com\/wp-content\/uploads\/innovative-produktion.jpg","type":"","width":"","height":""}],"twitter_card":"summary_large_image","twitter_misc":{"Dur\u00e9e de lecture estim\u00e9e":"2 minutes"},"schema":{"@context":"https:\/\/schema.org","@graph":[{"@type":"WebPage","@id":"https:\/\/huehoco.com\/fr\/gamme-de-services\/production\/","url":"https:\/\/huehoco.com\/fr\/gamme-de-services\/production\/","name":"HUEHOCO : un si\u00e8cle d'ennoblissement du m\u00e9tal \u00e0 Wuppertal","isPartOf":{"@id":"https:\/\/huehoco.com\/fr\/#website"},"primaryImageOfPage":{"@id":"https:\/\/huehoco.com\/fr\/gamme-de-services\/production\/#primaryimage"},"image":{"@id":"https:\/\/huehoco.com\/fr\/gamme-de-services\/production\/#primaryimage"},"thumbnailUrl":"https:\/\/huehoco.com\/wp-content\/uploads\/innovative-produktion.jpg","datePublished":"2023-06-13T13:45:29+00:00","dateModified":"2023-10-13T10:06:00+00:00","description":"Depuis 1927, HUEHOCO est une r\u00e9f\u00e9rence dans le domaine de la finition des m\u00e9taux. D\u00e9couvrez notre environnement de production moderne et notre engagement pour la qualit\u00e9 \u25b6 En savoir plus","breadcrumb":{"@id":"https:\/\/huehoco.com\/fr\/gamme-de-services\/production\/#breadcrumb"},"inLanguage":"fr-FR","potentialAction":[{"@type":"ReadAction","target":["https:\/\/huehoco.com\/fr\/gamme-de-services\/production\/"]}]},{"@type":"ImageObject","inLanguage":"fr-FR","@id":"https:\/\/huehoco.com\/fr\/gamme-de-services\/production\/#primaryimage","url":"https:\/\/huehoco.com\/wp-content\/uploads\/innovative-produktion.jpg","contentUrl":"https:\/\/huehoco.com\/wp-content\/uploads\/innovative-produktion.jpg"},{"@type":"BreadcrumbList","@id":"https:\/\/huehoco.com\/fr\/gamme-de-services\/production\/#breadcrumb","itemListElement":[{"@type":"ListItem","position":1,"name":"Startseite","item":"https:\/\/huehoco.com\/fr\/"},{"@type":"ListItem","position":2,"name":"Privat: Gamme de services","item":"https:\/\/huehoco.com\/fr\/?page_id=486"},{"@type":"ListItem","position":3,"name":"Production"}]},{"@type":"WebSite","@id":"https:\/\/huehoco.com\/fr\/#website","url":"https:\/\/huehoco.com\/fr\/","name":"HUEHOCO GmbH","description":"","publisher":{"@id":"https:\/\/huehoco.com\/fr\/#organization"},"potentialAction":[{"@type":"SearchAction","target":{"@type":"EntryPoint","urlTemplate":"https:\/\/huehoco.com\/fr\/?s={search_term_string}"},"query-input":{"@type":"PropertyValueSpecification","valueRequired":true,"valueName":"search_term_string"}}],"inLanguage":"fr-FR"},{"@type":"Organization","@id":"https:\/\/huehoco.com\/fr\/#organization","name":"HUEHOCO GmbH","url":"https:\/\/huehoco.com\/fr\/","logo":{"@type":"ImageObject","inLanguage":"fr-FR","@id":"https:\/\/huehoco.com\/fr\/#\/schema\/logo\/image\/","url":"https:\/\/huehoco.com\/wp-content\/uploads\/huehoho-group.png","contentUrl":"https:\/\/huehoco.com\/wp-content\/uploads\/huehoho-group.png","width":1232,"height":285,"caption":"HUEHOCO GmbH"},"image":{"@id":"https:\/\/huehoco.com\/fr\/#\/schema\/logo\/image\/"}}]}},"_links":{"self":[{"href":"https:\/\/huehoco.com\/fr\/wp-json\/wp\/v2\/pages\/9189","targetHints":{"allow":["GET"]}}],"collection":[{"href":"https:\/\/huehoco.com\/fr\/wp-json\/wp\/v2\/pages"}],"about":[{"href":"https:\/\/huehoco.com\/fr\/wp-json\/wp\/v2\/types\/page"}],"author":[{"embeddable":true,"href":"https:\/\/huehoco.com\/fr\/wp-json\/wp\/v2\/users\/1"}],"replies":[{"embeddable":true,"href":"https:\/\/huehoco.com\/fr\/wp-json\/wp\/v2\/comments?post=9189"}],"version-history":[{"count":0,"href":"https:\/\/huehoco.com\/fr\/wp-json\/wp\/v2\/pages\/9189\/revisions"}],"up":[{"embeddable":true,"href":"https:\/\/huehoco.com\/fr\/wp-json\/wp\/v2\/pages\/9080"}],"wp:attachment":[{"href":"https:\/\/huehoco.com\/fr\/wp-json\/wp\/v2\/media?parent=9189"}],"curies":[{"name":"wp","href":"https:\/\/api.w.org\/{rel}","templated":true}]}}