{"id":9131,"date":"2023-04-06T14:28:21","date_gmt":"2023-04-06T12:28:21","guid":{"rendered":"https:\/\/huehoco-gmbh.pixel-tal.de\/telechargements\/brochures\/"},"modified":"2023-10-16T11:07:16","modified_gmt":"2023-10-16T09:07:16","slug":"brochures","status":"publish","type":"page","link":"https:\/\/huehoco.com\/fr\/telechargements\/brochures\/","title":{"rendered":"Brochures"},"content":{"rendered":"        \r\n            <!-- hero -->\r\n        \r\n                    \r\n            <div id=\"hero-dd10ceff07b0215bddba56988d12e9b4\" class=\"hero\">\r\n\t\t\t\t<div class=\"hero-slider\">\t\t\t\t\n        \r\n            <!-- hero -->\r\n        \r\n                    \r\n            <div  class=\"hero-slide hero-slide-d33d5c7d3ad7b02276a0c05e14dc20aa \">\r\n\r\n\t\t\t\t<div class=\"hero-canvas\">\r\n\t\t\t\t\t<div class=\"hero-content\">\r\n\t\t\t\t\t\t<span class=\"hero-subheadline subheadline\">Plus d&#8217;informations<\/span>\t\t\t\t\t\t<h1 class=\"hero-headline headline\">\u00e0 t\u00e9l\u00e9charger<\/h1>\t\t\t\t\t\t\t\t\t\t\t<\/div>\r\n\t\t\t\t<\/div>\r\n\r\n                \t\t\t\t\t<div class=\"hero-background\">\r\n                        <div class=\"hero-overlay\"><\/div>\r\n\t\t\t\t\t\t<img decoding=\"async\" src=\"https:\/\/huehoco.com\/wp-content\/uploads\/huehoco_hero_broschueren.jpg\" \/>\r\n\t\t\t\t\t<\/div>\r\n\t\t\t\t\r\n                \r\n\t\t\t<\/div>\r\n        \r\n                    \r\n            <!-- end:hero -->\r\n        \r\n            \n\r\n\t\t\t\t<\/div>\t\t\t<\/div>\r\n        \r\n                    \r\n            <!-- end:hero -->\r\n        \r\n            \n\n<section class=\"gb-container gb-container-00bd786a gb-container-section-white\">\n<div class=\"gb-container gb-container-2f7fe8c3\">\n<div class=\"gb-grid-wrapper gb-grid-wrapper-03ad8f6b\">\n<div class=\"gb-grid-column gb-grid-column-d5e62e64\"><div class=\"gb-container gb-container-d5e62e64\">\n\n<div class=\"wp-block-pixel-headline headlines is-subheadline-top has-text-align-left\"><h2 class=\"headline\" style=\"color:\">Brochures<\/h2><span class=\"subheadline\" style=\"color:\">DOWNLOADS<\/span><\/div>\n\n\n\n\t\t\t        \n                    \n            <div id=\"\" class=\"grid grid-2af8f8a9 grid-download grid-columns-4\" >\n\t\t\t\t<div class=\"grid-inner\">\n\n\t\t\t\t\t\t\t\t\t\t\t<div class=\"grid-item\">\n\t\t\t\t\t\t\t \r\n\t\t\t<div class=\"card card-download\">\r\n\t\t\t\t<div class=\"card-media\"><a class=\"card-image\" target=\"_blank\" href=\"\"><img loading=\"lazy\" decoding=\"async\" width=\"1400\" height=\"980\" src=\"https:\/\/huehoco.com\/wp-content\/uploads\/broschuere_gummibschichtung_de.jpg\" class=\"attachment-post-thumbnail size-post-thumbnail wp-post-image\" alt=\"\" srcset=\"https:\/\/huehoco.com\/wp-content\/uploads\/broschuere_gummibschichtung_de.jpg 1400w, https:\/\/huehoco.com\/wp-content\/uploads\/broschuere_gummibschichtung_de-300x210.jpg 300w, https:\/\/huehoco.com\/wp-content\/uploads\/broschuere_gummibschichtung_de-1024x717.jpg 1024w, https:\/\/huehoco.com\/wp-content\/uploads\/broschuere_gummibschichtung_de-768x538.jpg 768w, https:\/\/huehoco.com\/wp-content\/uploads\/broschuere_gummibschichtung_de-107x75.jpg 107w, https:\/\/huehoco.com\/wp-content\/uploads\/broschuere_gummibschichtung_de-171x120.jpg 171w\" sizes=\"auto, (max-width: 1400px) 100vw, 1400px\" \/><\/a><\/div>\t\t\t\t<div class=\"card-content\">\r\n\t\t\t\t\t<div class=\"card-inner\">\r\n\t\t\t\t\t\t<a class=\"card-headline headline is-h4\" target=\"_blank\" href=\"\">Extrusion du caoutchouc allemand<\/a>\t\t\t\t\t<\/div>\r\n\r\n\t\t\t\t\t<div class=\"card-action\"><a target=\"_blank\" class=\"card-link gb-button gb-button-arrowonly-light-blue\" href=\"\"><span class=\"gb-button-text\">Download<\/span><\/a><\/div>\t\t\t\t<\/div>\r\n\t\t\t<\/div>\r\n\t\t\t\t\t\t\t\t<\/div>\n\t\t\t\t\t\t\t\t\t\t\t<div class=\"grid-item\">\n\t\t\t\t\t\t\t \r\n\t\t\t<div class=\"card card-download\">\r\n\t\t\t\t<div class=\"card-media\"><a class=\"card-image\" target=\"_blank\" href=\"\"><img loading=\"lazy\" decoding=\"async\" width=\"1400\" height=\"980\" src=\"https:\/\/huehoco.com\/wp-content\/uploads\/broschuere_gummibschichtung_en.jpg\" class=\"attachment-post-thumbnail size-post-thumbnail wp-post-image\" alt=\"\" srcset=\"https:\/\/huehoco.com\/wp-content\/uploads\/broschuere_gummibschichtung_en.jpg 1400w, https:\/\/huehoco.com\/wp-content\/uploads\/broschuere_gummibschichtung_en-300x210.jpg 300w, https:\/\/huehoco.com\/wp-content\/uploads\/broschuere_gummibschichtung_en-1024x717.jpg 1024w, https:\/\/huehoco.com\/wp-content\/uploads\/broschuere_gummibschichtung_en-768x538.jpg 768w, https:\/\/huehoco.com\/wp-content\/uploads\/broschuere_gummibschichtung_en-107x75.jpg 107w, https:\/\/huehoco.com\/wp-content\/uploads\/broschuere_gummibschichtung_en-171x120.jpg 171w\" sizes=\"auto, (max-width: 1400px) 100vw, 1400px\" \/><\/a><\/div>\t\t\t\t<div class=\"card-content\">\r\n\t\t\t\t\t<div class=\"card-inner\">\r\n\t\t\t\t\t\t<a class=\"card-headline headline is-h4\" target=\"_blank\" href=\"\">Extrusion du caoutchouc anglais<\/a>\t\t\t\t\t<\/div>\r\n\r\n\t\t\t\t\t<div class=\"card-action\"><a target=\"_blank\" class=\"card-link gb-button gb-button-arrowonly-light-blue\" href=\"\"><span class=\"gb-button-text\">Download<\/span><\/a><\/div>\t\t\t\t<\/div>\r\n\t\t\t<\/div>\r\n\t\t\t\t\t\t\t\t<\/div>\n\t\t\t\t\t\t\t\t\t\t\t<div class=\"grid-item\">\n\t\t\t\t\t\t\t \r\n\t\t\t<div class=\"card card-download\">\r\n\t\t\t\t<div class=\"card-media\"><a class=\"card-image\" target=\"_blank\" href=\"https:\/\/huehoco.com\/wp-content\/uploads\/huehoco_imagefolder_en.pdf\"><img loading=\"lazy\" decoding=\"async\" width=\"1400\" height=\"980\" src=\"https:\/\/huehoco.com\/wp-content\/uploads\/broschuere_image_dten.jpg\" class=\"attachment-post-thumbnail size-post-thumbnail wp-post-image\" alt=\"\" srcset=\"https:\/\/huehoco.com\/wp-content\/uploads\/broschuere_image_dten.jpg 1400w, https:\/\/huehoco.com\/wp-content\/uploads\/broschuere_image_dten-300x210.jpg 300w, https:\/\/huehoco.com\/wp-content\/uploads\/broschuere_image_dten-1024x717.jpg 1024w, https:\/\/huehoco.com\/wp-content\/uploads\/broschuere_image_dten-768x538.jpg 768w, https:\/\/huehoco.com\/wp-content\/uploads\/broschuere_image_dten-107x75.jpg 107w, https:\/\/huehoco.com\/wp-content\/uploads\/broschuere_image_dten-171x120.jpg 171w\" sizes=\"auto, (max-width: 1400px) 100vw, 1400px\" \/><\/a><\/div>\t\t\t\t<div class=\"card-content\">\r\n\t\t\t\t\t<div class=\"card-inner\">\r\n\t\t\t\t\t\t<a class=\"card-headline headline is-h4\" target=\"_blank\" href=\"https:\/\/huehoco.com\/wp-content\/uploads\/huehoco_imagefolder_en.pdf\">Brochure d&#8217;image en anglais<\/a>\t\t\t\t\t<\/div>\r\n\r\n\t\t\t\t\t<div class=\"card-action\"><a target=\"_blank\" class=\"card-link gb-button gb-button-arrowonly-light-blue\" href=\"https:\/\/huehoco.com\/wp-content\/uploads\/huehoco_imagefolder_en.pdf\"><span class=\"gb-button-text\">Download<\/span><\/a><\/div>\t\t\t\t<\/div>\r\n\t\t\t<\/div>\r\n\t\t\t\t\t\t\t\t<\/div>\n\t\t\t\t\t\t\t\t\t\t\t<div class=\"grid-item\">\n\t\t\t\t\t\t\t \r\n\t\t\t<div class=\"card card-download\">\r\n\t\t\t\t<div class=\"card-media\"><a class=\"card-image\" target=\"_blank\" href=\"https:\/\/huehoco.com\/wp-content\/uploads\/huehoco_imagefolder_de.pdf\"><img loading=\"lazy\" decoding=\"async\" width=\"1400\" height=\"980\" src=\"https:\/\/huehoco.com\/wp-content\/uploads\/broschuere_image_dten.jpg\" class=\"attachment-post-thumbnail size-post-thumbnail wp-post-image\" alt=\"\" srcset=\"https:\/\/huehoco.com\/wp-content\/uploads\/broschuere_image_dten.jpg 1400w, https:\/\/huehoco.com\/wp-content\/uploads\/broschuere_image_dten-300x210.jpg 300w, https:\/\/huehoco.com\/wp-content\/uploads\/broschuere_image_dten-1024x717.jpg 1024w, https:\/\/huehoco.com\/wp-content\/uploads\/broschuere_image_dten-768x538.jpg 768w, https:\/\/huehoco.com\/wp-content\/uploads\/broschuere_image_dten-107x75.jpg 107w, https:\/\/huehoco.com\/wp-content\/uploads\/broschuere_image_dten-171x120.jpg 171w\" sizes=\"auto, (max-width: 1400px) 100vw, 1400px\" \/><\/a><\/div>\t\t\t\t<div class=\"card-content\">\r\n\t\t\t\t\t<div class=\"card-inner\">\r\n\t\t\t\t\t\t<a class=\"card-headline headline is-h4\" target=\"_blank\" href=\"https:\/\/huehoco.com\/wp-content\/uploads\/huehoco_imagefolder_de.pdf\">Brochure d&#8217;image en allemand<\/a>\t\t\t\t\t<\/div>\r\n\r\n\t\t\t\t\t<div class=\"card-action\"><a target=\"_blank\" class=\"card-link gb-button gb-button-arrowonly-light-blue\" href=\"https:\/\/huehoco.com\/wp-content\/uploads\/huehoco_imagefolder_de.pdf\"><span class=\"gb-button-text\">Download<\/span><\/a><\/div>\t\t\t\t<\/div>\r\n\t\t\t<\/div>\r\n\t\t\t\t\t\t\t\t<\/div>\n\t\t\t\t\t\t\t\t\t<\/div>\n            <\/div>\n\t\t\t\n\t\t\t\t\t\t\t\n\t\t\t\n            <!-- end:grid -->\n        \n            \n<\/div><\/div>\n<\/div>\n<\/div>\n<\/section>","protected":false},"excerpt":{"rendered":"","protected":false},"author":1,"featured_media":0,"parent":9090,"menu_order":1,"comment_status":"closed","ping_status":"closed","template":"","meta":{"_acf_changed":false,"footnotes":""},"class_list":["post-9131","page","type-page","status-publish"],"acf":[],"yoast_head":"<!-- This site is optimized with the Yoast SEO plugin v27.2 - https:\/\/yoast.com\/product\/yoast-seo-wordpress\/ -->\n<title>Zone de t\u00e9l\u00e9chargement : Brochures informatives de l&#039;HUEHOCO GmbH<\/title>\n<meta name=\"description\" content=\"D\u00e9couvrez des informations d\u00e9taill\u00e9es sur nous. Vous trouverez ici des brochures en allemand et en anglais \u00e0 t\u00e9l\u00e9charger \u25b6 Voir maintenant\" \/>\n<meta name=\"robots\" content=\"index, follow, max-snippet:-1, max-image-preview:large, max-video-preview:-1\" \/>\n<link rel=\"canonical\" href=\"https:\/\/huehoco.com\/fr\/telechargements\/brochures\/\" \/>\n<meta property=\"og:locale\" content=\"fr_FR\" \/>\n<meta property=\"og:type\" content=\"article\" \/>\n<meta property=\"og:title\" content=\"Zone de t\u00e9l\u00e9chargement : Brochures informatives de l&#039;HUEHOCO GmbH\" \/>\n<meta property=\"og:description\" content=\"D\u00e9couvrez des informations d\u00e9taill\u00e9es sur nous. Vous trouverez ici des brochures en allemand et en anglais \u00e0 t\u00e9l\u00e9charger \u25b6 Voir maintenant\" \/>\n<meta property=\"og:url\" content=\"https:\/\/huehoco.com\/fr\/telechargements\/brochures\/\" \/>\n<meta property=\"og:site_name\" content=\"HUEHOCO GmbH\" \/>\n<meta property=\"article:modified_time\" content=\"2023-10-16T09:07:16+00:00\" \/>\n<meta name=\"twitter:card\" content=\"summary_large_image\" \/>\n<meta name=\"twitter:label1\" content=\"Dur\u00e9e de lecture estim\u00e9e\" \/>\n\t<meta name=\"twitter:data1\" content=\"1 minute\" \/>\n<script type=\"application\/ld+json\" class=\"yoast-schema-graph\">{\"@context\":\"https:\/\/schema.org\",\"@graph\":[{\"@type\":\"WebPage\",\"@id\":\"https:\/\/huehoco.com\/fr\/telechargements\/brochures\/\",\"url\":\"https:\/\/huehoco.com\/fr\/telechargements\/brochures\/\",\"name\":\"Zone de t\u00e9l\u00e9chargement : Brochures informatives de l'HUEHOCO GmbH\",\"isPartOf\":{\"@id\":\"https:\/\/huehoco.com\/fr\/#website\"},\"datePublished\":\"2023-04-06T12:28:21+00:00\",\"dateModified\":\"2023-10-16T09:07:16+00:00\",\"description\":\"D\u00e9couvrez des informations d\u00e9taill\u00e9es sur nous. Vous trouverez ici des brochures en allemand et en anglais \u00e0 t\u00e9l\u00e9charger \u25b6 Voir maintenant\",\"breadcrumb\":{\"@id\":\"https:\/\/huehoco.com\/fr\/telechargements\/brochures\/#breadcrumb\"},\"inLanguage\":\"fr-FR\",\"potentialAction\":[{\"@type\":\"ReadAction\",\"target\":[\"https:\/\/huehoco.com\/fr\/telechargements\/brochures\/\"]}]},{\"@type\":\"BreadcrumbList\",\"@id\":\"https:\/\/huehoco.com\/fr\/telechargements\/brochures\/#breadcrumb\",\"itemListElement\":[{\"@type\":\"ListItem\",\"position\":1,\"name\":\"Startseite\",\"item\":\"https:\/\/huehoco.com\/fr\/\"},{\"@type\":\"ListItem\",\"position\":2,\"name\":\"Privat: T\u00e9l\u00e9chargements\",\"item\":\"https:\/\/huehoco.com\/fr\/?page_id=617\"},{\"@type\":\"ListItem\",\"position\":3,\"name\":\"Brochures\"}]},{\"@type\":\"WebSite\",\"@id\":\"https:\/\/huehoco.com\/fr\/#website\",\"url\":\"https:\/\/huehoco.com\/fr\/\",\"name\":\"HUEHOCO GmbH\",\"description\":\"\",\"publisher\":{\"@id\":\"https:\/\/huehoco.com\/fr\/#organization\"},\"potentialAction\":[{\"@type\":\"SearchAction\",\"target\":{\"@type\":\"EntryPoint\",\"urlTemplate\":\"https:\/\/huehoco.com\/fr\/?s={search_term_string}\"},\"query-input\":{\"@type\":\"PropertyValueSpecification\",\"valueRequired\":true,\"valueName\":\"search_term_string\"}}],\"inLanguage\":\"fr-FR\"},{\"@type\":\"Organization\",\"@id\":\"https:\/\/huehoco.com\/fr\/#organization\",\"name\":\"HUEHOCO GmbH\",\"url\":\"https:\/\/huehoco.com\/fr\/\",\"logo\":{\"@type\":\"ImageObject\",\"inLanguage\":\"fr-FR\",\"@id\":\"https:\/\/huehoco.com\/fr\/#\/schema\/logo\/image\/\",\"url\":\"https:\/\/huehoco.com\/wp-content\/uploads\/huehoho-group.png\",\"contentUrl\":\"https:\/\/huehoco.com\/wp-content\/uploads\/huehoho-group.png\",\"width\":1232,\"height\":285,\"caption\":\"HUEHOCO GmbH\"},\"image\":{\"@id\":\"https:\/\/huehoco.com\/fr\/#\/schema\/logo\/image\/\"}}]}<\/script>\n<!-- \/ Yoast SEO plugin. -->","yoast_head_json":{"title":"Zone de t\u00e9l\u00e9chargement : Brochures informatives de l'HUEHOCO GmbH","description":"D\u00e9couvrez des informations d\u00e9taill\u00e9es sur nous. Vous trouverez ici des brochures en allemand et en anglais \u00e0 t\u00e9l\u00e9charger \u25b6 Voir maintenant","robots":{"index":"index","follow":"follow","max-snippet":"max-snippet:-1","max-image-preview":"max-image-preview:large","max-video-preview":"max-video-preview:-1"},"canonical":"https:\/\/huehoco.com\/fr\/telechargements\/brochures\/","og_locale":"fr_FR","og_type":"article","og_title":"Zone de t\u00e9l\u00e9chargement : Brochures informatives de l'HUEHOCO GmbH","og_description":"D\u00e9couvrez des informations d\u00e9taill\u00e9es sur nous. Vous trouverez ici des brochures en allemand et en anglais \u00e0 t\u00e9l\u00e9charger \u25b6 Voir maintenant","og_url":"https:\/\/huehoco.com\/fr\/telechargements\/brochures\/","og_site_name":"HUEHOCO GmbH","article_modified_time":"2023-10-16T09:07:16+00:00","twitter_card":"summary_large_image","twitter_misc":{"Dur\u00e9e de lecture estim\u00e9e":"1 minute"},"schema":{"@context":"https:\/\/schema.org","@graph":[{"@type":"WebPage","@id":"https:\/\/huehoco.com\/fr\/telechargements\/brochures\/","url":"https:\/\/huehoco.com\/fr\/telechargements\/brochures\/","name":"Zone de t\u00e9l\u00e9chargement : Brochures informatives de l'HUEHOCO GmbH","isPartOf":{"@id":"https:\/\/huehoco.com\/fr\/#website"},"datePublished":"2023-04-06T12:28:21+00:00","dateModified":"2023-10-16T09:07:16+00:00","description":"D\u00e9couvrez des informations d\u00e9taill\u00e9es sur nous. Vous trouverez ici des brochures en allemand et en anglais \u00e0 t\u00e9l\u00e9charger \u25b6 Voir maintenant","breadcrumb":{"@id":"https:\/\/huehoco.com\/fr\/telechargements\/brochures\/#breadcrumb"},"inLanguage":"fr-FR","potentialAction":[{"@type":"ReadAction","target":["https:\/\/huehoco.com\/fr\/telechargements\/brochures\/"]}]},{"@type":"BreadcrumbList","@id":"https:\/\/huehoco.com\/fr\/telechargements\/brochures\/#breadcrumb","itemListElement":[{"@type":"ListItem","position":1,"name":"Startseite","item":"https:\/\/huehoco.com\/fr\/"},{"@type":"ListItem","position":2,"name":"Privat: T\u00e9l\u00e9chargements","item":"https:\/\/huehoco.com\/fr\/?page_id=617"},{"@type":"ListItem","position":3,"name":"Brochures"}]},{"@type":"WebSite","@id":"https:\/\/huehoco.com\/fr\/#website","url":"https:\/\/huehoco.com\/fr\/","name":"HUEHOCO GmbH","description":"","publisher":{"@id":"https:\/\/huehoco.com\/fr\/#organization"},"potentialAction":[{"@type":"SearchAction","target":{"@type":"EntryPoint","urlTemplate":"https:\/\/huehoco.com\/fr\/?s={search_term_string}"},"query-input":{"@type":"PropertyValueSpecification","valueRequired":true,"valueName":"search_term_string"}}],"inLanguage":"fr-FR"},{"@type":"Organization","@id":"https:\/\/huehoco.com\/fr\/#organization","name":"HUEHOCO GmbH","url":"https:\/\/huehoco.com\/fr\/","logo":{"@type":"ImageObject","inLanguage":"fr-FR","@id":"https:\/\/huehoco.com\/fr\/#\/schema\/logo\/image\/","url":"https:\/\/huehoco.com\/wp-content\/uploads\/huehoho-group.png","contentUrl":"https:\/\/huehoco.com\/wp-content\/uploads\/huehoho-group.png","width":1232,"height":285,"caption":"HUEHOCO GmbH"},"image":{"@id":"https:\/\/huehoco.com\/fr\/#\/schema\/logo\/image\/"}}]}},"_links":{"self":[{"href":"https:\/\/huehoco.com\/fr\/wp-json\/wp\/v2\/pages\/9131","targetHints":{"allow":["GET"]}}],"collection":[{"href":"https:\/\/huehoco.com\/fr\/wp-json\/wp\/v2\/pages"}],"about":[{"href":"https:\/\/huehoco.com\/fr\/wp-json\/wp\/v2\/types\/page"}],"author":[{"embeddable":true,"href":"https:\/\/huehoco.com\/fr\/wp-json\/wp\/v2\/users\/1"}],"replies":[{"embeddable":true,"href":"https:\/\/huehoco.com\/fr\/wp-json\/wp\/v2\/comments?post=9131"}],"version-history":[{"count":0,"href":"https:\/\/huehoco.com\/fr\/wp-json\/wp\/v2\/pages\/9131\/revisions"}],"up":[{"embeddable":true,"href":"https:\/\/huehoco.com\/fr\/wp-json\/wp\/v2\/pages\/9090"}],"wp:attachment":[{"href":"https:\/\/huehoco.com\/fr\/wp-json\/wp\/v2\/media?parent=9131"}],"curies":[{"name":"wp","href":"https:\/\/api.w.org\/{rel}","templated":true}]}}