{"id":9301,"date":"2023-04-06T14:34:03","date_gmt":"2023-04-06T12:34:03","guid":{"rendered":"https:\/\/huehoco-gmbh.pixel-tal.de\/legal\/pie-de-imprenta\/"},"modified":"2025-12-03T10:28:35","modified_gmt":"2025-12-03T09:28:35","slug":"pie-de-imprenta","status":"publish","type":"page","link":"https:\/\/huehoco.com\/es\/legal\/pie-de-imprenta\/","title":{"rendered":"Pie de imprenta"},"content":{"rendered":"<section class=\"gb-container gb-container-7f827b1e gb-container-section-white\">\n<div class=\"gb-container gb-container-2e17292b\">\n<div class=\"gb-grid-wrapper gb-grid-wrapper-1edc144c\">\n<div class=\"gb-grid-column gb-grid-column-6b4b95ad\"><div class=\"gb-container gb-container-6b4b95ad\">\n\n<div class=\"wp-block-pixel-headline headlines is-subheadline-bottom has-text-align-left\"><h1 class=\"headline\" style=\"color:\">Pie de imprenta<\/h1><\/div>\n\n<\/div><\/div>\n\n<div class=\"gb-grid-column gb-grid-column-ceb59ac7\"><div class=\"gb-container gb-container-ceb59ac7\">\n\n<p>HUEHOCO GmbH<br>M\u00f6ddinghofe 31<br>42279 Wuppertal<\/p>\n\n\n\n<p><strong>Director General:<\/strong><br>Marco Balzer<br>Dr. Boris Kasper<br>Michael Frank\u00a0<\/p>\n\n\n\n<p><strong>Registro Mercantil<\/strong>:<br>Juzgado de Primera Instancia de Wuppertal<br>HRB 16823<\/p>\n\n\n\n<div class=\"wp-block-pixel-headline headlines is-subheadline-bottom has-text-align-left is-gap-xs\"><h5 class=\"headline\" style=\"color:\">P\u00f3ngase en contacto con<\/h5><\/div>\n\n\n\n<p>Tel\u00e9fono: <a href=\"tel:490202647780\">+49 (0) 202 64778-0<\/a><br>Fax: +49 (0) 202 64778-69<br>Correo electr\u00f3nico: <a href=\"mailto:info@huehoco.de\">info@huehoco.de<\/a><\/p>\n\n\n\n<div class=\"wp-block-pixel-headline headlines is-subheadline-bottom has-text-align-left is-gap-xs\"><h5 class=\"headline\" style=\"color:\">CIF<\/h5><\/div>\n\n\n\n<p>N\u00famero de identificaci\u00f3n fiscal:<br>DE236855166<\/p>\n\n\n\n<div class=\"wp-block-pixel-headline headlines is-subheadline-bottom has-text-align-left is-gap-xs\"><h5 class=\"headline\" style=\"color:\">Realizaci\u00f3n<\/h5><\/div>\n\n\n\n<p>La concepci\u00f3n, el dise\u00f1o y la realizaci\u00f3n de este sitio web han corrido a cargo de:<br><a rel=\"noreferrer noopener\" href=\"https:\/\/pixelproduction.de\/\" target=\"_blank\">PixelProduction, agencia de comunicaci\u00f3n conceptual en Wuppertal<\/a>.<\/p>\n\n<\/div><\/div>\n\n<div class=\"gb-grid-column gb-grid-column-fe327f40\"><div class=\"gb-container gb-container-fe327f40\">\n\n<div class=\"wp-block-pixel-headline headlines is-subheadline-bottom has-text-align-left is-gap-xs\"><h5 class=\"headline\" style=\"color:\">Resoluci\u00f3n de litigios<\/h5><\/div>\n\n\n\n<p>No estamos dispuestos ni obligados a participar en procedimientos de resoluci\u00f3n de litigios ante una junta arbitral de consumo.<\/p>\n\n\n\n<div class=\"wp-block-pixel-headline headlines is-subheadline-bottom has-text-align-left is-gap-xs\"><h5 class=\"headline\" style=\"color:\">Responsabilidad por el contenido<\/h5><\/div>\n\n\n\n<p>Como proveedor de servicios, estamos obligados seg\u00fan el \u00a7 7 p\u00e1rr. 1 DDG, la Ley Alemana de Servicios Digitales (DDG) es responsable de su propio contenido en estas p\u00e1ginas de acuerdo con las leyes generales. Sin embargo, de acuerdo con los art\u00edculos 8 a 10 de la DDG, no estamos obligados como proveedores de servicios a supervisar la informaci\u00f3n de terceros transmitida o almacenada ni a investigar circunstancias que indiquen una actividad ilegal. Esto no afecta a las obligaciones de eliminar o bloquear el uso de informaci\u00f3n de conformidad con las leyes generales. Sin embargo, la responsabilidad a este respecto s\u00f3lo es posible a partir del momento en que se tiene conocimiento de una infracci\u00f3n concreta. Si tenemos conocimiento de alguna infracci\u00f3n de este tipo, eliminaremos este contenido inmediatamente.<\/p>\n\n\n\n<div class=\"wp-block-pixel-headline headlines is-subheadline-bottom has-text-align-left is-gap-xs\"><h5 class=\"headline\" style=\"color:\">Responsabilidad de los enlaces<\/h5><\/div>\n\n\n\n<p>Nuestra oferta contiene enlaces a sitios web externos de terceros, sobre cuyos contenidos no tenemos ninguna influencia. Por lo tanto, no podemos asumir ninguna responsabilidad por estos contenidos externos. El respectivo proveedor u operador de las p\u00e1ginas es siempre responsable del contenido de las p\u00e1ginas enlazadas. En el momento de establecer el enlace, se comprob\u00f3 que las p\u00e1ginas enlazadas no infringieran la ley. Los contenidos ilegales no eran reconocibles en el momento del enlace.<br>Sin embargo, un control permanente de los contenidos de las p\u00e1ginas enlazadas no es razonable sin indicios concretos de violaci\u00f3n de la ley. Si tenemos conocimiento de alguna infracci\u00f3n de la ley, eliminaremos dichos enlaces inmediatamente.<\/p>\n\n\n\n<div class=\"wp-block-pixel-headline headlines is-subheadline-bottom has-text-align-left is-gap-xs\"><h5 class=\"headline\" style=\"color:\">Copyright<\/h5><\/div>\n\n\n\n<p>Los contenidos y obras creados por los operadores del sitio en estas p\u00e1ginas est\u00e1n sujetos a la legislaci\u00f3n alemana sobre derechos de autor. La reproducci\u00f3n, edici\u00f3n, distribuci\u00f3n y cualquier tipo de utilizaci\u00f3n fuera de los l\u00edmites de la ley de propiedad intelectual requieren el consentimiento por escrito del autor o creador correspondiente. Las descargas y copias de esta p\u00e1gina s\u00f3lo est\u00e1n permitidas para uso privado y no comercial.<br>En la medida en que el contenido de esta p\u00e1gina no haya sido creado por el operador, se respetan los derechos de autor de terceros. En particular, los contenidos de terceros se identifican como tales. No obstante, si tiene conocimiento de una infracci\u00f3n de los derechos de autor, le rogamos que nos lo comunique. Si tenemos conocimiento de alguna infracci\u00f3n, eliminaremos dicho contenido inmediatamente.<\/p>\n\n<\/div><\/div>\n<\/div>\n<\/div>\n<\/section>","protected":false},"excerpt":{"rendered":"","protected":false},"author":1,"featured_media":0,"parent":9088,"menu_order":1,"comment_status":"closed","ping_status":"closed","template":"","meta":{"_acf_changed":false,"footnotes":""},"class_list":["post-9301","page","type-page","status-publish"],"acf":[],"yoast_head":"<!-- This site is optimized with the Yoast SEO plugin v27.2 - https:\/\/yoast.com\/product\/yoast-seo-wordpress\/ -->\n<title>Pie de imprenta de HUEHOCO GmbH<\/title>\n<meta name=\"description\" content=\"Inf\u00f3rmese sobre la informaci\u00f3n legal y responsable en nuestro sitio web.\" \/>\n<meta name=\"robots\" content=\"index, follow, max-snippet:-1, max-image-preview:large, max-video-preview:-1\" \/>\n<link rel=\"canonical\" href=\"https:\/\/huehoco.com\/es\/legal\/pie-de-imprenta\/\" \/>\n<meta property=\"og:locale\" content=\"es_ES\" \/>\n<meta property=\"og:type\" content=\"article\" \/>\n<meta property=\"og:title\" content=\"Pie de imprenta de HUEHOCO GmbH\" \/>\n<meta property=\"og:description\" content=\"Inf\u00f3rmese sobre la informaci\u00f3n legal y responsable en nuestro sitio web.\" \/>\n<meta property=\"og:url\" content=\"https:\/\/huehoco.com\/es\/legal\/pie-de-imprenta\/\" \/>\n<meta property=\"og:site_name\" content=\"HUEHOCO GmbH\" \/>\n<meta property=\"article:modified_time\" content=\"2025-12-03T09:28:35+00:00\" \/>\n<meta name=\"twitter:card\" content=\"summary_large_image\" \/>\n<meta name=\"twitter:label1\" content=\"Tiempo de lectura\" \/>\n\t<meta name=\"twitter:data1\" content=\"3 minutos\" \/>\n<script type=\"application\/ld+json\" class=\"yoast-schema-graph\">{\"@context\":\"https:\/\/schema.org\",\"@graph\":[{\"@type\":\"WebPage\",\"@id\":\"https:\/\/huehoco.com\/es\/legal\/pie-de-imprenta\/\",\"url\":\"https:\/\/huehoco.com\/es\/legal\/pie-de-imprenta\/\",\"name\":\"Pie de imprenta de HUEHOCO GmbH\",\"isPartOf\":{\"@id\":\"https:\/\/huehoco.com\/es\/#website\"},\"datePublished\":\"2023-04-06T12:34:03+00:00\",\"dateModified\":\"2025-12-03T09:28:35+00:00\",\"description\":\"Inf\u00f3rmese sobre la informaci\u00f3n legal y responsable en nuestro sitio web.\",\"breadcrumb\":{\"@id\":\"https:\/\/huehoco.com\/es\/legal\/pie-de-imprenta\/#breadcrumb\"},\"inLanguage\":\"es\",\"potentialAction\":[{\"@type\":\"ReadAction\",\"target\":[\"https:\/\/huehoco.com\/es\/legal\/pie-de-imprenta\/\"]}]},{\"@type\":\"BreadcrumbList\",\"@id\":\"https:\/\/huehoco.com\/es\/legal\/pie-de-imprenta\/#breadcrumb\",\"itemListElement\":[{\"@type\":\"ListItem\",\"position\":1,\"name\":\"Startseite\",\"item\":\"https:\/\/huehoco.com\/es\/\"},{\"@type\":\"ListItem\",\"position\":2,\"name\":\"Legal\",\"item\":\"https:\/\/huehoco.com\/es\/rechtliches\/\"},{\"@type\":\"ListItem\",\"position\":3,\"name\":\"Pie de imprenta\"}]},{\"@type\":\"WebSite\",\"@id\":\"https:\/\/huehoco.com\/es\/#website\",\"url\":\"https:\/\/huehoco.com\/es\/\",\"name\":\"HUEHOCO GmbH\",\"description\":\"\",\"publisher\":{\"@id\":\"https:\/\/huehoco.com\/es\/#organization\"},\"potentialAction\":[{\"@type\":\"SearchAction\",\"target\":{\"@type\":\"EntryPoint\",\"urlTemplate\":\"https:\/\/huehoco.com\/es\/?s={search_term_string}\"},\"query-input\":{\"@type\":\"PropertyValueSpecification\",\"valueRequired\":true,\"valueName\":\"search_term_string\"}}],\"inLanguage\":\"es\"},{\"@type\":\"Organization\",\"@id\":\"https:\/\/huehoco.com\/es\/#organization\",\"name\":\"HUEHOCO GmbH\",\"url\":\"https:\/\/huehoco.com\/es\/\",\"logo\":{\"@type\":\"ImageObject\",\"inLanguage\":\"es\",\"@id\":\"https:\/\/huehoco.com\/es\/#\/schema\/logo\/image\/\",\"url\":\"https:\/\/huehoco.com\/wp-content\/uploads\/huehoho-group.png\",\"contentUrl\":\"https:\/\/huehoco.com\/wp-content\/uploads\/huehoho-group.png\",\"width\":1232,\"height\":285,\"caption\":\"HUEHOCO GmbH\"},\"image\":{\"@id\":\"https:\/\/huehoco.com\/es\/#\/schema\/logo\/image\/\"}}]}<\/script>\n<!-- \/ Yoast SEO plugin. -->","yoast_head_json":{"title":"Pie de imprenta de HUEHOCO GmbH","description":"Inf\u00f3rmese sobre la informaci\u00f3n legal y responsable en nuestro sitio web.","robots":{"index":"index","follow":"follow","max-snippet":"max-snippet:-1","max-image-preview":"max-image-preview:large","max-video-preview":"max-video-preview:-1"},"canonical":"https:\/\/huehoco.com\/es\/legal\/pie-de-imprenta\/","og_locale":"es_ES","og_type":"article","og_title":"Pie de imprenta de HUEHOCO GmbH","og_description":"Inf\u00f3rmese sobre la informaci\u00f3n legal y responsable en nuestro sitio web.","og_url":"https:\/\/huehoco.com\/es\/legal\/pie-de-imprenta\/","og_site_name":"HUEHOCO GmbH","article_modified_time":"2025-12-03T09:28:35+00:00","twitter_card":"summary_large_image","twitter_misc":{"Tiempo de lectura":"3 minutos"},"schema":{"@context":"https:\/\/schema.org","@graph":[{"@type":"WebPage","@id":"https:\/\/huehoco.com\/es\/legal\/pie-de-imprenta\/","url":"https:\/\/huehoco.com\/es\/legal\/pie-de-imprenta\/","name":"Pie de imprenta de HUEHOCO GmbH","isPartOf":{"@id":"https:\/\/huehoco.com\/es\/#website"},"datePublished":"2023-04-06T12:34:03+00:00","dateModified":"2025-12-03T09:28:35+00:00","description":"Inf\u00f3rmese sobre la informaci\u00f3n legal y responsable en nuestro sitio web.","breadcrumb":{"@id":"https:\/\/huehoco.com\/es\/legal\/pie-de-imprenta\/#breadcrumb"},"inLanguage":"es","potentialAction":[{"@type":"ReadAction","target":["https:\/\/huehoco.com\/es\/legal\/pie-de-imprenta\/"]}]},{"@type":"BreadcrumbList","@id":"https:\/\/huehoco.com\/es\/legal\/pie-de-imprenta\/#breadcrumb","itemListElement":[{"@type":"ListItem","position":1,"name":"Startseite","item":"https:\/\/huehoco.com\/es\/"},{"@type":"ListItem","position":2,"name":"Legal","item":"https:\/\/huehoco.com\/es\/rechtliches\/"},{"@type":"ListItem","position":3,"name":"Pie de imprenta"}]},{"@type":"WebSite","@id":"https:\/\/huehoco.com\/es\/#website","url":"https:\/\/huehoco.com\/es\/","name":"HUEHOCO GmbH","description":"","publisher":{"@id":"https:\/\/huehoco.com\/es\/#organization"},"potentialAction":[{"@type":"SearchAction","target":{"@type":"EntryPoint","urlTemplate":"https:\/\/huehoco.com\/es\/?s={search_term_string}"},"query-input":{"@type":"PropertyValueSpecification","valueRequired":true,"valueName":"search_term_string"}}],"inLanguage":"es"},{"@type":"Organization","@id":"https:\/\/huehoco.com\/es\/#organization","name":"HUEHOCO GmbH","url":"https:\/\/huehoco.com\/es\/","logo":{"@type":"ImageObject","inLanguage":"es","@id":"https:\/\/huehoco.com\/es\/#\/schema\/logo\/image\/","url":"https:\/\/huehoco.com\/wp-content\/uploads\/huehoho-group.png","contentUrl":"https:\/\/huehoco.com\/wp-content\/uploads\/huehoho-group.png","width":1232,"height":285,"caption":"HUEHOCO GmbH"},"image":{"@id":"https:\/\/huehoco.com\/es\/#\/schema\/logo\/image\/"}}]}},"_links":{"self":[{"href":"https:\/\/huehoco.com\/es\/wp-json\/wp\/v2\/pages\/9301","targetHints":{"allow":["GET"]}}],"collection":[{"href":"https:\/\/huehoco.com\/es\/wp-json\/wp\/v2\/pages"}],"about":[{"href":"https:\/\/huehoco.com\/es\/wp-json\/wp\/v2\/types\/page"}],"author":[{"embeddable":true,"href":"https:\/\/huehoco.com\/es\/wp-json\/wp\/v2\/users\/1"}],"replies":[{"embeddable":true,"href":"https:\/\/huehoco.com\/es\/wp-json\/wp\/v2\/comments?post=9301"}],"version-history":[{"count":5,"href":"https:\/\/huehoco.com\/es\/wp-json\/wp\/v2\/pages\/9301\/revisions"}],"predecessor-version":[{"id":10898,"href":"https:\/\/huehoco.com\/es\/wp-json\/wp\/v2\/pages\/9301\/revisions\/10898"}],"up":[{"embeddable":true,"href":"https:\/\/huehoco.com\/es\/wp-json\/wp\/v2\/pages\/9088"}],"wp:attachment":[{"href":"https:\/\/huehoco.com\/es\/wp-json\/wp\/v2\/media?parent=9301"}],"curies":[{"name":"wp","href":"https:\/\/api.w.org\/{rel}","templated":true}]}}