{"id":9281,"date":"2023-06-13T15:33:02","date_gmt":"2023-06-13T13:33:02","guid":{"rendered":"https:\/\/huehoco-gmbh.pixel-tal.de\/empresa\/valores-y-visiones\/"},"modified":"2023-10-13T12:06:12","modified_gmt":"2023-10-13T10:06:12","slug":"valores-y-visiones","status":"publish","type":"page","link":"https:\/\/huehoco.com\/es\/empresa\/valores-y-visiones\/","title":{"rendered":"Valores y visiones"},"content":{"rendered":"        \r\n            <!-- hero -->\r\n        \r\n                    \r\n            <div id=\"hero-a62458a8f5a6784ee274f266dde405c8\" class=\"hero\">\r\n\t\t\t\t<div class=\"hero-slider\">\t\t\t\t\n        \r\n            <!-- hero -->\r\n        \r\n                    \r\n            <div  class=\"hero-slide hero-slide-0c007c4f4e1e7085e21a14818b9085b9 \">\r\n\r\n\t\t\t\t<div class=\"hero-canvas\">\r\n\t\t\t\t\t<div class=\"hero-content\">\r\n\t\t\t\t\t\t<span class=\"hero-subheadline subheadline\">Respeto con compromiso<\/span>\t\t\t\t\t\t<h1 class=\"hero-headline headline\">Nuestra visi\u00f3n<\/h1>\t\t\t\t\t\t\t\t\t\t\t<\/div>\r\n\t\t\t\t<\/div>\r\n\r\n                \t\t\t\t\t<div class=\"hero-background\">\r\n                        <div class=\"hero-overlay\"><\/div>\r\n\t\t\t\t\t\t<img decoding=\"async\" src=\"https:\/\/huehoco.com\/wp-content\/uploads\/hero-vision.jpg\" \/>\r\n\t\t\t\t\t<\/div>\r\n\t\t\t\t\r\n                \r\n\t\t\t<\/div>\r\n        \r\n                    \r\n            <!-- end:hero -->\r\n        \r\n            \n\r\n\t\t\t\t<\/div>\t\t\t<\/div>\r\n        \r\n                    \r\n            <!-- end:hero -->\r\n        \r\n            <section class=\"gb-container gb-container-91ab36d0 gb-container-section-white\" id=\"intro\">\n<div class=\"gb-container gb-container-2c1e5245\">\n<div class=\"gb-grid-wrapper gb-grid-wrapper-bec5e074\">\n<div class=\"gb-grid-column gb-grid-column-5695831f\"><div class=\"gb-container gb-container-5695831f\" data-aos=\"fade-right\">\n\n<div class=\"wp-block-pixel-headline headlines is-subheadline-top has-text-align-left\"><h2 class=\"headline\" style=\"color:\">Estamos orgullosos de nuestros productos<\/h2><span class=\"subheadline\" style=\"color:\">GRUPO HUEHOCO<\/span><\/div>\n\n<\/div><\/div>\n\n<div class=\"gb-grid-column gb-grid-column-feff83bb\"><div class=\"gb-container gb-container-feff83bb\" data-aos=\"fade-right\">\n\n<p>Esta visi\u00f3n expresa la esencia, la singularidad de nuestro grupo y transmite lo que nos hace y nos seguir\u00e1 haciendo en el futuro.<\/p>\n\n\n\n<p><strong>Pero&#8230; \u00bfqui\u00e9nes somos? \u00bfQu\u00e9 somos? \u00bfC\u00f3mo somos?<\/strong><\/p>\n\n\n\n<p>Filosof\u00eda, valores y misi\u00f3n de la empresa: \u00bfqu\u00e9 dicen de nosotros? \u00bfSe nos impone algo o vivimos lo que &#8220;damos por sentado&#8221;? Quiz\u00e1 no tenga que cumplir todos los requisitos en todo momento y en todas las situaciones. Pero debe haber un objetivo com\u00fan.<\/p>\n\n\n\n<p>Un c\u00f3digo de conducta com\u00fan que nos gu\u00ede.<\/p>\n\n\n\n<p>Una visi\u00f3n clara de los valores, los procesos de toma de decisiones que seguir\u00e1n dando forma a nuestro Grupo HUEHOCO en los pr\u00f3ximos a\u00f1os y lo acompa\u00f1ar\u00e1n en su camino hacia el futuro.<\/p>\n\n\n\n<p class=\"has-color-light-color has-text-color\"><strong>Estaremos encantados de acompa\u00f1arle en este viaje.<\/strong><\/p>\n\n<\/div><\/div>\n\n<div class=\"gb-grid-column gb-grid-column-d13f797f\"><div class=\"gb-container gb-container-d13f797f\" data-aos=\"fade-left\">\n\n<figure class=\"wp-block-embed is-type-video is-provider-youtube wp-block-embed-youtube wp-embed-aspect-16-9 wp-has-aspect-ratio\"><div class=\"wp-block-embed__wrapper\">\n <div class=\"brlbs-cmpnt-container brlbs-cmpnt-content-blocker brlbs-cmpnt-with-individual-styles\" data-borlabs-cookie-content-blocker-id=\"youtube-content-blocker\" data-borlabs-cookie-content=\"PGlmcmFtZSB0aXRsZT0iSFVFSE9DTyBXZXJ0ZSIgd2lkdGg9IjE3NzgiIGhlaWdodD0iMTAwMCIgc3JjPSJodHRwczovL3d3dy55b3V0dWJlLW5vY29va2llLmNvbS9lbWJlZC82QTFQZld4Z2RwWT9mZWF0dXJlPW9lbWJlZCIgZnJhbWVib3JkZXI9IjAiIGFsbG93PSJhY2NlbGVyb21ldGVyOyBhdXRvcGxheTsgY2xpcGJvYXJkLXdyaXRlOyBlbmNyeXB0ZWQtbWVkaWE7IGd5cm9zY29wZTsgcGljdHVyZS1pbi1waWN0dXJlOyB3ZWItc2hhcmUiIGFsbG93ZnVsbHNjcmVlbj48L2lmcmFtZT4=\"><div class=\"brlbs-cmpnt-cb-preset-c brlbs-cmpnt-cb-youtube\"> <div class=\"brlbs-cmpnt-cb-thumbnail\" style=\"background-image: url('https:\/\/huehoco.com\/wp-content\/uploads\/borlabs-cookie\/1\/yt_6A1PfWxgdpY_hqdefault.jpg')\"><\/div> <div class=\"brlbs-cmpnt-cb-main\"> <div class=\"brlbs-cmpnt-cb-play-button\"><\/div> <div class=\"brlbs-cmpnt-cb-content\"> <p class=\"brlbs-cmpnt-cb-description\">Est\u00e1s viendo un contenido de marcador de posici\u00f3n de <strong>YouTube<\/strong>. Para acceder al contenido real, haz clic en el siguiente bot\u00f3n. Ten en cuenta que al hacerlo compartir\u00e1s datos con terceros proveedores.<\/p> <a class=\"brlbs-cmpnt-cb-provider-toggle\" href=\"#\" data-borlabs-cookie-show-provider-information role=\"button\">M\u00e1s informaci\u00f3n<\/a> <\/div> <div class=\"brlbs-cmpnt-cb-buttons\"> <a class=\"brlbs-cmpnt-cb-btn\" href=\"#\" data-borlabs-cookie-unblock role=\"button\">Desbloquear contenido<\/a> <a class=\"brlbs-cmpnt-cb-btn\" href=\"#\" data-borlabs-cookie-accept-service role=\"button\" style=\"display: inherit\">Aceptar el servicio requerido y desbloquear los contenidos<\/a> <\/div> <\/div> <\/div><\/div>\n<\/div><\/figure>\n\n<\/div><\/div>\n<\/div>\n<\/div>\n<\/section><section class=\"gb-container gb-container-cd0a9321 gb-container-section-gradient\" id=\"werte\">\n<div class=\"gb-container gb-container-4469bb1b\">\n<div class=\"gb-grid-wrapper gb-grid-wrapper-722095b5\">\n<div class=\"gb-grid-column gb-grid-column-6c8b95ad\"><div class=\"gb-container gb-container-6c8b95ad\">\n\n<div class=\"wp-block-pixel-headline headlines is-subheadline-bottom has-text-align-left is-gap-sm\"><h2 class=\"headline is-h1\" style=\"color:\">Nuestros valores<\/h2><\/div>\n\n\n\n<p>Nos definimos a nosotros mismos y nuestro trato con los dem\u00e1s a trav\u00e9s de nuestros valores, ya sea dentro de la empresa o en relaci\u00f3n con nuestro entorno.<\/p>\n\n<\/div><\/div>\n<\/div>\n<\/div>\n\n<div class=\"gb-container gb-container-70ce0e7a werte-container\">\n<div class=\"gb-grid-wrapper gb-grid-wrapper-559beca1\">\n<div class=\"gb-grid-column gb-grid-column-ed3ef3f9\"><div class=\"gb-container gb-container-ed3ef3f9\">\n\n<figure class=\"gb-block-image gb-block-image-f40d4fe0\"><img loading=\"lazy\" decoding=\"async\" width=\"700\" height=\"700\" class=\"gb-image gb-image-f40d4fe0\" src=\"https:\/\/huehoco.pixel-tal.de\/wp-content\/uploads\/werte_01.jpg\" alt=\"\" title=\"valores_01\" srcset=\"https:\/\/huehoco.com\/wp-content\/uploads\/werte_01.jpg 700w, https:\/\/huehoco.com\/wp-content\/uploads\/werte_01-300x300.jpg 300w, https:\/\/huehoco.com\/wp-content\/uploads\/werte_01-150x150.jpg 150w, https:\/\/huehoco.com\/wp-content\/uploads\/werte_01-75x75.jpg 75w, https:\/\/huehoco.com\/wp-content\/uploads\/werte_01-120x120.jpg 120w\" sizes=\"auto, (max-width: 700px) 100vw, 700px\" \/><\/figure>\n\n<\/div><\/div>\n\n<div class=\"gb-grid-column gb-grid-column-010bf4d1 gb-grid-column-box-fade\"><div class=\"gb-container gb-container-010bf4d1 gb-container-box-fade\">\n\n<div class=\"wp-block-pixel-headline headlines is-subheadline-bottom has-text-align-center is-gap-off\"><h3 class=\"headline\" style=\"color:var(--color-light)\">Respetar<\/h3><\/div>\n\n\n\n<p class=\"has-text-align-center\">Respeto por todas las criaturas y recursos de nuestro planeta.<\/p>\n\n<\/div><\/div>\n\n<div class=\"gb-grid-column gb-grid-column-1cf789a3\"><div class=\"gb-container gb-container-1cf789a3\">\n\n<figure class=\"gb-block-image gb-block-image-befa5142\"><img loading=\"lazy\" decoding=\"async\" width=\"700\" height=\"700\" class=\"gb-image gb-image-befa5142\" src=\"https:\/\/huehoco.pixel-tal.de\/wp-content\/uploads\/werte_02.jpg\" alt=\"\" title=\"valores_02\" srcset=\"https:\/\/huehoco.com\/wp-content\/uploads\/werte_02.jpg 700w, https:\/\/huehoco.com\/wp-content\/uploads\/werte_02-300x300.jpg 300w, https:\/\/huehoco.com\/wp-content\/uploads\/werte_02-150x150.jpg 150w, https:\/\/huehoco.com\/wp-content\/uploads\/werte_02-75x75.jpg 75w, https:\/\/huehoco.com\/wp-content\/uploads\/werte_02-120x120.jpg 120w\" sizes=\"auto, (max-width: 700px) 100vw, 700px\" \/><\/figure>\n\n<\/div><\/div>\n\n<div class=\"gb-grid-column gb-grid-column-57af6006 gb-grid-column-box-fade\"><div class=\"gb-container gb-container-57af6006 gb-container-box-fade\">\n\n<div class=\"wp-block-pixel-headline headlines is-subheadline-bottom has-text-align-center is-gap-off\"><h3 class=\"headline\" style=\"color:var(--color-light)\">Valor<\/h3><\/div>\n\n\n\n<p class=\"has-text-align-center\">Abandonar activamente los caminos conocidos, pensar de forma diferente y asumir la responsabilidad de los propios actos.<\/p>\n\n<\/div><\/div>\n\n<div class=\"gb-grid-column gb-grid-column-22fdcb60\"><div class=\"gb-container gb-container-22fdcb60\">\n\n<figure class=\"gb-block-image gb-block-image-1b4c3e55\"><img loading=\"lazy\" decoding=\"async\" width=\"700\" height=\"700\" class=\"gb-image gb-image-1b4c3e55\" src=\"https:\/\/huehoco.pixel-tal.de\/wp-content\/uploads\/werte_03.jpg\" alt=\"\" title=\"valores_03\" srcset=\"https:\/\/huehoco.com\/wp-content\/uploads\/werte_03.jpg 700w, https:\/\/huehoco.com\/wp-content\/uploads\/werte_03-300x300.jpg 300w, https:\/\/huehoco.com\/wp-content\/uploads\/werte_03-150x150.jpg 150w, https:\/\/huehoco.com\/wp-content\/uploads\/werte_03-75x75.jpg 75w, https:\/\/huehoco.com\/wp-content\/uploads\/werte_03-120x120.jpg 120w\" sizes=\"auto, (max-width: 700px) 100vw, 700px\" \/><\/figure>\n\n<\/div><\/div>\n\n<div class=\"gb-grid-column gb-grid-column-30ec78b6 gb-grid-column-box-fade\"><div class=\"gb-container gb-container-30ec78b6 gb-container-box-fade\">\n\n<div class=\"wp-block-pixel-headline headlines is-subheadline-bottom has-text-align-center is-gap-off\"><h3 class=\"headline\" style=\"color:var(--color-light)\">Compromiso<\/h3><\/div>\n\n\n\n<p class=\"has-text-align-center\">Pensamiento orientado a la soluci\u00f3n, unido a determinaci\u00f3n para una actitud positiva y la mayor fiabilidad posible.<\/p>\n\n<\/div><\/div>\n\n<div class=\"gb-grid-column gb-grid-column-00318beb\"><div class=\"gb-container gb-container-00318beb\">\n\n<figure class=\"gb-block-image gb-block-image-0d6c756b\"><img loading=\"lazy\" decoding=\"async\" width=\"700\" height=\"700\" class=\"gb-image gb-image-0d6c756b\" src=\"https:\/\/huehoco.pixel-tal.de\/wp-content\/uploads\/werte_04.jpg\" alt=\"\" title=\"valores_04\" srcset=\"https:\/\/huehoco.com\/wp-content\/uploads\/werte_04.jpg 700w, https:\/\/huehoco.com\/wp-content\/uploads\/werte_04-300x300.jpg 300w, https:\/\/huehoco.com\/wp-content\/uploads\/werte_04-150x150.jpg 150w, https:\/\/huehoco.com\/wp-content\/uploads\/werte_04-75x75.jpg 75w, https:\/\/huehoco.com\/wp-content\/uploads\/werte_04-120x120.jpg 120w\" sizes=\"auto, (max-width: 700px) 100vw, 700px\" \/><\/figure>\n\n<\/div><\/div>\n<\/div>\n<\/div>\n<\/section><section class=\"gb-container gb-container-a92f8cce gb-container-section-white\">\n<div class=\"gb-container gb-container-1acc8506\">\n<div class=\"gb-grid-wrapper gb-grid-wrapper-1b0ff202\">\n<div class=\"gb-grid-column gb-grid-column-a90d3cfa\"><div class=\"gb-container gb-container-a90d3cfa\" data-aos=\"fade-in\">\n\n<figure class=\"gb-block-image gb-block-image-a45d6d80\"><img loading=\"lazy\" decoding=\"async\" width=\"700\" height=\"700\" class=\"gb-image gb-image-a45d6d80\" src=\"https:\/\/huehoco.com\/wp-content\/uploads\/werte_01.jpg\" alt=\"\" title=\"valores_01\" srcset=\"https:\/\/huehoco.com\/wp-content\/uploads\/werte_01.jpg 700w, https:\/\/huehoco.com\/wp-content\/uploads\/werte_01-300x300.jpg 300w, https:\/\/huehoco.com\/wp-content\/uploads\/werte_01-150x150.jpg 150w, https:\/\/huehoco.com\/wp-content\/uploads\/werte_01-75x75.jpg 75w, https:\/\/huehoco.com\/wp-content\/uploads\/werte_01-120x120.jpg 120w\" sizes=\"auto, (max-width: 700px) 100vw, 700px\" \/><\/figure>\n\n<\/div><\/div>\n\n<div class=\"gb-grid-column gb-grid-column-9b218cd3\"><div class=\"gb-container gb-container-9b218cd3\" data-aos=\"fade-in\">\n\n<div class=\"wp-block-pixel-headline headlines is-subheadline-bottom has-text-align-left is-gap-sm\"><h2 class=\"headline is-h1\" style=\"color:\">Sostenibilidad<\/h2><\/div>\n\n\n\n<p>Pol\u00edtica medioambiental del GRUPO HUEHOCO<\/p>\n\n\n\n<p>En tiempos de globalizaci\u00f3n, la pol\u00edtica medioambiental de una empresa es cada vez m\u00e1s importante. Los problemas medioambientales trascienden las fronteras nacionales y afectan por igual a las personas y a la naturaleza.<\/p>\n\n\n\n<p>Por tanto, la responsabilidad comprometida de una empresa que opera a escala internacional no s\u00f3lo debe orientarse hacia las directrices nacionales, sino tambi\u00e9n hacia la concienciaci\u00f3n de un tratamiento respetuoso de los recursos naturales de cada h\u00e1bitat.<\/p>\n\n\n\n<p>Nuestro Grupo HUEHOCO se toma muy en serio esta responsabilidad y establece est\u00e1ndares con tecnolog\u00edas de planta innovadoras, as\u00ed como con el desarrollo de materiales de revestimiento compatibles con el medio ambiente y procesos controlados. Por un futuro com\u00fan.<\/p>\n\n\n\n<p>Para nosotros, como empresa de fabricaci\u00f3n, uno de los principales objetivos es optimizar las l\u00edneas de producci\u00f3n.<\/p>\n\n\n\n<p>Ya hemos logrado un gran \u00e9xito aqu\u00ed con nuestras nuevas l\u00edneas de producci\u00f3n:<\/p>\n\n\n\n<ul class=\"wp-block-list\">\n<li>Ahorro de disolventes de hasta el 96 % en comparaci\u00f3n con los procesos convencionales<\/li>\n\n\n\n<li><sub>Ahorro significativo de CO2<\/sub>, certificado y promocionado<\/li>\n\n\n\n<li>Suministro de energ\u00eda propio (purificaci\u00f3n del aire de escape mediante postcombusti\u00f3n t\u00e9rmica)<\/li>\n\n\n\n<li>Hasta el 75 % de la demanda energ\u00e9tica puede cubrirse con energ\u00edas verdes.<\/li>\n<\/ul>\n\n\n\n<p><strong>Se est\u00e1n planificando y aplicando nuevos procesos sostenibles.<\/strong><\/p>\n\n<\/div><\/div>\n<\/div>\n<\/div>\n<\/section><section class=\"gb-container gb-container-4a74e636 gb-container-section-metal\">\n<div class=\"gb-container gb-container-7e72ba3d\">\n<div class=\"gb-grid-wrapper gb-grid-wrapper-2037bd13\">\n<div class=\"gb-grid-column gb-grid-column-25c3ed9c\"><div class=\"gb-container gb-container-25c3ed9c\" data-aos=\"fade-in\">\n\n<div class=\"wp-block-pixel-headline headlines is-subheadline-bottom has-text-align-left is-gap-sm\"><h2 class=\"headline is-h1\" style=\"color:\">Nuestra misi\u00f3n<\/h2><\/div>\n\n\n\n<p><strong>Como empresa, nos hemos fijado objetivos<\/strong> que se reflejan en nuestras declaraciones de misi\u00f3n. Responden a la pregunta sobre nuestra identidad en el mercado. Nuestros objetivos estrat\u00e9gicos estar\u00e1n en consonancia con ellos.<\/p>\n\n\n\n<p>Como empresa industrial familiar y econ\u00f3micamente independiente, somos el principal socio de nuestros clientes. Confirmamos nuestra responsabilidad en su \u00e9xito con nuestra voluntad incondicional de resolver incluso los problemas m\u00e1s complejos. Combinamos el coraje empresarial con la rapidez y la competencia profesionales. As\u00ed es como creamos valor a\u00f1adido y confianza en nuestros mercados.<\/p>\n\n\n\n<p>Para que cada uno de nuestros empleados pueda decir:<\/p>\n\n\n\n<p><mark style=\"background-color:rgba(0, 0, 0, 0)\" class=\"has-inline-color has-color-light-color\"><strong>HACEMOS QUE LA GENTE SE SIENTA ORGULLOSA<\/strong><\/mark><\/p>\n\n<\/div><\/div>\n\n<div class=\"gb-grid-column gb-grid-column-5a61b336 gb-grid-column-blue-overlay-right\"><div class=\"gb-container gb-container-5a61b336 gb-container-blue-overlay-right\" data-aos=\"fade-in\">\n\n<figure class=\"gb-block-image gb-block-image-8604efb7\"><img loading=\"lazy\" decoding=\"async\" width=\"780\" height=\"589\" class=\"gb-image gb-image-8604efb7\" src=\"https:\/\/huehoco.pixel-tal.de\/wp-content\/uploads\/unsere_mission.jpg\" alt=\"\" title=\"nuestra_misi\u00f3n\" srcset=\"https:\/\/huehoco.com\/wp-content\/uploads\/unsere_mission.jpg 780w, https:\/\/huehoco.com\/wp-content\/uploads\/unsere_mission-300x227.jpg 300w, https:\/\/huehoco.com\/wp-content\/uploads\/unsere_mission-768x580.jpg 768w, https:\/\/huehoco.com\/wp-content\/uploads\/unsere_mission-99x75.jpg 99w, https:\/\/huehoco.com\/wp-content\/uploads\/unsere_mission-159x120.jpg 159w\" sizes=\"auto, (max-width: 780px) 100vw, 780px\" \/><\/figure>\n\n<\/div><\/div>\n<\/div>\n<\/div>\n<\/section>","protected":false},"excerpt":{"rendered":"","protected":false},"author":1,"featured_media":0,"parent":9108,"menu_order":2,"comment_status":"closed","ping_status":"closed","template":"","meta":{"_acf_changed":false,"footnotes":""},"class_list":["post-9281","page","type-page","status-publish"],"acf":[],"yoast_head":"<!-- This site is optimized with the Yoast SEO plugin v27.2 - https:\/\/yoast.com\/product\/yoast-seo-wordpress\/ -->\n<title>HUEHOCO: Responsabilidad, visi\u00f3n y sostenibilidad<\/title>\n<meta name=\"description\" content=\"Descubra la filosof\u00eda de HUEHOCO GmbH, caracterizada por el respeto, el valor y el compromiso. Establecemos est\u00e1ndares en protecci\u00f3n medioambiental e innovaci\u00f3n \u25b6 M\u00e1s informaci\u00f3n\" \/>\n<meta name=\"robots\" content=\"index, follow, max-snippet:-1, max-image-preview:large, max-video-preview:-1\" \/>\n<link rel=\"canonical\" href=\"https:\/\/huehoco.com\/es\/empresa\/valores-y-visiones\/\" \/>\n<meta property=\"og:locale\" content=\"es_ES\" \/>\n<meta property=\"og:type\" content=\"article\" \/>\n<meta property=\"og:title\" content=\"HUEHOCO: Responsabilidad, visi\u00f3n y sostenibilidad\" \/>\n<meta property=\"og:description\" content=\"Descubra la filosof\u00eda de HUEHOCO GmbH, caracterizada por el respeto, el valor y el compromiso. Establecemos est\u00e1ndares en protecci\u00f3n medioambiental e innovaci\u00f3n \u25b6 M\u00e1s informaci\u00f3n\" \/>\n<meta property=\"og:url\" content=\"https:\/\/huehoco.com\/es\/empresa\/valores-y-visiones\/\" \/>\n<meta property=\"og:site_name\" content=\"HUEHOCO GmbH\" \/>\n<meta property=\"article:modified_time\" content=\"2023-10-13T10:06:12+00:00\" \/>\n<meta property=\"og:image\" content=\"https:\/\/huehoco.pixel-tal.de\/wp-content\/uploads\/werte_01.jpg\" \/>\n<meta name=\"twitter:card\" content=\"summary_large_image\" \/>\n<meta name=\"twitter:label1\" content=\"Tiempo de lectura\" \/>\n\t<meta name=\"twitter:data1\" content=\"3 minutos\" \/>\n<script type=\"application\/ld+json\" class=\"yoast-schema-graph\">{\"@context\":\"https:\/\/schema.org\",\"@graph\":[{\"@type\":\"WebPage\",\"@id\":\"https:\/\/huehoco.com\/es\/empresa\/valores-y-visiones\/\",\"url\":\"https:\/\/huehoco.com\/es\/empresa\/valores-y-visiones\/\",\"name\":\"HUEHOCO: Responsabilidad, visi\u00f3n y sostenibilidad\",\"isPartOf\":{\"@id\":\"https:\/\/huehoco.com\/es\/#website\"},\"primaryImageOfPage\":{\"@id\":\"https:\/\/huehoco.com\/es\/empresa\/valores-y-visiones\/#primaryimage\"},\"image\":{\"@id\":\"https:\/\/huehoco.com\/es\/empresa\/valores-y-visiones\/#primaryimage\"},\"thumbnailUrl\":\"https:\/\/huehoco.pixel-tal.de\/wp-content\/uploads\/werte_01.jpg\",\"datePublished\":\"2023-06-13T13:33:02+00:00\",\"dateModified\":\"2023-10-13T10:06:12+00:00\",\"description\":\"Descubra la filosof\u00eda de HUEHOCO GmbH, caracterizada por el respeto, el valor y el compromiso. Establecemos est\u00e1ndares en protecci\u00f3n medioambiental e innovaci\u00f3n \u25b6 M\u00e1s informaci\u00f3n\",\"breadcrumb\":{\"@id\":\"https:\/\/huehoco.com\/es\/empresa\/valores-y-visiones\/#breadcrumb\"},\"inLanguage\":\"es\",\"potentialAction\":[{\"@type\":\"ReadAction\",\"target\":[\"https:\/\/huehoco.com\/es\/empresa\/valores-y-visiones\/\"]}]},{\"@type\":\"ImageObject\",\"inLanguage\":\"es\",\"@id\":\"https:\/\/huehoco.com\/es\/empresa\/valores-y-visiones\/#primaryimage\",\"url\":\"https:\/\/huehoco.pixel-tal.de\/wp-content\/uploads\/werte_01.jpg\",\"contentUrl\":\"https:\/\/huehoco.pixel-tal.de\/wp-content\/uploads\/werte_01.jpg\"},{\"@type\":\"BreadcrumbList\",\"@id\":\"https:\/\/huehoco.com\/es\/empresa\/valores-y-visiones\/#breadcrumb\",\"itemListElement\":[{\"@type\":\"ListItem\",\"position\":1,\"name\":\"Startseite\",\"item\":\"https:\/\/huehoco.com\/es\/\"},{\"@type\":\"ListItem\",\"position\":2,\"name\":\"Privat: Empresa\",\"item\":\"https:\/\/huehoco.com\/es\/?page_id=605\"},{\"@type\":\"ListItem\",\"position\":3,\"name\":\"Valores y visiones\"}]},{\"@type\":\"WebSite\",\"@id\":\"https:\/\/huehoco.com\/es\/#website\",\"url\":\"https:\/\/huehoco.com\/es\/\",\"name\":\"HUEHOCO GmbH\",\"description\":\"\",\"publisher\":{\"@id\":\"https:\/\/huehoco.com\/es\/#organization\"},\"potentialAction\":[{\"@type\":\"SearchAction\",\"target\":{\"@type\":\"EntryPoint\",\"urlTemplate\":\"https:\/\/huehoco.com\/es\/?s={search_term_string}\"},\"query-input\":{\"@type\":\"PropertyValueSpecification\",\"valueRequired\":true,\"valueName\":\"search_term_string\"}}],\"inLanguage\":\"es\"},{\"@type\":\"Organization\",\"@id\":\"https:\/\/huehoco.com\/es\/#organization\",\"name\":\"HUEHOCO GmbH\",\"url\":\"https:\/\/huehoco.com\/es\/\",\"logo\":{\"@type\":\"ImageObject\",\"inLanguage\":\"es\",\"@id\":\"https:\/\/huehoco.com\/es\/#\/schema\/logo\/image\/\",\"url\":\"https:\/\/huehoco.com\/wp-content\/uploads\/huehoho-group.png\",\"contentUrl\":\"https:\/\/huehoco.com\/wp-content\/uploads\/huehoho-group.png\",\"width\":1232,\"height\":285,\"caption\":\"HUEHOCO GmbH\"},\"image\":{\"@id\":\"https:\/\/huehoco.com\/es\/#\/schema\/logo\/image\/\"}}]}<\/script>\n<!-- \/ Yoast SEO plugin. -->","yoast_head_json":{"title":"HUEHOCO: Responsabilidad, visi\u00f3n y sostenibilidad","description":"Descubra la filosof\u00eda de HUEHOCO GmbH, caracterizada por el respeto, el valor y el compromiso. Establecemos est\u00e1ndares en protecci\u00f3n medioambiental e innovaci\u00f3n \u25b6 M\u00e1s informaci\u00f3n","robots":{"index":"index","follow":"follow","max-snippet":"max-snippet:-1","max-image-preview":"max-image-preview:large","max-video-preview":"max-video-preview:-1"},"canonical":"https:\/\/huehoco.com\/es\/empresa\/valores-y-visiones\/","og_locale":"es_ES","og_type":"article","og_title":"HUEHOCO: Responsabilidad, visi\u00f3n y sostenibilidad","og_description":"Descubra la filosof\u00eda de HUEHOCO GmbH, caracterizada por el respeto, el valor y el compromiso. Establecemos est\u00e1ndares en protecci\u00f3n medioambiental e innovaci\u00f3n \u25b6 M\u00e1s informaci\u00f3n","og_url":"https:\/\/huehoco.com\/es\/empresa\/valores-y-visiones\/","og_site_name":"HUEHOCO GmbH","article_modified_time":"2023-10-13T10:06:12+00:00","og_image":[{"url":"https:\/\/huehoco.pixel-tal.de\/wp-content\/uploads\/werte_01.jpg","type":"","width":"","height":""}],"twitter_card":"summary_large_image","twitter_misc":{"Tiempo de lectura":"3 minutos"},"schema":{"@context":"https:\/\/schema.org","@graph":[{"@type":"WebPage","@id":"https:\/\/huehoco.com\/es\/empresa\/valores-y-visiones\/","url":"https:\/\/huehoco.com\/es\/empresa\/valores-y-visiones\/","name":"HUEHOCO: Responsabilidad, visi\u00f3n y sostenibilidad","isPartOf":{"@id":"https:\/\/huehoco.com\/es\/#website"},"primaryImageOfPage":{"@id":"https:\/\/huehoco.com\/es\/empresa\/valores-y-visiones\/#primaryimage"},"image":{"@id":"https:\/\/huehoco.com\/es\/empresa\/valores-y-visiones\/#primaryimage"},"thumbnailUrl":"https:\/\/huehoco.pixel-tal.de\/wp-content\/uploads\/werte_01.jpg","datePublished":"2023-06-13T13:33:02+00:00","dateModified":"2023-10-13T10:06:12+00:00","description":"Descubra la filosof\u00eda de HUEHOCO GmbH, caracterizada por el respeto, el valor y el compromiso. Establecemos est\u00e1ndares en protecci\u00f3n medioambiental e innovaci\u00f3n \u25b6 M\u00e1s informaci\u00f3n","breadcrumb":{"@id":"https:\/\/huehoco.com\/es\/empresa\/valores-y-visiones\/#breadcrumb"},"inLanguage":"es","potentialAction":[{"@type":"ReadAction","target":["https:\/\/huehoco.com\/es\/empresa\/valores-y-visiones\/"]}]},{"@type":"ImageObject","inLanguage":"es","@id":"https:\/\/huehoco.com\/es\/empresa\/valores-y-visiones\/#primaryimage","url":"https:\/\/huehoco.pixel-tal.de\/wp-content\/uploads\/werte_01.jpg","contentUrl":"https:\/\/huehoco.pixel-tal.de\/wp-content\/uploads\/werte_01.jpg"},{"@type":"BreadcrumbList","@id":"https:\/\/huehoco.com\/es\/empresa\/valores-y-visiones\/#breadcrumb","itemListElement":[{"@type":"ListItem","position":1,"name":"Startseite","item":"https:\/\/huehoco.com\/es\/"},{"@type":"ListItem","position":2,"name":"Privat: Empresa","item":"https:\/\/huehoco.com\/es\/?page_id=605"},{"@type":"ListItem","position":3,"name":"Valores y visiones"}]},{"@type":"WebSite","@id":"https:\/\/huehoco.com\/es\/#website","url":"https:\/\/huehoco.com\/es\/","name":"HUEHOCO GmbH","description":"","publisher":{"@id":"https:\/\/huehoco.com\/es\/#organization"},"potentialAction":[{"@type":"SearchAction","target":{"@type":"EntryPoint","urlTemplate":"https:\/\/huehoco.com\/es\/?s={search_term_string}"},"query-input":{"@type":"PropertyValueSpecification","valueRequired":true,"valueName":"search_term_string"}}],"inLanguage":"es"},{"@type":"Organization","@id":"https:\/\/huehoco.com\/es\/#organization","name":"HUEHOCO GmbH","url":"https:\/\/huehoco.com\/es\/","logo":{"@type":"ImageObject","inLanguage":"es","@id":"https:\/\/huehoco.com\/es\/#\/schema\/logo\/image\/","url":"https:\/\/huehoco.com\/wp-content\/uploads\/huehoho-group.png","contentUrl":"https:\/\/huehoco.com\/wp-content\/uploads\/huehoho-group.png","width":1232,"height":285,"caption":"HUEHOCO GmbH"},"image":{"@id":"https:\/\/huehoco.com\/es\/#\/schema\/logo\/image\/"}}]}},"_links":{"self":[{"href":"https:\/\/huehoco.com\/es\/wp-json\/wp\/v2\/pages\/9281","targetHints":{"allow":["GET"]}}],"collection":[{"href":"https:\/\/huehoco.com\/es\/wp-json\/wp\/v2\/pages"}],"about":[{"href":"https:\/\/huehoco.com\/es\/wp-json\/wp\/v2\/types\/page"}],"author":[{"embeddable":true,"href":"https:\/\/huehoco.com\/es\/wp-json\/wp\/v2\/users\/1"}],"replies":[{"embeddable":true,"href":"https:\/\/huehoco.com\/es\/wp-json\/wp\/v2\/comments?post=9281"}],"version-history":[{"count":0,"href":"https:\/\/huehoco.com\/es\/wp-json\/wp\/v2\/pages\/9281\/revisions"}],"up":[{"embeddable":true,"href":"https:\/\/huehoco.com\/es\/wp-json\/wp\/v2\/pages\/9108"}],"wp:attachment":[{"href":"https:\/\/huehoco.com\/es\/wp-json\/wp\/v2\/media?parent=9281"}],"curies":[{"name":"wp","href":"https:\/\/api.w.org\/{rel}","templated":true}]}}