{"id":9209,"date":"2023-06-13T15:45:29","date_gmt":"2023-06-13T13:45:29","guid":{"rendered":"https:\/\/huehoco-gmbh.pixel-tal.de\/gama-de-servicios\/produccion\/"},"modified":"2023-10-13T12:06:00","modified_gmt":"2023-10-13T10:06:00","slug":"produccion","status":"publish","type":"page","link":"https:\/\/huehoco.com\/es\/gama-de-servicios\/produccion\/","title":{"rendered":"Producci\u00f3n"},"content":{"rendered":"        \r\n            <!-- hero -->\r\n        \r\n                    \r\n            <div id=\"hero-0b2f16e371fa6764617320f961553368\" class=\"hero\">\r\n\t\t\t\t<div class=\"hero-slider\">\t\t\t\t\n        \r\n            <!-- hero -->\r\n        \r\n                    \r\n            <div  class=\"hero-slide hero-slide-5a7ed32ab0bdbae6f864ee631098d03a \">\r\n\r\n\t\t\t\t<div class=\"hero-canvas\">\r\n\t\t\t\t\t<div class=\"hero-content\">\r\n\t\t\t\t\t\t<span class=\"hero-subheadline subheadline\">Acabado de superficies met\u00e1licas  <\/span>\t\t\t\t\t\t<h1 class=\"hero-headline headline\">Producci\u00f3n DIe<\/h1>\t\t\t\t\t\t\t\t\t\t\t<\/div>\r\n\t\t\t\t<\/div>\r\n\r\n                \t\t\t\t\t<div class=\"hero-background\">\r\n                        <div class=\"hero-overlay\"><\/div>\r\n\t\t\t\t\t\t<img decoding=\"async\" src=\"https:\/\/huehoco.com\/wp-content\/uploads\/hero-produktion.jpg\" \/>\r\n\t\t\t\t\t<\/div>\r\n\t\t\t\t\r\n                \r\n\t\t\t<\/div>\r\n        \r\n                    \r\n            <!-- end:hero -->\r\n        \r\n            \n\r\n\t\t\t\t<\/div>\t\t\t<\/div>\r\n        \r\n                    \r\n            <!-- end:hero -->\r\n        \r\n            <section class=\"gb-container gb-container-91ab36d0 gb-container-section-white\" id=\"intro\">\n<div class=\"gb-container gb-container-2c1e5245\">\n<div class=\"gb-grid-wrapper gb-grid-wrapper-bec5e074\">\n<div class=\"gb-grid-column gb-grid-column-feff83bb\"><div class=\"gb-container gb-container-feff83bb\" data-aos=\"fade-right\">\n\n<div class=\"wp-block-pixel-headline headlines is-subheadline-top has-text-align-left is-gap-sm\"><h2 class=\"headline\" style=\"color:\">Nuestras instalaciones de producci\u00f3n<\/h2><span class=\"subheadline\" style=\"color:\">Innovador y respetuoso con el medio ambiente<\/span><\/div>\n\n\n\n<p>Demos un peque\u00f1o salto al pasado: llevamos produciendo en Wuppertal desde 1927. Lo que empez\u00f3 siendo una simple planta de barnizado de paneles se ha convertido con los a\u00f1os en un centro de producci\u00f3n de vanguardia. En la actualidad, en Wuppertal hay instalados un total de cuatro innovadores sistemas de revestimiento.<br\/><br\/>Todas nuestras instalaciones de producci\u00f3n ofrecen un amplio abanico de posibilidades y est\u00e1n equipadas con la tecnolog\u00eda m\u00e1s avanzada. El \u00faltimo ejemplo de nuestra fuerza innovadora es nuestra nueva l\u00ednea de extrusi\u00f3n de caucho. Nos permite aplicar capas de elast\u00f3mero espumado y no espumado de forma convencional en grosores de capa de 200 a 2.000 \u03bcm en una sola pasada, y en una o ambas caras, lo que supone un enorme ahorro de energ\u00eda.<\/p>\n\n<\/div><\/div>\n\n<div class=\"gb-grid-column gb-grid-column-1b6bd70e\"><div class=\"gb-container gb-container-1b6bd70e\" data-aos=\"fade-right\">\n\n<figure class=\"gb-block-image gb-block-image-24a2858d\"><img loading=\"lazy\" decoding=\"async\" width=\"780\" height=\"300\" class=\"gb-image gb-image-24a2858d\" src=\"https:\/\/huehoco.com\/wp-content\/uploads\/innovative-produktion.jpg\" alt=\"\" title=\"producci\u00f3n innovadora\" srcset=\"https:\/\/huehoco.com\/wp-content\/uploads\/innovative-produktion.jpg 780w, https:\/\/huehoco.com\/wp-content\/uploads\/innovative-produktion-300x115.jpg 300w, https:\/\/huehoco.com\/wp-content\/uploads\/innovative-produktion-768x295.jpg 768w, https:\/\/huehoco.com\/wp-content\/uploads\/innovative-produktion-195x75.jpg 195w, https:\/\/huehoco.com\/wp-content\/uploads\/innovative-produktion-312x120.jpg 312w\" sizes=\"auto, (max-width: 780px) 100vw, 780px\" \/><\/figure>\n\n\n\n<p><br\/>Otra caracter\u00edstica especial de nuestras l\u00edneas de producci\u00f3n es el concepto crom\u00e1tico de las m\u00e1quinas. Gracias a sus diferentes acabados de pintura, bastante llamativos, se mejora el entorno de producci\u00f3n y se hace m\u00e1s agradable el ambiente de trabajo para nuestros empleados, un aspecto importante cuando se trata de que est\u00e9n motivados y comprometidos a trabajar para nuestros clientes.<\/p>\n\n<\/div><\/div>\n<\/div>\n<\/div>\n<\/section><section class=\"gb-container gb-container-ad08ebe1 gb-container-section-white\" id=\"certificatequality\">\n<div class=\"gb-container gb-container-609e79f4\">\n<div class=\"gb-grid-wrapper gb-grid-wrapper-40bf9fc1\">\n<div class=\"gb-grid-column gb-grid-column-0ae95376\"><div class=\"gb-container gb-container-0ae95376\" data-aos=\"fade-in\">\n\n<div class=\"wp-block-pixel-headline headlines is-subheadline-top has-text-align-left is-gap-off\"><h2 class=\"headline\" style=\"color:\">CALIDAD certificada<\/h2><span class=\"subheadline\" style=\"color:\">Entregamos<\/span><\/div>\n\n<\/div><\/div>\n\n<div class=\"gb-grid-column gb-grid-column-97fb7778\"><div class=\"gb-container gb-container-97fb7778\">\n\n<figure class=\"wp-block-gallery has-nested-images columns-5 wp-block-gallery-1 is-layout-flex wp-block-gallery-is-layout-flex\">\n<figure class=\"wp-block-image size-large\"><img loading=\"lazy\" decoding=\"async\" width=\"140\" height=\"140\" data-id=\"5011\" src=\"https:\/\/huehoco.com\/wp-content\/uploads\/certificate_iatf_16949.svg\" alt=\"\" class=\"wp-image-5011\"\/><\/figure>\n\n\n\n<figure class=\"wp-block-image size-large\"><img loading=\"lazy\" decoding=\"async\" width=\"140\" height=\"140\" data-id=\"5002\" src=\"https:\/\/huehoco.com\/wp-content\/uploads\/certificate_iso_9001.svg\" alt=\"\" class=\"wp-image-5002\"\/><\/figure>\n\n\n\n<figure class=\"wp-block-image size-large\"><img loading=\"lazy\" decoding=\"async\" width=\"140\" height=\"140\" data-id=\"5005\" src=\"https:\/\/huehoco.com\/wp-content\/uploads\/certificate_iso_50001.svg\" alt=\"\" class=\"wp-image-5005\"\/><\/figure>\n\n\n\n<figure class=\"wp-block-image size-large\"><img loading=\"lazy\" decoding=\"async\" width=\"140\" height=\"140\" data-id=\"5007\" src=\"https:\/\/huehoco.com\/wp-content\/uploads\/certificate_aeo.svg\" alt=\"\" class=\"wp-image-5007\"\/><\/figure>\n\n\n\n<figure class=\"wp-block-image size-large\"><img loading=\"lazy\" decoding=\"async\" width=\"140\" height=\"140\" data-id=\"5009\" src=\"https:\/\/huehoco.com\/wp-content\/uploads\/certificate_iso_14001.svg\" alt=\"\" class=\"wp-image-5009\"\/><\/figure>\n<\/figure>\n\n<\/div><\/div>\n<\/div>\n<\/div>\n<\/section><section class=\"gb-container gb-container-316e3932 gb-container-section-brand\">\n<div class=\"gb-container gb-container-fef606ab\">\n<div class=\"gb-grid-wrapper gb-grid-wrapper-19026db3\">\n<div class=\"gb-grid-column gb-grid-column-033656a8\"><div class=\"gb-container gb-container-033656a8\" data-aos=\"fade-left\">\n\n<figure class=\"gb-block-image gb-block-image-6fd2d2ac\"><img loading=\"lazy\" decoding=\"async\" width=\"700\" height=\"467\" class=\"gb-image gb-image-6fd2d2ac\" src=\"https:\/\/huehoco.com\/wp-content\/uploads\/produktion_01.jpg\" alt=\"\" title=\"producci\u00f3n_01\" srcset=\"https:\/\/huehoco.com\/wp-content\/uploads\/produktion_01.jpg 700w, https:\/\/huehoco.com\/wp-content\/uploads\/produktion_01-300x200.jpg 300w, https:\/\/huehoco.com\/wp-content\/uploads\/produktion_01-112x75.jpg 112w, https:\/\/huehoco.com\/wp-content\/uploads\/produktion_01-180x120.jpg 180w\" sizes=\"auto, (max-width: 700px) 100vw, 700px\" \/><\/figure>\n\n<\/div><\/div>\n\n<div class=\"gb-grid-column gb-grid-column-99fbc847\"><div class=\"gb-container gb-container-99fbc847\" data-aos=\"fade-left\">\n\n<figure class=\"gb-block-image gb-block-image-8a150d0f\"><img loading=\"lazy\" decoding=\"async\" width=\"700\" height=\"467\" class=\"gb-image gb-image-8a150d0f\" src=\"https:\/\/huehoco.com\/wp-content\/uploads\/produktion_02.jpg\" alt=\"\" title=\"producci\u00f3n_02\" srcset=\"https:\/\/huehoco.com\/wp-content\/uploads\/produktion_02.jpg 700w, https:\/\/huehoco.com\/wp-content\/uploads\/produktion_02-300x200.jpg 300w, https:\/\/huehoco.com\/wp-content\/uploads\/produktion_02-112x75.jpg 112w, https:\/\/huehoco.com\/wp-content\/uploads\/produktion_02-180x120.jpg 180w\" sizes=\"auto, (max-width: 700px) 100vw, 700px\" \/><\/figure>\n\n<\/div><\/div>\n\n<div class=\"gb-grid-column gb-grid-column-daf4af55\"><div class=\"gb-container gb-container-daf4af55\" data-aos=\"fade-left\">\n\n<figure class=\"gb-block-image gb-block-image-d9075293\"><img loading=\"lazy\" decoding=\"async\" width=\"700\" height=\"467\" class=\"gb-image gb-image-d9075293\" src=\"https:\/\/huehoco.com\/wp-content\/uploads\/produktion_03.jpg\" alt=\"\" title=\"producci\u00f3n_03\" srcset=\"https:\/\/huehoco.com\/wp-content\/uploads\/produktion_03.jpg 700w, https:\/\/huehoco.com\/wp-content\/uploads\/produktion_03-300x200.jpg 300w, https:\/\/huehoco.com\/wp-content\/uploads\/produktion_03-112x75.jpg 112w, https:\/\/huehoco.com\/wp-content\/uploads\/produktion_03-180x120.jpg 180w\" sizes=\"auto, (max-width: 700px) 100vw, 700px\" \/><\/figure>\n\n<\/div><\/div>\n<\/div>\n<\/div>\n<\/section><section class=\"gb-container gb-container-89be1d99 gb-container-section-metal\">\n<div class=\"gb-container gb-container-452822a6\">\n<div class=\"gb-grid-wrapper gb-grid-wrapper-978eb406\">\n<div class=\"gb-grid-column gb-grid-column-cace55bc\"><div class=\"gb-container gb-container-cace55bc\">\n\n<div class=\"wp-block-pixel-headline headlines is-subheadline-top has-text-align-left is-gap-sm\"><h2 class=\"headline\" style=\"color:\">Producci\u00f3n sostenible<\/h2><span class=\"subheadline\" style=\"color:\">Pensamos en el medio ambiente<\/span><\/div>\n\n\n\n<p>La sostenibilidad tambi\u00e9n desempe\u00f1a un papel importante para HUEHOCO en la producci\u00f3n. Siempre que es posible, abogamos por soluciones respetuosas con el medio ambiente y tratamos de reducir la carga que supone para \u00e9ste mediante ideas innovadoras.<br\/><br\/>Un ejemplo de nuestro \u00e9xito en este sentido es, sin duda, nuestro nuevo revestimiento de caucho de metales en la l\u00ednea de extrusi\u00f3n de caucho de nuevo dise\u00f1o. Esta planta nos permite producir los grosores de capa de caucho deseados en una sola pasada. En comparaci\u00f3n con el revestimiento convencional de bobinas, se trata de un verdadero hito en lo que respecta a la producci\u00f3n con ahorro de recursos.<\/p>\n\n<\/div><\/div>\n\n<div class=\"gb-grid-column gb-grid-column-3c8428ea\"><div class=\"gb-container gb-container-3c8428ea\">\n\n<figure class=\"wp-block-image size-full\"><img loading=\"lazy\" decoding=\"async\" width=\"780\" height=\"419\" src=\"https:\/\/huehoco.com\/wp-content\/uploads\/nachhaltige-produktion.png\" alt=\"\" class=\"wp-image-5415\" srcset=\"https:\/\/huehoco.com\/wp-content\/uploads\/nachhaltige-produktion.png 780w, https:\/\/huehoco.com\/wp-content\/uploads\/nachhaltige-produktion-300x161.png 300w, https:\/\/huehoco.com\/wp-content\/uploads\/nachhaltige-produktion-768x413.png 768w, https:\/\/huehoco.com\/wp-content\/uploads\/nachhaltige-produktion-140x75.png 140w, https:\/\/huehoco.com\/wp-content\/uploads\/nachhaltige-produktion-223x120.png 223w\" sizes=\"auto, (max-width: 780px) 100vw, 780px\" \/><\/figure>\n\n<\/div><\/div>\n<\/div>\n<\/div>\n<\/section>","protected":false},"excerpt":{"rendered":"","protected":false},"author":1,"featured_media":0,"parent":9089,"menu_order":1,"comment_status":"closed","ping_status":"closed","template":"","meta":{"_acf_changed":false,"footnotes":""},"class_list":["post-9209","page","type-page","status-publish"],"acf":[],"yoast_head":"<!-- This site is optimized with the Yoast SEO plugin v27.2 - https:\/\/yoast.com\/product\/yoast-seo-wordpress\/ -->\n<title>HUEHOCO: Un siglo de acabados met\u00e1licos en Wuppertal<\/title>\n<meta name=\"description\" content=\"HUEHOCO lleva marcando la pauta en el acabado de metales desde 1927. Descubra nuestro moderno paisaje de producci\u00f3n y nuestro compromiso con la calidad \u25b6 M\u00e1s informaci\u00f3n\" \/>\n<meta name=\"robots\" content=\"index, follow, max-snippet:-1, max-image-preview:large, max-video-preview:-1\" \/>\n<link rel=\"canonical\" href=\"https:\/\/huehoco.com\/es\/gama-de-servicios\/produccion\/\" \/>\n<meta property=\"og:locale\" content=\"es_ES\" \/>\n<meta property=\"og:type\" content=\"article\" \/>\n<meta property=\"og:title\" content=\"HUEHOCO: Un siglo de acabados met\u00e1licos en Wuppertal\" \/>\n<meta property=\"og:description\" content=\"HUEHOCO lleva marcando la pauta en el acabado de metales desde 1927. Descubra nuestro moderno paisaje de producci\u00f3n y nuestro compromiso con la calidad \u25b6 M\u00e1s informaci\u00f3n\" \/>\n<meta property=\"og:url\" content=\"https:\/\/huehoco.com\/es\/gama-de-servicios\/produccion\/\" \/>\n<meta property=\"og:site_name\" content=\"HUEHOCO GmbH\" \/>\n<meta property=\"article:modified_time\" content=\"2023-10-13T10:06:00+00:00\" \/>\n<meta property=\"og:image\" content=\"https:\/\/huehoco.com\/wp-content\/uploads\/innovative-produktion.jpg\" \/>\n<meta name=\"twitter:card\" content=\"summary_large_image\" \/>\n<meta name=\"twitter:label1\" content=\"Tiempo de lectura\" \/>\n\t<meta name=\"twitter:data1\" content=\"2 minutos\" \/>\n<script type=\"application\/ld+json\" class=\"yoast-schema-graph\">{\"@context\":\"https:\/\/schema.org\",\"@graph\":[{\"@type\":\"WebPage\",\"@id\":\"https:\/\/huehoco.com\/es\/gama-de-servicios\/produccion\/\",\"url\":\"https:\/\/huehoco.com\/es\/gama-de-servicios\/produccion\/\",\"name\":\"HUEHOCO: Un siglo de acabados met\u00e1licos en Wuppertal\",\"isPartOf\":{\"@id\":\"https:\/\/huehoco.com\/es\/#website\"},\"primaryImageOfPage\":{\"@id\":\"https:\/\/huehoco.com\/es\/gama-de-servicios\/produccion\/#primaryimage\"},\"image\":{\"@id\":\"https:\/\/huehoco.com\/es\/gama-de-servicios\/produccion\/#primaryimage\"},\"thumbnailUrl\":\"https:\/\/huehoco.com\/wp-content\/uploads\/innovative-produktion.jpg\",\"datePublished\":\"2023-06-13T13:45:29+00:00\",\"dateModified\":\"2023-10-13T10:06:00+00:00\",\"description\":\"HUEHOCO lleva marcando la pauta en el acabado de metales desde 1927. Descubra nuestro moderno paisaje de producci\u00f3n y nuestro compromiso con la calidad \u25b6 M\u00e1s informaci\u00f3n\",\"breadcrumb\":{\"@id\":\"https:\/\/huehoco.com\/es\/gama-de-servicios\/produccion\/#breadcrumb\"},\"inLanguage\":\"es\",\"potentialAction\":[{\"@type\":\"ReadAction\",\"target\":[\"https:\/\/huehoco.com\/es\/gama-de-servicios\/produccion\/\"]}]},{\"@type\":\"ImageObject\",\"inLanguage\":\"es\",\"@id\":\"https:\/\/huehoco.com\/es\/gama-de-servicios\/produccion\/#primaryimage\",\"url\":\"https:\/\/huehoco.com\/wp-content\/uploads\/innovative-produktion.jpg\",\"contentUrl\":\"https:\/\/huehoco.com\/wp-content\/uploads\/innovative-produktion.jpg\"},{\"@type\":\"BreadcrumbList\",\"@id\":\"https:\/\/huehoco.com\/es\/gama-de-servicios\/produccion\/#breadcrumb\",\"itemListElement\":[{\"@type\":\"ListItem\",\"position\":1,\"name\":\"Startseite\",\"item\":\"https:\/\/huehoco.com\/es\/\"},{\"@type\":\"ListItem\",\"position\":2,\"name\":\"Privat: Gama de servicios\",\"item\":\"https:\/\/huehoco.com\/es\/?page_id=486\"},{\"@type\":\"ListItem\",\"position\":3,\"name\":\"Producci\u00f3n\"}]},{\"@type\":\"WebSite\",\"@id\":\"https:\/\/huehoco.com\/es\/#website\",\"url\":\"https:\/\/huehoco.com\/es\/\",\"name\":\"HUEHOCO GmbH\",\"description\":\"\",\"publisher\":{\"@id\":\"https:\/\/huehoco.com\/es\/#organization\"},\"potentialAction\":[{\"@type\":\"SearchAction\",\"target\":{\"@type\":\"EntryPoint\",\"urlTemplate\":\"https:\/\/huehoco.com\/es\/?s={search_term_string}\"},\"query-input\":{\"@type\":\"PropertyValueSpecification\",\"valueRequired\":true,\"valueName\":\"search_term_string\"}}],\"inLanguage\":\"es\"},{\"@type\":\"Organization\",\"@id\":\"https:\/\/huehoco.com\/es\/#organization\",\"name\":\"HUEHOCO GmbH\",\"url\":\"https:\/\/huehoco.com\/es\/\",\"logo\":{\"@type\":\"ImageObject\",\"inLanguage\":\"es\",\"@id\":\"https:\/\/huehoco.com\/es\/#\/schema\/logo\/image\/\",\"url\":\"https:\/\/huehoco.com\/wp-content\/uploads\/huehoho-group.png\",\"contentUrl\":\"https:\/\/huehoco.com\/wp-content\/uploads\/huehoho-group.png\",\"width\":1232,\"height\":285,\"caption\":\"HUEHOCO GmbH\"},\"image\":{\"@id\":\"https:\/\/huehoco.com\/es\/#\/schema\/logo\/image\/\"}}]}<\/script>\n<!-- \/ Yoast SEO plugin. -->","yoast_head_json":{"title":"HUEHOCO: Un siglo de acabados met\u00e1licos en Wuppertal","description":"HUEHOCO lleva marcando la pauta en el acabado de metales desde 1927. Descubra nuestro moderno paisaje de producci\u00f3n y nuestro compromiso con la calidad \u25b6 M\u00e1s informaci\u00f3n","robots":{"index":"index","follow":"follow","max-snippet":"max-snippet:-1","max-image-preview":"max-image-preview:large","max-video-preview":"max-video-preview:-1"},"canonical":"https:\/\/huehoco.com\/es\/gama-de-servicios\/produccion\/","og_locale":"es_ES","og_type":"article","og_title":"HUEHOCO: Un siglo de acabados met\u00e1licos en Wuppertal","og_description":"HUEHOCO lleva marcando la pauta en el acabado de metales desde 1927. Descubra nuestro moderno paisaje de producci\u00f3n y nuestro compromiso con la calidad \u25b6 M\u00e1s informaci\u00f3n","og_url":"https:\/\/huehoco.com\/es\/gama-de-servicios\/produccion\/","og_site_name":"HUEHOCO GmbH","article_modified_time":"2023-10-13T10:06:00+00:00","og_image":[{"url":"https:\/\/huehoco.com\/wp-content\/uploads\/innovative-produktion.jpg","type":"","width":"","height":""}],"twitter_card":"summary_large_image","twitter_misc":{"Tiempo de lectura":"2 minutos"},"schema":{"@context":"https:\/\/schema.org","@graph":[{"@type":"WebPage","@id":"https:\/\/huehoco.com\/es\/gama-de-servicios\/produccion\/","url":"https:\/\/huehoco.com\/es\/gama-de-servicios\/produccion\/","name":"HUEHOCO: Un siglo de acabados met\u00e1licos en Wuppertal","isPartOf":{"@id":"https:\/\/huehoco.com\/es\/#website"},"primaryImageOfPage":{"@id":"https:\/\/huehoco.com\/es\/gama-de-servicios\/produccion\/#primaryimage"},"image":{"@id":"https:\/\/huehoco.com\/es\/gama-de-servicios\/produccion\/#primaryimage"},"thumbnailUrl":"https:\/\/huehoco.com\/wp-content\/uploads\/innovative-produktion.jpg","datePublished":"2023-06-13T13:45:29+00:00","dateModified":"2023-10-13T10:06:00+00:00","description":"HUEHOCO lleva marcando la pauta en el acabado de metales desde 1927. Descubra nuestro moderno paisaje de producci\u00f3n y nuestro compromiso con la calidad \u25b6 M\u00e1s informaci\u00f3n","breadcrumb":{"@id":"https:\/\/huehoco.com\/es\/gama-de-servicios\/produccion\/#breadcrumb"},"inLanguage":"es","potentialAction":[{"@type":"ReadAction","target":["https:\/\/huehoco.com\/es\/gama-de-servicios\/produccion\/"]}]},{"@type":"ImageObject","inLanguage":"es","@id":"https:\/\/huehoco.com\/es\/gama-de-servicios\/produccion\/#primaryimage","url":"https:\/\/huehoco.com\/wp-content\/uploads\/innovative-produktion.jpg","contentUrl":"https:\/\/huehoco.com\/wp-content\/uploads\/innovative-produktion.jpg"},{"@type":"BreadcrumbList","@id":"https:\/\/huehoco.com\/es\/gama-de-servicios\/produccion\/#breadcrumb","itemListElement":[{"@type":"ListItem","position":1,"name":"Startseite","item":"https:\/\/huehoco.com\/es\/"},{"@type":"ListItem","position":2,"name":"Privat: Gama de servicios","item":"https:\/\/huehoco.com\/es\/?page_id=486"},{"@type":"ListItem","position":3,"name":"Producci\u00f3n"}]},{"@type":"WebSite","@id":"https:\/\/huehoco.com\/es\/#website","url":"https:\/\/huehoco.com\/es\/","name":"HUEHOCO GmbH","description":"","publisher":{"@id":"https:\/\/huehoco.com\/es\/#organization"},"potentialAction":[{"@type":"SearchAction","target":{"@type":"EntryPoint","urlTemplate":"https:\/\/huehoco.com\/es\/?s={search_term_string}"},"query-input":{"@type":"PropertyValueSpecification","valueRequired":true,"valueName":"search_term_string"}}],"inLanguage":"es"},{"@type":"Organization","@id":"https:\/\/huehoco.com\/es\/#organization","name":"HUEHOCO GmbH","url":"https:\/\/huehoco.com\/es\/","logo":{"@type":"ImageObject","inLanguage":"es","@id":"https:\/\/huehoco.com\/es\/#\/schema\/logo\/image\/","url":"https:\/\/huehoco.com\/wp-content\/uploads\/huehoho-group.png","contentUrl":"https:\/\/huehoco.com\/wp-content\/uploads\/huehoho-group.png","width":1232,"height":285,"caption":"HUEHOCO GmbH"},"image":{"@id":"https:\/\/huehoco.com\/es\/#\/schema\/logo\/image\/"}}]}},"_links":{"self":[{"href":"https:\/\/huehoco.com\/es\/wp-json\/wp\/v2\/pages\/9209","targetHints":{"allow":["GET"]}}],"collection":[{"href":"https:\/\/huehoco.com\/es\/wp-json\/wp\/v2\/pages"}],"about":[{"href":"https:\/\/huehoco.com\/es\/wp-json\/wp\/v2\/types\/page"}],"author":[{"embeddable":true,"href":"https:\/\/huehoco.com\/es\/wp-json\/wp\/v2\/users\/1"}],"replies":[{"embeddable":true,"href":"https:\/\/huehoco.com\/es\/wp-json\/wp\/v2\/comments?post=9209"}],"version-history":[{"count":0,"href":"https:\/\/huehoco.com\/es\/wp-json\/wp\/v2\/pages\/9209\/revisions"}],"up":[{"embeddable":true,"href":"https:\/\/huehoco.com\/es\/wp-json\/wp\/v2\/pages\/9089"}],"wp:attachment":[{"href":"https:\/\/huehoco.com\/es\/wp-json\/wp\/v2\/media?parent=9209"}],"curies":[{"name":"wp","href":"https:\/\/api.w.org\/{rel}","templated":true}]}}