{"id":9133,"date":"2023-04-06T14:28:21","date_gmt":"2023-04-06T12:28:21","guid":{"rendered":"https:\/\/huehoco-gmbh.pixel-tal.de\/descargas\/folletos\/"},"modified":"2023-10-16T11:06:21","modified_gmt":"2023-10-16T09:06:21","slug":"folletos","status":"publish","type":"page","link":"https:\/\/huehoco.com\/es\/descargas\/folletos\/","title":{"rendered":"Folletos"},"content":{"rendered":"        \r\n            <!-- hero -->\r\n        \r\n                    \r\n            <div id=\"hero-9a9ce0a7bc02530640d1b3baa839014b\" class=\"hero\">\r\n\t\t\t\t<div class=\"hero-slider\">\t\t\t\t\n        \r\n            <!-- hero -->\r\n        \r\n                    \r\n            <div  class=\"hero-slide hero-slide-7cb0bd33aa9914ca1a23bd0ad2a20c6b \">\r\n\r\n\t\t\t\t<div class=\"hero-canvas\">\r\n\t\t\t\t\t<div class=\"hero-content\">\r\n\t\t\t\t\t\t<span class=\"hero-subheadline subheadline\">Para m\u00e1s informaci\u00f3n<\/span>\t\t\t\t\t\t<h1 class=\"hero-headline headline\">Descargar<\/h1>\t\t\t\t\t\t\t\t\t\t\t<\/div>\r\n\t\t\t\t<\/div>\r\n\r\n                \t\t\t\t\t<div class=\"hero-background\">\r\n                        <div class=\"hero-overlay\"><\/div>\r\n\t\t\t\t\t\t<img decoding=\"async\" src=\"https:\/\/huehoco.com\/wp-content\/uploads\/huehoco_hero_broschueren.jpg\" \/>\r\n\t\t\t\t\t<\/div>\r\n\t\t\t\t\r\n                \r\n\t\t\t<\/div>\r\n        \r\n                    \r\n            <!-- end:hero -->\r\n        \r\n            \n\r\n\t\t\t\t<\/div>\t\t\t<\/div>\r\n        \r\n                    \r\n            <!-- end:hero -->\r\n        \r\n            \n\n<section class=\"gb-container gb-container-00bd786a gb-container-section-white\">\n<div class=\"gb-container gb-container-2f7fe8c3\">\n<div class=\"gb-grid-wrapper gb-grid-wrapper-03ad8f6b\">\n<div class=\"gb-grid-column gb-grid-column-d5e62e64\"><div class=\"gb-container gb-container-d5e62e64\">\n\n<div class=\"wp-block-pixel-headline headlines is-subheadline-top has-text-align-left\"><h2 class=\"headline\" style=\"color:\">Folletos<\/h2><span class=\"subheadline\" style=\"color:\">DESCARGAS<\/span><\/div>\n\n\n\n\t\t\t        \n                    \n            <div id=\"\" class=\"grid grid-db2b3716 grid-download grid-columns-4\" >\n\t\t\t\t<div class=\"grid-inner\">\n\n\t\t\t\t\t\t\t\t\t\t\t<div class=\"grid-item\">\n\t\t\t\t\t\t\t \r\n\t\t\t<div class=\"card card-download\">\r\n\t\t\t\t<div class=\"card-media\"><a class=\"card-image\" target=\"_blank\" href=\"\"><img loading=\"lazy\" decoding=\"async\" width=\"1400\" height=\"980\" src=\"https:\/\/huehoco.com\/wp-content\/uploads\/broschuere_gummibschichtung_de.jpg\" class=\"attachment-post-thumbnail size-post-thumbnail wp-post-image\" alt=\"\" srcset=\"https:\/\/huehoco.com\/wp-content\/uploads\/broschuere_gummibschichtung_de.jpg 1400w, https:\/\/huehoco.com\/wp-content\/uploads\/broschuere_gummibschichtung_de-300x210.jpg 300w, https:\/\/huehoco.com\/wp-content\/uploads\/broschuere_gummibschichtung_de-1024x717.jpg 1024w, https:\/\/huehoco.com\/wp-content\/uploads\/broschuere_gummibschichtung_de-768x538.jpg 768w, https:\/\/huehoco.com\/wp-content\/uploads\/broschuere_gummibschichtung_de-107x75.jpg 107w, https:\/\/huehoco.com\/wp-content\/uploads\/broschuere_gummibschichtung_de-171x120.jpg 171w\" sizes=\"auto, (max-width: 1400px) 100vw, 1400px\" \/><\/a><\/div>\t\t\t\t<div class=\"card-content\">\r\n\t\t\t\t\t<div class=\"card-inner\">\r\n\t\t\t\t\t\t<a class=\"card-headline headline is-h4\" target=\"_blank\" href=\"\">Extrusi\u00f3n de caucho Alem\u00e1n<\/a>\t\t\t\t\t<\/div>\r\n\r\n\t\t\t\t\t<div class=\"card-action\"><a target=\"_blank\" class=\"card-link gb-button gb-button-arrowonly-light-blue\" href=\"\"><span class=\"gb-button-text\">Download<\/span><\/a><\/div>\t\t\t\t<\/div>\r\n\t\t\t<\/div>\r\n\t\t\t\t\t\t\t\t<\/div>\n\t\t\t\t\t\t\t\t\t\t\t<div class=\"grid-item\">\n\t\t\t\t\t\t\t \r\n\t\t\t<div class=\"card card-download\">\r\n\t\t\t\t<div class=\"card-media\"><a class=\"card-image\" target=\"_blank\" href=\"\"><img loading=\"lazy\" decoding=\"async\" width=\"1400\" height=\"980\" src=\"https:\/\/huehoco.com\/wp-content\/uploads\/broschuere_gummibschichtung_en.jpg\" class=\"attachment-post-thumbnail size-post-thumbnail wp-post-image\" alt=\"\" srcset=\"https:\/\/huehoco.com\/wp-content\/uploads\/broschuere_gummibschichtung_en.jpg 1400w, https:\/\/huehoco.com\/wp-content\/uploads\/broschuere_gummibschichtung_en-300x210.jpg 300w, https:\/\/huehoco.com\/wp-content\/uploads\/broschuere_gummibschichtung_en-1024x717.jpg 1024w, https:\/\/huehoco.com\/wp-content\/uploads\/broschuere_gummibschichtung_en-768x538.jpg 768w, https:\/\/huehoco.com\/wp-content\/uploads\/broschuere_gummibschichtung_en-107x75.jpg 107w, https:\/\/huehoco.com\/wp-content\/uploads\/broschuere_gummibschichtung_en-171x120.jpg 171w\" sizes=\"auto, (max-width: 1400px) 100vw, 1400px\" \/><\/a><\/div>\t\t\t\t<div class=\"card-content\">\r\n\t\t\t\t\t<div class=\"card-inner\">\r\n\t\t\t\t\t\t<a class=\"card-headline headline is-h4\" target=\"_blank\" href=\"\">Extrusi\u00f3n de caucho Ingl\u00e9s<\/a>\t\t\t\t\t<\/div>\r\n\r\n\t\t\t\t\t<div class=\"card-action\"><a target=\"_blank\" class=\"card-link gb-button gb-button-arrowonly-light-blue\" href=\"\"><span class=\"gb-button-text\">Download<\/span><\/a><\/div>\t\t\t\t<\/div>\r\n\t\t\t<\/div>\r\n\t\t\t\t\t\t\t\t<\/div>\n\t\t\t\t\t\t\t\t\t\t\t<div class=\"grid-item\">\n\t\t\t\t\t\t\t \r\n\t\t\t<div class=\"card card-download\">\r\n\t\t\t\t<div class=\"card-media\"><a class=\"card-image\" target=\"_blank\" href=\"https:\/\/huehoco.com\/wp-content\/uploads\/huehoco_imagefolder_de.pdf\"><img loading=\"lazy\" decoding=\"async\" width=\"1400\" height=\"980\" src=\"https:\/\/huehoco.com\/wp-content\/uploads\/broschuere_image_dten.jpg\" class=\"attachment-post-thumbnail size-post-thumbnail wp-post-image\" alt=\"\" srcset=\"https:\/\/huehoco.com\/wp-content\/uploads\/broschuere_image_dten.jpg 1400w, https:\/\/huehoco.com\/wp-content\/uploads\/broschuere_image_dten-300x210.jpg 300w, https:\/\/huehoco.com\/wp-content\/uploads\/broschuere_image_dten-1024x717.jpg 1024w, https:\/\/huehoco.com\/wp-content\/uploads\/broschuere_image_dten-768x538.jpg 768w, https:\/\/huehoco.com\/wp-content\/uploads\/broschuere_image_dten-107x75.jpg 107w, https:\/\/huehoco.com\/wp-content\/uploads\/broschuere_image_dten-171x120.jpg 171w\" sizes=\"auto, (max-width: 1400px) 100vw, 1400px\" \/><\/a><\/div>\t\t\t\t<div class=\"card-content\">\r\n\t\t\t\t\t<div class=\"card-inner\">\r\n\t\t\t\t\t\t<a class=\"card-headline headline is-h4\" target=\"_blank\" href=\"https:\/\/huehoco.com\/wp-content\/uploads\/huehoco_imagefolder_de.pdf\">Folleto de imagen Alem\u00e1n<\/a>\t\t\t\t\t<\/div>\r\n\r\n\t\t\t\t\t<div class=\"card-action\"><a target=\"_blank\" class=\"card-link gb-button gb-button-arrowonly-light-blue\" href=\"https:\/\/huehoco.com\/wp-content\/uploads\/huehoco_imagefolder_de.pdf\"><span class=\"gb-button-text\">Download<\/span><\/a><\/div>\t\t\t\t<\/div>\r\n\t\t\t<\/div>\r\n\t\t\t\t\t\t\t\t<\/div>\n\t\t\t\t\t\t\t\t\t\t\t<div class=\"grid-item\">\n\t\t\t\t\t\t\t \r\n\t\t\t<div class=\"card card-download\">\r\n\t\t\t\t<div class=\"card-media\"><a class=\"card-image\" target=\"_blank\" href=\"https:\/\/huehoco.com\/wp-content\/uploads\/huehoco_imagefolder_en.pdf\"><img loading=\"lazy\" decoding=\"async\" width=\"1400\" height=\"980\" src=\"https:\/\/huehoco.com\/wp-content\/uploads\/broschuere_image_dten.jpg\" class=\"attachment-post-thumbnail size-post-thumbnail wp-post-image\" alt=\"\" srcset=\"https:\/\/huehoco.com\/wp-content\/uploads\/broschuere_image_dten.jpg 1400w, https:\/\/huehoco.com\/wp-content\/uploads\/broschuere_image_dten-300x210.jpg 300w, https:\/\/huehoco.com\/wp-content\/uploads\/broschuere_image_dten-1024x717.jpg 1024w, https:\/\/huehoco.com\/wp-content\/uploads\/broschuere_image_dten-768x538.jpg 768w, https:\/\/huehoco.com\/wp-content\/uploads\/broschuere_image_dten-107x75.jpg 107w, https:\/\/huehoco.com\/wp-content\/uploads\/broschuere_image_dten-171x120.jpg 171w\" sizes=\"auto, (max-width: 1400px) 100vw, 1400px\" \/><\/a><\/div>\t\t\t\t<div class=\"card-content\">\r\n\t\t\t\t\t<div class=\"card-inner\">\r\n\t\t\t\t\t\t<a class=\"card-headline headline is-h4\" target=\"_blank\" href=\"https:\/\/huehoco.com\/wp-content\/uploads\/huehoco_imagefolder_en.pdf\">Image brochure Espa\u00f1ol<\/a>\t\t\t\t\t<\/div>\r\n\r\n\t\t\t\t\t<div class=\"card-action\"><a target=\"_blank\" class=\"card-link gb-button gb-button-arrowonly-light-blue\" href=\"https:\/\/huehoco.com\/wp-content\/uploads\/huehoco_imagefolder_en.pdf\"><span class=\"gb-button-text\">Download<\/span><\/a><\/div>\t\t\t\t<\/div>\r\n\t\t\t<\/div>\r\n\t\t\t\t\t\t\t\t<\/div>\n\t\t\t\t\t\t\t\t\t<\/div>\n            <\/div>\n\t\t\t\n\t\t\t\t\t\t\t\n\t\t\t\n            <!-- end:grid -->\n        \n            \n<\/div><\/div>\n<\/div>\n<\/div>\n<\/section>","protected":false},"excerpt":{"rendered":"","protected":false},"author":1,"featured_media":0,"parent":9068,"menu_order":1,"comment_status":"closed","ping_status":"closed","template":"","meta":{"_acf_changed":false,"footnotes":""},"class_list":["post-9133","page","type-page","status-publish"],"acf":[],"yoast_head":"<!-- This site is optimized with the Yoast SEO plugin v27.2 - https:\/\/yoast.com\/product\/yoast-seo-wordpress\/ -->\n<title>Zona de descarga: Folletos informativos de HUEHOCO GmbH<\/title>\n<meta name=\"description\" content=\"Descubra informaci\u00f3n detallada sobre nosotros. Aqu\u00ed encontrar\u00e1 folletos en alem\u00e1n e ingl\u00e9s para descargar \u25b6 Ver ahora\" \/>\n<meta name=\"robots\" content=\"index, follow, max-snippet:-1, max-image-preview:large, max-video-preview:-1\" \/>\n<link rel=\"canonical\" href=\"https:\/\/huehoco.com\/es\/descargas\/folletos\/\" \/>\n<meta property=\"og:locale\" content=\"es_ES\" \/>\n<meta property=\"og:type\" content=\"article\" \/>\n<meta property=\"og:title\" content=\"Zona de descarga: Folletos informativos de HUEHOCO GmbH\" \/>\n<meta property=\"og:description\" content=\"Descubra informaci\u00f3n detallada sobre nosotros. Aqu\u00ed encontrar\u00e1 folletos en alem\u00e1n e ingl\u00e9s para descargar \u25b6 Ver ahora\" \/>\n<meta property=\"og:url\" content=\"https:\/\/huehoco.com\/es\/descargas\/folletos\/\" \/>\n<meta property=\"og:site_name\" content=\"HUEHOCO GmbH\" \/>\n<meta property=\"article:modified_time\" content=\"2023-10-16T09:06:21+00:00\" \/>\n<meta name=\"twitter:card\" content=\"summary_large_image\" \/>\n<meta name=\"twitter:label1\" content=\"Tiempo de lectura\" \/>\n\t<meta name=\"twitter:data1\" content=\"1 minuto\" \/>\n<script type=\"application\/ld+json\" class=\"yoast-schema-graph\">{\"@context\":\"https:\/\/schema.org\",\"@graph\":[{\"@type\":\"WebPage\",\"@id\":\"https:\/\/huehoco.com\/es\/descargas\/folletos\/\",\"url\":\"https:\/\/huehoco.com\/es\/descargas\/folletos\/\",\"name\":\"Zona de descarga: Folletos informativos de HUEHOCO GmbH\",\"isPartOf\":{\"@id\":\"https:\/\/huehoco.com\/es\/#website\"},\"datePublished\":\"2023-04-06T12:28:21+00:00\",\"dateModified\":\"2023-10-16T09:06:21+00:00\",\"description\":\"Descubra informaci\u00f3n detallada sobre nosotros. Aqu\u00ed encontrar\u00e1 folletos en alem\u00e1n e ingl\u00e9s para descargar \u25b6 Ver ahora\",\"breadcrumb\":{\"@id\":\"https:\/\/huehoco.com\/es\/descargas\/folletos\/#breadcrumb\"},\"inLanguage\":\"es\",\"potentialAction\":[{\"@type\":\"ReadAction\",\"target\":[\"https:\/\/huehoco.com\/es\/descargas\/folletos\/\"]}]},{\"@type\":\"BreadcrumbList\",\"@id\":\"https:\/\/huehoco.com\/es\/descargas\/folletos\/#breadcrumb\",\"itemListElement\":[{\"@type\":\"ListItem\",\"position\":1,\"name\":\"Startseite\",\"item\":\"https:\/\/huehoco.com\/es\/\"},{\"@type\":\"ListItem\",\"position\":2,\"name\":\"Privat: Descargas\",\"item\":\"https:\/\/huehoco.com\/es\/?page_id=617\"},{\"@type\":\"ListItem\",\"position\":3,\"name\":\"Folletos\"}]},{\"@type\":\"WebSite\",\"@id\":\"https:\/\/huehoco.com\/es\/#website\",\"url\":\"https:\/\/huehoco.com\/es\/\",\"name\":\"HUEHOCO GmbH\",\"description\":\"\",\"publisher\":{\"@id\":\"https:\/\/huehoco.com\/es\/#organization\"},\"potentialAction\":[{\"@type\":\"SearchAction\",\"target\":{\"@type\":\"EntryPoint\",\"urlTemplate\":\"https:\/\/huehoco.com\/es\/?s={search_term_string}\"},\"query-input\":{\"@type\":\"PropertyValueSpecification\",\"valueRequired\":true,\"valueName\":\"search_term_string\"}}],\"inLanguage\":\"es\"},{\"@type\":\"Organization\",\"@id\":\"https:\/\/huehoco.com\/es\/#organization\",\"name\":\"HUEHOCO GmbH\",\"url\":\"https:\/\/huehoco.com\/es\/\",\"logo\":{\"@type\":\"ImageObject\",\"inLanguage\":\"es\",\"@id\":\"https:\/\/huehoco.com\/es\/#\/schema\/logo\/image\/\",\"url\":\"https:\/\/huehoco.com\/wp-content\/uploads\/huehoho-group.png\",\"contentUrl\":\"https:\/\/huehoco.com\/wp-content\/uploads\/huehoho-group.png\",\"width\":1232,\"height\":285,\"caption\":\"HUEHOCO GmbH\"},\"image\":{\"@id\":\"https:\/\/huehoco.com\/es\/#\/schema\/logo\/image\/\"}}]}<\/script>\n<!-- \/ Yoast SEO plugin. -->","yoast_head_json":{"title":"Zona de descarga: Folletos informativos de HUEHOCO GmbH","description":"Descubra informaci\u00f3n detallada sobre nosotros. Aqu\u00ed encontrar\u00e1 folletos en alem\u00e1n e ingl\u00e9s para descargar \u25b6 Ver ahora","robots":{"index":"index","follow":"follow","max-snippet":"max-snippet:-1","max-image-preview":"max-image-preview:large","max-video-preview":"max-video-preview:-1"},"canonical":"https:\/\/huehoco.com\/es\/descargas\/folletos\/","og_locale":"es_ES","og_type":"article","og_title":"Zona de descarga: Folletos informativos de HUEHOCO GmbH","og_description":"Descubra informaci\u00f3n detallada sobre nosotros. Aqu\u00ed encontrar\u00e1 folletos en alem\u00e1n e ingl\u00e9s para descargar \u25b6 Ver ahora","og_url":"https:\/\/huehoco.com\/es\/descargas\/folletos\/","og_site_name":"HUEHOCO GmbH","article_modified_time":"2023-10-16T09:06:21+00:00","twitter_card":"summary_large_image","twitter_misc":{"Tiempo de lectura":"1 minuto"},"schema":{"@context":"https:\/\/schema.org","@graph":[{"@type":"WebPage","@id":"https:\/\/huehoco.com\/es\/descargas\/folletos\/","url":"https:\/\/huehoco.com\/es\/descargas\/folletos\/","name":"Zona de descarga: Folletos informativos de HUEHOCO GmbH","isPartOf":{"@id":"https:\/\/huehoco.com\/es\/#website"},"datePublished":"2023-04-06T12:28:21+00:00","dateModified":"2023-10-16T09:06:21+00:00","description":"Descubra informaci\u00f3n detallada sobre nosotros. Aqu\u00ed encontrar\u00e1 folletos en alem\u00e1n e ingl\u00e9s para descargar \u25b6 Ver ahora","breadcrumb":{"@id":"https:\/\/huehoco.com\/es\/descargas\/folletos\/#breadcrumb"},"inLanguage":"es","potentialAction":[{"@type":"ReadAction","target":["https:\/\/huehoco.com\/es\/descargas\/folletos\/"]}]},{"@type":"BreadcrumbList","@id":"https:\/\/huehoco.com\/es\/descargas\/folletos\/#breadcrumb","itemListElement":[{"@type":"ListItem","position":1,"name":"Startseite","item":"https:\/\/huehoco.com\/es\/"},{"@type":"ListItem","position":2,"name":"Privat: Descargas","item":"https:\/\/huehoco.com\/es\/?page_id=617"},{"@type":"ListItem","position":3,"name":"Folletos"}]},{"@type":"WebSite","@id":"https:\/\/huehoco.com\/es\/#website","url":"https:\/\/huehoco.com\/es\/","name":"HUEHOCO GmbH","description":"","publisher":{"@id":"https:\/\/huehoco.com\/es\/#organization"},"potentialAction":[{"@type":"SearchAction","target":{"@type":"EntryPoint","urlTemplate":"https:\/\/huehoco.com\/es\/?s={search_term_string}"},"query-input":{"@type":"PropertyValueSpecification","valueRequired":true,"valueName":"search_term_string"}}],"inLanguage":"es"},{"@type":"Organization","@id":"https:\/\/huehoco.com\/es\/#organization","name":"HUEHOCO GmbH","url":"https:\/\/huehoco.com\/es\/","logo":{"@type":"ImageObject","inLanguage":"es","@id":"https:\/\/huehoco.com\/es\/#\/schema\/logo\/image\/","url":"https:\/\/huehoco.com\/wp-content\/uploads\/huehoho-group.png","contentUrl":"https:\/\/huehoco.com\/wp-content\/uploads\/huehoho-group.png","width":1232,"height":285,"caption":"HUEHOCO GmbH"},"image":{"@id":"https:\/\/huehoco.com\/es\/#\/schema\/logo\/image\/"}}]}},"_links":{"self":[{"href":"https:\/\/huehoco.com\/es\/wp-json\/wp\/v2\/pages\/9133","targetHints":{"allow":["GET"]}}],"collection":[{"href":"https:\/\/huehoco.com\/es\/wp-json\/wp\/v2\/pages"}],"about":[{"href":"https:\/\/huehoco.com\/es\/wp-json\/wp\/v2\/types\/page"}],"author":[{"embeddable":true,"href":"https:\/\/huehoco.com\/es\/wp-json\/wp\/v2\/users\/1"}],"replies":[{"embeddable":true,"href":"https:\/\/huehoco.com\/es\/wp-json\/wp\/v2\/comments?post=9133"}],"version-history":[{"count":0,"href":"https:\/\/huehoco.com\/es\/wp-json\/wp\/v2\/pages\/9133\/revisions"}],"up":[{"embeddable":true,"href":"https:\/\/huehoco.com\/es\/wp-json\/wp\/v2\/pages\/9068"}],"wp:attachment":[{"href":"https:\/\/huehoco.com\/es\/wp-json\/wp\/v2\/media?parent=9133"}],"curies":[{"name":"wp","href":"https:\/\/api.w.org\/{rel}","templated":true}]}}